{"id":5261,"date":"2025-04-25T13:01:01","date_gmt":"2025-04-25T10:01:01","guid":{"rendered":"https:\/\/birdsflowers.md\/product\/51-belaya-roza-mondial-80-cm\/"},"modified":"2025-05-07T14:41:14","modified_gmt":"2025-05-07T11:41:14","slug":"51-belaya-roza-mondial-80-cm","status":"publish","type":"product","link":"https:\/\/birdsflowers.md\/ro\/product\/51-belaya-roza-mondial-80-cm\/","title":{"rendered":"51 de trandafiri albi Mondial 80 cm"},"content":{"rendered":"","protected":false},"excerpt":{"rendered":"<p class=\"\" data-start=\"594\" data-end=\"853\">P\u0103trunde\u021bi \u00eentr-o lume de rafinament \u0219i elegan\u021b\u0103 cu acest buchet luxos din 51 de trandafiri albi Mondial. Fiecare trandafir, cu bobocii s\u0103i mari \u0219i compac\u021bi \u0219i parfumul delicat, aproape imperceptibil, simbolizeaz\u0103 puritatea, sinceritatea \u0219i frumuse\u021bea etern\u0103.<\/p>\r\n<p class=\"\" data-start=\"855\" data-end=\"1191\">Acest buchet este \u00eentruchiparea elegan\u021bei, fiind perfect pentru cele mai importante momente din via\u021b\u0103: nun\u021bi, anivers\u0103ri, declara\u021bii de dragoste sau recuno\u0219tin\u021b\u0103. Trandafirii albi Mondial sunt cunoscu\u021bi pentru rezisten\u021ba \u0219i durabilitatea lor, permi\u021b\u00e2ndu-v\u0103 s\u0103 v\u0103 bucura\u021bi de frumuse\u021bea \u0219i parfumul lor mult timp dup\u0103 ce au fost oferiti.<\/p>","protected":false},"featured_media":5259,"comment_status":"open","ping_status":"closed","template":"","meta":{"_acf_changed":false},"product_brand":[],"product_cat":[362,120,301,264,506,123,277],"product_tag":[],"class_list":{"0":"post-5261","1":"product","2":"type-product","3":"status-publish","4":"has-post-thumbnail","6":"product_cat-trandafiri-51","7":"product_cat-flori","8":"product_cat-flori-femei","9":"product_cat-flori-8-martie","10":"product_cat-flori-la-multi-ani","11":"product_cat-trandafiri","12":"product_cat-albi","14":"first","15":"instock","16":"shipping-taxable","17":"purchasable","18":"product-type-simple"},"acf":[],"yoast_head":"<!-- This site is optimized with the Yoast SEO plugin v26.8 - https:\/\/yoast.com\/product\/yoast-seo-wordpress\/ -->\n<title>51 de trandafiri albi Mondial 80 cm - \u043a\u0443\u043f\u0438\u0442\u044c \u043e\u043d\u043b\u0430\u0439\u043d \u0432 \u041a\u0438\u0448\u0438\u043d\u0435\u0432\u0435, \u041c\u043e\u043b\u0434\u043e\u0432\u0430 | BirdsFlowers<\/title>\n<meta name=\"description\" content=\"\u042d\u043a\u0441\u043a\u043b\u044e\u0437\u0438\u0432\u043d\u044b\u0439 \u0438 \u044f\u0440\u043a\u0438\u0439 51 de trandafiri albi Mondial 80 cm \u043e\u0442 BirdsFlowers \u0434\u043b\u044f \u043b\u044e\u0431\u043e\u0433\u043e \u0441\u043b\u0443\u0447\u0430\u044f! \ud83c\udf38 \u0414\u043e\u0441\u0442\u0430\u0432\u043a\u0430 \u043f\u043e \u0432\u0441\u0435\u0439 \u041c\u043e\u043b\u0434\u043e\u0432\u0435 \u043a\u0440\u0443\u0433\u043b\u043e\u0441\u0443\u0442\u043e\u0447\u043d\u043e 24\/7 \ud83c\udf1f \u0421\u0432\u0435\u0436\u0435\u0441\u0442\u044c, \u043a\u0430\u0447\u0435\u0441\u0442\u0432\u043e \u0438 \u0431\u044b\u0441\u0442\u0440\u0430\u044f \u0434\u043e\u0441\u0442\u0430\u0432\u043a\u0430! \u260e +373 79 540 540\" \/>\n<meta name=\"robots\" content=\"index, follow, max-snippet:-1, max-image-preview:large, max-video-preview:-1\" \/>\n<link rel=\"canonical\" href=\"https:\/\/birdsflowers.md\/ro\/product\/51-belaya-roza-mondial-80-cm\/\" \/>\n<meta property=\"og:locale\" content=\"ro_RO\" \/>\n<meta property=\"og:type\" content=\"article\" \/>\n<meta property=\"og:title\" content=\"51 de trandafiri albi Mondial 80 cm - \u043a\u0443\u043f\u0438\u0442\u044c \u043e\u043d\u043b\u0430\u0439\u043d \u0432 \u041a\u0438\u0448\u0438\u043d\u0435\u0432\u0435, \u041c\u043e\u043b\u0434\u043e\u0432\u0430 | BirdsFlowers\" \/>\n<meta property=\"og:description\" content=\"\u042d\u043a\u0441\u043a\u043b\u044e\u0437\u0438\u0432\u043d\u044b\u0439 \u0438 \u044f\u0440\u043a\u0438\u0439 51 de trandafiri albi Mondial 80 cm \u043e\u0442 BirdsFlowers \u0434\u043b\u044f \u043b\u044e\u0431\u043e\u0433\u043e \u0441\u043b\u0443\u0447\u0430\u044f! \ud83c\udf38 \u0414\u043e\u0441\u0442\u0430\u0432\u043a\u0430 \u043f\u043e \u0432\u0441\u0435\u0439 \u041c\u043e\u043b\u0434\u043e\u0432\u0435 \u043a\u0440\u0443\u0433\u043b\u043e\u0441\u0443\u0442\u043e\u0447\u043d\u043e 24\/7 \ud83c\udf1f \u0421\u0432\u0435\u0436\u0435\u0441\u0442\u044c, \u043a\u0430\u0447\u0435\u0441\u0442\u0432\u043e \u0438 \u0431\u044b\u0441\u0442\u0440\u0430\u044f \u0434\u043e\u0441\u0442\u0430\u0432\u043a\u0430! \u260e +373 79 540 540\" \/>\n<meta property=\"og:url\" content=\"https:\/\/birdsflowers.md\/ro\/product\/51-belaya-roza-mondial-80-cm\/\" \/>\n<meta property=\"og:site_name\" content=\"Birds&amp;Flowers\" \/>\n<meta property=\"article:modified_time\" content=\"2025-05-07T11:41:14+00:00\" \/>\n<meta property=\"og:image\" content=\"https:\/\/birdsflowers.md\/wp-content\/uploads\/2025\/04\/5282755941416165898_11.jpg\" \/>\n\t<meta property=\"og:image:width\" content=\"677\" \/>\n\t<meta property=\"og:image:height\" content=\"677\" \/>\n\t<meta property=\"og:image:type\" content=\"image\/jpeg\" \/>\n<meta name=\"twitter:card\" content=\"summary_large_image\" \/>\n<meta name=\"twitter:label1\" content=\"Timp estimat pentru citire\" \/>\n\t<meta name=\"twitter:data1\" content=\"1 minut\" \/>\n<script type=\"application\/ld+json\" class=\"yoast-schema-graph\">{\"@context\":\"https:\/\/schema.org\",\"@graph\":[{\"@type\":[\"WebPage\",\"ItemPage\"],\"@id\":\"https:\/\/birdsflowers.md\/ro\/product\/51-belaya-roza-mondial-80-cm\/\",\"url\":\"https:\/\/birdsflowers.md\/ro\/product\/51-belaya-roza-mondial-80-cm\/\",\"name\":\"51 de trandafiri albi Mondial 80 cm - \u043a\u0443\u043f\u0438\u0442\u044c \u043e\u043d\u043b\u0430\u0439\u043d \u0432 \u041a\u0438\u0448\u0438\u043d\u0435\u0432\u0435, \u041c\u043e\u043b\u0434\u043e\u0432\u0430 | BirdsFlowers\",\"isPartOf\":{\"@id\":\"https:\/\/birdsflowers.md\/ro\/#website\"},\"primaryImageOfPage\":{\"@id\":\"https:\/\/birdsflowers.md\/ro\/product\/51-belaya-roza-mondial-80-cm\/#primaryimage\"},\"image\":{\"@id\":\"https:\/\/birdsflowers.md\/ro\/product\/51-belaya-roza-mondial-80-cm\/#primaryimage\"},\"thumbnailUrl\":\"https:\/\/birdsflowers.md\/wp-content\/uploads\/2025\/04\/5282755941416165898_11.jpg\",\"datePublished\":\"2025-04-25T10:01:01+00:00\",\"dateModified\":\"2025-05-07T11:41:14+00:00\",\"description\":\"\u042d\u043a\u0441\u043a\u043b\u044e\u0437\u0438\u0432\u043d\u044b\u0439 \u0438 \u044f\u0440\u043a\u0438\u0439 51 de trandafiri albi Mondial 80 cm \u043e\u0442 BirdsFlowers \u0434\u043b\u044f \u043b\u044e\u0431\u043e\u0433\u043e \u0441\u043b\u0443\u0447\u0430\u044f! \ud83c\udf38 \u0414\u043e\u0441\u0442\u0430\u0432\u043a\u0430 \u043f\u043e \u0432\u0441\u0435\u0439 \u041c\u043e\u043b\u0434\u043e\u0432\u0435 \u043a\u0440\u0443\u0433\u043b\u043e\u0441\u0443\u0442\u043e\u0447\u043d\u043e 24\/7 \ud83c\udf1f \u0421\u0432\u0435\u0436\u0435\u0441\u0442\u044c, \u043a\u0430\u0447\u0435\u0441\u0442\u0432\u043e \u0438 \u0431\u044b\u0441\u0442\u0440\u0430\u044f \u0434\u043e\u0441\u0442\u0430\u0432\u043a\u0430! \u260e +373 79 540 540\",\"breadcrumb\":{\"@id\":\"https:\/\/birdsflowers.md\/ro\/product\/51-belaya-roza-mondial-80-cm\/#breadcrumb\"},\"inLanguage\":\"ro-RO\",\"potentialAction\":[{\"@type\":\"ReadAction\",\"target\":[\"https:\/\/birdsflowers.md\/ro\/product\/51-belaya-roza-mondial-80-cm\/\"]}]},{\"@type\":\"ImageObject\",\"inLanguage\":\"ro-RO\",\"@id\":\"https:\/\/birdsflowers.md\/ro\/product\/51-belaya-roza-mondial-80-cm\/#primaryimage\",\"url\":\"https:\/\/birdsflowers.md\/wp-content\/uploads\/2025\/04\/5282755941416165898_11.jpg\",\"contentUrl\":\"https:\/\/birdsflowers.md\/wp-content\/uploads\/2025\/04\/5282755941416165898_11.jpg\",\"width\":677,\"height\":677},{\"@type\":\"BreadcrumbList\",\"@id\":\"https:\/\/birdsflowers.md\/ro\/product\/51-belaya-roza-mondial-80-cm\/#breadcrumb\",\"itemListElement\":[{\"@type\":\"ListItem\",\"position\":1,\"name\":\"\u0413\u043b\u0430\u0432\u043d\u0430\u044f \u0441\u0442\u0440\u0430\u043d\u0438\u0446\u0430\",\"item\":\"https:\/\/birdsflowers.md\/ro\/\"},{\"@type\":\"ListItem\",\"position\":2,\"name\":\"\u041c\u0430\u0433\u0430\u0437\u0438\u043d\",\"item\":\"https:\/\/birdsflowers.md\/en\/shop\/\"},{\"@type\":\"ListItem\",\"position\":3,\"name\":\"51 de trandafiri albi Mondial 80 cm\"}]},{\"@type\":\"WebSite\",\"@id\":\"https:\/\/birdsflowers.md\/ro\/#website\",\"url\":\"https:\/\/birdsflowers.md\/ro\/\",\"name\":\"Birds Flowers\",\"description\":\"\",\"potentialAction\":[{\"@type\":\"SearchAction\",\"target\":{\"@type\":\"EntryPoint\",\"urlTemplate\":\"https:\/\/birdsflowers.md\/ro\/?s={search_term_string}\"},\"query-input\":{\"@type\":\"PropertyValueSpecification\",\"valueRequired\":true,\"valueName\":\"search_term_string\"}}],\"inLanguage\":\"ro-RO\"}]}<\/script>\n<!-- \/ Yoast SEO plugin. -->","yoast_head_json":{"title":"51 de trandafiri albi Mondial 80 cm - \u043a\u0443\u043f\u0438\u0442\u044c \u043e\u043d\u043b\u0430\u0439\u043d \u0432 \u041a\u0438\u0448\u0438\u043d\u0435\u0432\u0435, \u041c\u043e\u043b\u0434\u043e\u0432\u0430 | BirdsFlowers","description":"\u042d\u043a\u0441\u043a\u043b\u044e\u0437\u0438\u0432\u043d\u044b\u0439 \u0438 \u044f\u0440\u043a\u0438\u0439 51 de trandafiri albi Mondial 80 cm \u043e\u0442 BirdsFlowers \u0434\u043b\u044f \u043b\u044e\u0431\u043e\u0433\u043e \u0441\u043b\u0443\u0447\u0430\u044f! \ud83c\udf38 \u0414\u043e\u0441\u0442\u0430\u0432\u043a\u0430 \u043f\u043e \u0432\u0441\u0435\u0439 \u041c\u043e\u043b\u0434\u043e\u0432\u0435 \u043a\u0440\u0443\u0433\u043b\u043e\u0441\u0443\u0442\u043e\u0447\u043d\u043e 24\/7 \ud83c\udf1f \u0421\u0432\u0435\u0436\u0435\u0441\u0442\u044c, \u043a\u0430\u0447\u0435\u0441\u0442\u0432\u043e \u0438 \u0431\u044b\u0441\u0442\u0440\u0430\u044f \u0434\u043e\u0441\u0442\u0430\u0432\u043a\u0430! \u260e +373 79 540 540","robots":{"index":"index","follow":"follow","max-snippet":"max-snippet:-1","max-image-preview":"max-image-preview:large","max-video-preview":"max-video-preview:-1"},"canonical":"https:\/\/birdsflowers.md\/ro\/product\/51-belaya-roza-mondial-80-cm\/","og_locale":"ro_RO","og_type":"article","og_title":"51 de trandafiri albi Mondial 80 cm - \u043a\u0443\u043f\u0438\u0442\u044c \u043e\u043d\u043b\u0430\u0439\u043d \u0432 \u041a\u0438\u0448\u0438\u043d\u0435\u0432\u0435, \u041c\u043e\u043b\u0434\u043e\u0432\u0430 | BirdsFlowers","og_description":"\u042d\u043a\u0441\u043a\u043b\u044e\u0437\u0438\u0432\u043d\u044b\u0439 \u0438 \u044f\u0440\u043a\u0438\u0439 51 de trandafiri albi Mondial 80 cm \u043e\u0442 BirdsFlowers \u0434\u043b\u044f \u043b\u044e\u0431\u043e\u0433\u043e \u0441\u043b\u0443\u0447\u0430\u044f! \ud83c\udf38 \u0414\u043e\u0441\u0442\u0430\u0432\u043a\u0430 \u043f\u043e \u0432\u0441\u0435\u0439 \u041c\u043e\u043b\u0434\u043e\u0432\u0435 \u043a\u0440\u0443\u0433\u043b\u043e\u0441\u0443\u0442\u043e\u0447\u043d\u043e 24\/7 \ud83c\udf1f \u0421\u0432\u0435\u0436\u0435\u0441\u0442\u044c, \u043a\u0430\u0447\u0435\u0441\u0442\u0432\u043e \u0438 \u0431\u044b\u0441\u0442\u0440\u0430\u044f \u0434\u043e\u0441\u0442\u0430\u0432\u043a\u0430! \u260e +373 79 540 540","og_url":"https:\/\/birdsflowers.md\/ro\/product\/51-belaya-roza-mondial-80-cm\/","og_site_name":"Birds&amp;Flowers","article_modified_time":"2025-05-07T11:41:14+00:00","og_image":[{"width":677,"height":677,"url":"https:\/\/birdsflowers.md\/wp-content\/uploads\/2025\/04\/5282755941416165898_11.jpg","type":"image\/jpeg"}],"twitter_card":"summary_large_image","twitter_misc":{"Timp estimat pentru citire":"1 minut"},"schema":{"@context":"https:\/\/schema.org","@graph":[{"@type":["WebPage","ItemPage"],"@id":"https:\/\/birdsflowers.md\/ro\/product\/51-belaya-roza-mondial-80-cm\/","url":"https:\/\/birdsflowers.md\/ro\/product\/51-belaya-roza-mondial-80-cm\/","name":"51 de trandafiri albi Mondial 80 cm - \u043a\u0443\u043f\u0438\u0442\u044c \u043e\u043d\u043b\u0430\u0439\u043d \u0432 \u041a\u0438\u0448\u0438\u043d\u0435\u0432\u0435, \u041c\u043e\u043b\u0434\u043e\u0432\u0430 | BirdsFlowers","isPartOf":{"@id":"https:\/\/birdsflowers.md\/ro\/#website"},"primaryImageOfPage":{"@id":"https:\/\/birdsflowers.md\/ro\/product\/51-belaya-roza-mondial-80-cm\/#primaryimage"},"image":{"@id":"https:\/\/birdsflowers.md\/ro\/product\/51-belaya-roza-mondial-80-cm\/#primaryimage"},"thumbnailUrl":"https:\/\/birdsflowers.md\/wp-content\/uploads\/2025\/04\/5282755941416165898_11.jpg","datePublished":"2025-04-25T10:01:01+00:00","dateModified":"2025-05-07T11:41:14+00:00","description":"\u042d\u043a\u0441\u043a\u043b\u044e\u0437\u0438\u0432\u043d\u044b\u0439 \u0438 \u044f\u0440\u043a\u0438\u0439 51 de trandafiri albi Mondial 80 cm \u043e\u0442 BirdsFlowers \u0434\u043b\u044f \u043b\u044e\u0431\u043e\u0433\u043e \u0441\u043b\u0443\u0447\u0430\u044f! \ud83c\udf38 \u0414\u043e\u0441\u0442\u0430\u0432\u043a\u0430 \u043f\u043e \u0432\u0441\u0435\u0439 \u041c\u043e\u043b\u0434\u043e\u0432\u0435 \u043a\u0440\u0443\u0433\u043b\u043e\u0441\u0443\u0442\u043e\u0447\u043d\u043e 24\/7 \ud83c\udf1f \u0421\u0432\u0435\u0436\u0435\u0441\u0442\u044c, \u043a\u0430\u0447\u0435\u0441\u0442\u0432\u043e \u0438 \u0431\u044b\u0441\u0442\u0440\u0430\u044f \u0434\u043e\u0441\u0442\u0430\u0432\u043a\u0430! \u260e +373 79 540 540","breadcrumb":{"@id":"https:\/\/birdsflowers.md\/ro\/product\/51-belaya-roza-mondial-80-cm\/#breadcrumb"},"inLanguage":"ro-RO","potentialAction":[{"@type":"ReadAction","target":["https:\/\/birdsflowers.md\/ro\/product\/51-belaya-roza-mondial-80-cm\/"]}]},{"@type":"ImageObject","inLanguage":"ro-RO","@id":"https:\/\/birdsflowers.md\/ro\/product\/51-belaya-roza-mondial-80-cm\/#primaryimage","url":"https:\/\/birdsflowers.md\/wp-content\/uploads\/2025\/04\/5282755941416165898_11.jpg","contentUrl":"https:\/\/birdsflowers.md\/wp-content\/uploads\/2025\/04\/5282755941416165898_11.jpg","width":677,"height":677},{"@type":"BreadcrumbList","@id":"https:\/\/birdsflowers.md\/ro\/product\/51-belaya-roza-mondial-80-cm\/#breadcrumb","itemListElement":[{"@type":"ListItem","position":1,"name":"\u0413\u043b\u0430\u0432\u043d\u0430\u044f \u0441\u0442\u0440\u0430\u043d\u0438\u0446\u0430","item":"https:\/\/birdsflowers.md\/ro\/"},{"@type":"ListItem","position":2,"name":"\u041c\u0430\u0433\u0430\u0437\u0438\u043d","item":"https:\/\/birdsflowers.md\/en\/shop\/"},{"@type":"ListItem","position":3,"name":"51 de trandafiri albi Mondial 80 cm"}]},{"@type":"WebSite","@id":"https:\/\/birdsflowers.md\/ro\/#website","url":"https:\/\/birdsflowers.md\/ro\/","name":"Birds Flowers","description":"","potentialAction":[{"@type":"SearchAction","target":{"@type":"EntryPoint","urlTemplate":"https:\/\/birdsflowers.md\/ro\/?s={search_term_string}"},"query-input":{"@type":"PropertyValueSpecification","valueRequired":true,"valueName":"search_term_string"}}],"inLanguage":"ro-RO"}]}},"_links":{"self":[{"href":"https:\/\/birdsflowers.md\/ro\/wp-json\/wp\/v2\/product\/5261","targetHints":{"allow":["GET"]}}],"collection":[{"href":"https:\/\/birdsflowers.md\/ro\/wp-json\/wp\/v2\/product"}],"about":[{"href":"https:\/\/birdsflowers.md\/ro\/wp-json\/wp\/v2\/types\/product"}],"replies":[{"embeddable":true,"href":"https:\/\/birdsflowers.md\/ro\/wp-json\/wp\/v2\/comments?post=5261"}],"wp:featuredmedia":[{"embeddable":true,"href":"https:\/\/birdsflowers.md\/ro\/wp-json\/wp\/v2\/media\/5259"}],"wp:attachment":[{"href":"https:\/\/birdsflowers.md\/ro\/wp-json\/wp\/v2\/media?parent=5261"}],"wp:term":[{"taxonomy":"product_brand","embeddable":true,"href":"https:\/\/birdsflowers.md\/ro\/wp-json\/wp\/v2\/product_brand?post=5261"},{"taxonomy":"product_cat","embeddable":true,"href":"https:\/\/birdsflowers.md\/ro\/wp-json\/wp\/v2\/product_cat?post=5261"},{"taxonomy":"product_tag","embeddable":true,"href":"https:\/\/birdsflowers.md\/ro\/wp-json\/wp\/v2\/product_tag?post=5261"}],"curies":[{"name":"wp","href":"https:\/\/api.w.org\/{rel}","templated":true}]}}