{"id":5538,"date":"2025-05-11T17:19:20","date_gmt":"2025-05-11T14:19:20","guid":{"rendered":"https:\/\/birdsflowers.md\/product\/muzhskoj-podarochnyj-nabor-dlya-vanny-i-tela\/"},"modified":"2025-05-11T17:23:43","modified_gmt":"2025-05-11T14:23:43","slug":"muzhskoj-podarochnyj-nabor-dlya-vanny-i-tela","status":"publish","type":"product","link":"https:\/\/birdsflowers.md\/ro\/product\/muzhskoj-podarochnyj-nabor-dlya-vanny-i-tela\/","title":{"rendered":"Set cadou pentru baie \u0219i \u00eengrijire corporal\u0103 pentru b\u0103rba\u021bi"},"content":{"rendered":"","protected":false},"excerpt":{"rendered":"<p class=\"\" data-start=\"1345\" data-end=\"1553\"><strong data-start=\"1345\" data-end=\"1413\">Amestecul aromatic este o armonie \u00eentre creativitate \u0219i \u0219tiin\u021b\u0103.<\/strong><br data-start=\"1413\" data-end=\"1416\" \/>Compozi\u021biile noastre echilibrate de uleiuri esen\u021biale redau claritatea interioar\u0103 \u0219i ofer\u0103 o stare profund\u0103 de calm pentru corp \u0219i minte.<\/p>\r\n<p class=\"\" data-start=\"1555\" data-end=\"1583\"><strong data-start=\"1555\" data-end=\"1583\">Setul con\u021bine 3 produse:<\/strong><\/p>\r\n<p class=\"\" data-start=\"1585\" data-end=\"1923\"><strong data-start=\"1585\" data-end=\"1599\">Gel de du\u0219<\/strong><br data-start=\"1599\" data-end=\"1602\" \/>\u00cembog\u0103\u021bit cu uleiuri esen\u021biale de piper de munte, lemongrass, l\u0103m\u00e2ie \u0219i eucalipt, acest gel revigorant cur\u0103\u021b\u0103 delicat pielea, tonific\u0103 \u0219i energizeaz\u0103, oferind o senza\u021bie de prospe\u021bime \u0219i bun\u0103 dispozi\u021bie pe tot parcursul zilei. Parfumul s\u0103u cu note citrice \u0219i erbacee \u00eenv\u0103luie pl\u0103cut corpul, aduc\u00e2nd u\u0219urin\u021b\u0103 \u0219i claritate.<\/p>\r\n<p class=\"\" data-start=\"1925\" data-end=\"2256\"><strong data-start=\"1925\" data-end=\"1957\">Lo\u021biune pentru m\u00e2ini \u0219i corp<\/strong><br data-start=\"1957\" data-end=\"1960\" \/>Formulat\u0103 cu uleiuri esen\u021biale de piper de munte, lemongrass, l\u0103m\u00e2ie \u0219i eucalipt, aceast\u0103 lo\u021biune transform\u0103 \u00eengrijirea zilnic\u0103 \u00eentr-un adev\u0103rat ritual aromaterapeutic. Textura sa u\u0219oar\u0103 se absoarbe imediat, hidrat\u00e2nd \u0219i catifel\u00e2nd profund pielea, l\u0103s\u00e2nd un parfum fin cu note citrice \u0219i erbacee.<\/p>\r\n<p class=\"\" data-start=\"2258\" data-end=\"2655\"><strong data-start=\"2258\" data-end=\"2278\">Gel scrub de du\u0219<\/strong><br data-start=\"2278\" data-end=\"2281\" \/>Cu o textur\u0103 delicat\u0103 \u0219i particule exfoliante fine, acest scrub cur\u0103\u021b\u0103 u\u0219or \u0219i re\u00eennoie\u0219te pielea. Combin\u00e2nd extractul de \u0219ofran s\u0103lbatic cu uleiurile esen\u021biale de portocal\u0103 \u0219i piper roz, hidrateaz\u0103 \u0219i \u00eenmoaie pielea, \u00eenv\u0103luind-o \u00eentr-un parfum exotic \u0219i senzual. Dup\u0103 utilizare, pielea devine neted\u0103, catifelat\u0103 \u0219i mai receptiv\u0103 la produsele de \u00eengrijire aplicate ulterior.<\/p>","protected":false},"featured_media":5533,"comment_status":"open","ping_status":"closed","template":"","meta":{"_acf_changed":false},"product_brand":[],"product_cat":[242,193,227,230,237],"product_tag":[],"class_list":{"0":"post-5538","1":"product","2":"type-product","3":"status-publish","4":"has-post-thumbnail","6":"product_cat-23-februarie","7":"product_cat-barbati","8":"product_cat-nasi","9":"product_cat-tata","10":"product_cat-nastere","12":"first","13":"instock","14":"shipping-taxable","15":"purchasable","16":"product-type-simple"},"acf":[],"yoast_head":"<!-- This site is optimized with the Yoast SEO plugin v26.8 - https:\/\/yoast.com\/product\/yoast-seo-wordpress\/ -->\n<title>Set cadou pentru baie \u0219i \u00eengrijire corporal\u0103 pentru b\u0103rba\u021bi - \u043a\u0443\u043f\u0438\u0442\u044c \u043e\u043d\u043b\u0430\u0439\u043d \u0432 \u041a\u0438\u0448\u0438\u043d\u0435\u0432\u0435, \u041c\u043e\u043b\u0434\u043e\u0432\u0430 | BirdsFlowers<\/title>\n<meta name=\"description\" content=\"\u042d\u043a\u0441\u043a\u043b\u044e\u0437\u0438\u0432\u043d\u044b\u0439 \u0438 \u044f\u0440\u043a\u0438\u0439 Set cadou pentru baie \u0219i \u00eengrijire corporal\u0103 pentru b\u0103rba\u021bi \u043e\u0442 BirdsFlowers \u0434\u043b\u044f \u043b\u044e\u0431\u043e\u0433\u043e \u0441\u043b\u0443\u0447\u0430\u044f! \ud83c\udf38 \u0414\u043e\u0441\u0442\u0430\u0432\u043a\u0430 \u043f\u043e \u0432\u0441\u0435\u0439 \u041c\u043e\u043b\u0434\u043e\u0432\u0435 \u043a\u0440\u0443\u0433\u043b\u043e\u0441\u0443\u0442\u043e\u0447\u043d\u043e 24\/7 \ud83c\udf1f \u0421\u0432\u0435\u0436\u0435\u0441\u0442\u044c, \u043a\u0430\u0447\u0435\u0441\u0442\u0432\u043e \u0438 \u0431\u044b\u0441\u0442\u0440\u0430\u044f \u0434\u043e\u0441\u0442\u0430\u0432\u043a\u0430! \u260e +373 79 540 540\" \/>\n<meta name=\"robots\" content=\"index, follow, max-snippet:-1, max-image-preview:large, max-video-preview:-1\" \/>\n<link rel=\"canonical\" href=\"https:\/\/birdsflowers.md\/ro\/product\/muzhskoj-podarochnyj-nabor-dlya-vanny-i-tela\/\" \/>\n<meta property=\"og:locale\" content=\"ro_RO\" \/>\n<meta property=\"og:type\" content=\"article\" \/>\n<meta property=\"og:title\" content=\"Set cadou pentru baie \u0219i \u00eengrijire corporal\u0103 pentru b\u0103rba\u021bi - \u043a\u0443\u043f\u0438\u0442\u044c \u043e\u043d\u043b\u0430\u0439\u043d \u0432 \u041a\u0438\u0448\u0438\u043d\u0435\u0432\u0435, \u041c\u043e\u043b\u0434\u043e\u0432\u0430 | BirdsFlowers\" \/>\n<meta property=\"og:description\" content=\"\u042d\u043a\u0441\u043a\u043b\u044e\u0437\u0438\u0432\u043d\u044b\u0439 \u0438 \u044f\u0440\u043a\u0438\u0439 Set cadou pentru baie \u0219i \u00eengrijire corporal\u0103 pentru b\u0103rba\u021bi \u043e\u0442 BirdsFlowers \u0434\u043b\u044f \u043b\u044e\u0431\u043e\u0433\u043e \u0441\u043b\u0443\u0447\u0430\u044f! \ud83c\udf38 \u0414\u043e\u0441\u0442\u0430\u0432\u043a\u0430 \u043f\u043e \u0432\u0441\u0435\u0439 \u041c\u043e\u043b\u0434\u043e\u0432\u0435 \u043a\u0440\u0443\u0433\u043b\u043e\u0441\u0443\u0442\u043e\u0447\u043d\u043e 24\/7 \ud83c\udf1f \u0421\u0432\u0435\u0436\u0435\u0441\u0442\u044c, \u043a\u0430\u0447\u0435\u0441\u0442\u0432\u043e \u0438 \u0431\u044b\u0441\u0442\u0440\u0430\u044f \u0434\u043e\u0441\u0442\u0430\u0432\u043a\u0430! \u260e +373 79 540 540\" \/>\n<meta property=\"og:url\" content=\"https:\/\/birdsflowers.md\/ro\/product\/muzhskoj-podarochnyj-nabor-dlya-vanny-i-tela\/\" \/>\n<meta property=\"og:site_name\" content=\"Birds&amp;Flowers\" \/>\n<meta property=\"article:modified_time\" content=\"2025-05-11T14:23:43+00:00\" \/>\n<meta property=\"og:image\" content=\"https:\/\/birdsflowers.md\/wp-content\/uploads\/2025\/05\/52628737690038407561.jpg\" \/>\n\t<meta property=\"og:image:width\" content=\"904\" \/>\n\t<meta property=\"og:image:height\" content=\"904\" \/>\n\t<meta property=\"og:image:type\" content=\"image\/jpeg\" \/>\n<meta name=\"twitter:card\" content=\"summary_large_image\" \/>\n<meta name=\"twitter:label1\" content=\"Timp estimat pentru citire\" \/>\n\t<meta name=\"twitter:data1\" content=\"1 minut\" \/>\n<script type=\"application\/ld+json\" class=\"yoast-schema-graph\">{\"@context\":\"https:\/\/schema.org\",\"@graph\":[{\"@type\":[\"WebPage\",\"ItemPage\"],\"@id\":\"https:\/\/birdsflowers.md\/ro\/product\/muzhskoj-podarochnyj-nabor-dlya-vanny-i-tela\/\",\"url\":\"https:\/\/birdsflowers.md\/ro\/product\/muzhskoj-podarochnyj-nabor-dlya-vanny-i-tela\/\",\"name\":\"Set cadou pentru baie \u0219i \u00eengrijire corporal\u0103 pentru b\u0103rba\u021bi - \u043a\u0443\u043f\u0438\u0442\u044c \u043e\u043d\u043b\u0430\u0439\u043d \u0432 \u041a\u0438\u0448\u0438\u043d\u0435\u0432\u0435, \u041c\u043e\u043b\u0434\u043e\u0432\u0430 | BirdsFlowers\",\"isPartOf\":{\"@id\":\"https:\/\/birdsflowers.md\/ro\/#website\"},\"primaryImageOfPage\":{\"@id\":\"https:\/\/birdsflowers.md\/ro\/product\/muzhskoj-podarochnyj-nabor-dlya-vanny-i-tela\/#primaryimage\"},\"image\":{\"@id\":\"https:\/\/birdsflowers.md\/ro\/product\/muzhskoj-podarochnyj-nabor-dlya-vanny-i-tela\/#primaryimage\"},\"thumbnailUrl\":\"https:\/\/birdsflowers.md\/wp-content\/uploads\/2025\/05\/52628737690038407561.jpg\",\"datePublished\":\"2025-05-11T14:19:20+00:00\",\"dateModified\":\"2025-05-11T14:23:43+00:00\",\"description\":\"\u042d\u043a\u0441\u043a\u043b\u044e\u0437\u0438\u0432\u043d\u044b\u0439 \u0438 \u044f\u0440\u043a\u0438\u0439 Set cadou pentru baie \u0219i \u00eengrijire corporal\u0103 pentru b\u0103rba\u021bi \u043e\u0442 BirdsFlowers \u0434\u043b\u044f \u043b\u044e\u0431\u043e\u0433\u043e \u0441\u043b\u0443\u0447\u0430\u044f! \ud83c\udf38 \u0414\u043e\u0441\u0442\u0430\u0432\u043a\u0430 \u043f\u043e \u0432\u0441\u0435\u0439 \u041c\u043e\u043b\u0434\u043e\u0432\u0435 \u043a\u0440\u0443\u0433\u043b\u043e\u0441\u0443\u0442\u043e\u0447\u043d\u043e 24\/7 \ud83c\udf1f \u0421\u0432\u0435\u0436\u0435\u0441\u0442\u044c, \u043a\u0430\u0447\u0435\u0441\u0442\u0432\u043e \u0438 \u0431\u044b\u0441\u0442\u0440\u0430\u044f \u0434\u043e\u0441\u0442\u0430\u0432\u043a\u0430! \u260e +373 79 540 540\",\"breadcrumb\":{\"@id\":\"https:\/\/birdsflowers.md\/ro\/product\/muzhskoj-podarochnyj-nabor-dlya-vanny-i-tela\/#breadcrumb\"},\"inLanguage\":\"ro-RO\",\"potentialAction\":[{\"@type\":\"ReadAction\",\"target\":[\"https:\/\/birdsflowers.md\/ro\/product\/muzhskoj-podarochnyj-nabor-dlya-vanny-i-tela\/\"]}]},{\"@type\":\"ImageObject\",\"inLanguage\":\"ro-RO\",\"@id\":\"https:\/\/birdsflowers.md\/ro\/product\/muzhskoj-podarochnyj-nabor-dlya-vanny-i-tela\/#primaryimage\",\"url\":\"https:\/\/birdsflowers.md\/wp-content\/uploads\/2025\/05\/52628737690038407561.jpg\",\"contentUrl\":\"https:\/\/birdsflowers.md\/wp-content\/uploads\/2025\/05\/52628737690038407561.jpg\",\"width\":904,\"height\":904},{\"@type\":\"BreadcrumbList\",\"@id\":\"https:\/\/birdsflowers.md\/ro\/product\/muzhskoj-podarochnyj-nabor-dlya-vanny-i-tela\/#breadcrumb\",\"itemListElement\":[{\"@type\":\"ListItem\",\"position\":1,\"name\":\"\u0413\u043b\u0430\u0432\u043d\u0430\u044f \u0441\u0442\u0440\u0430\u043d\u0438\u0446\u0430\",\"item\":\"https:\/\/birdsflowers.md\/ro\/\"},{\"@type\":\"ListItem\",\"position\":2,\"name\":\"\u041c\u0430\u0433\u0430\u0437\u0438\u043d\",\"item\":\"https:\/\/birdsflowers.md\/en\/shop\/\"},{\"@type\":\"ListItem\",\"position\":3,\"name\":\"Set cadou pentru baie \u0219i \u00eengrijire corporal\u0103 pentru b\u0103rba\u021bi\"}]},{\"@type\":\"WebSite\",\"@id\":\"https:\/\/birdsflowers.md\/ro\/#website\",\"url\":\"https:\/\/birdsflowers.md\/ro\/\",\"name\":\"Birds Flowers\",\"description\":\"\",\"potentialAction\":[{\"@type\":\"SearchAction\",\"target\":{\"@type\":\"EntryPoint\",\"urlTemplate\":\"https:\/\/birdsflowers.md\/ro\/?s={search_term_string}\"},\"query-input\":{\"@type\":\"PropertyValueSpecification\",\"valueRequired\":true,\"valueName\":\"search_term_string\"}}],\"inLanguage\":\"ro-RO\"}]}<\/script>\n<!-- \/ Yoast SEO plugin. -->","yoast_head_json":{"title":"Set cadou pentru baie \u0219i \u00eengrijire corporal\u0103 pentru b\u0103rba\u021bi - \u043a\u0443\u043f\u0438\u0442\u044c \u043e\u043d\u043b\u0430\u0439\u043d \u0432 \u041a\u0438\u0448\u0438\u043d\u0435\u0432\u0435, \u041c\u043e\u043b\u0434\u043e\u0432\u0430 | BirdsFlowers","description":"\u042d\u043a\u0441\u043a\u043b\u044e\u0437\u0438\u0432\u043d\u044b\u0439 \u0438 \u044f\u0440\u043a\u0438\u0439 Set cadou pentru baie \u0219i \u00eengrijire corporal\u0103 pentru b\u0103rba\u021bi \u043e\u0442 BirdsFlowers \u0434\u043b\u044f \u043b\u044e\u0431\u043e\u0433\u043e \u0441\u043b\u0443\u0447\u0430\u044f! \ud83c\udf38 \u0414\u043e\u0441\u0442\u0430\u0432\u043a\u0430 \u043f\u043e \u0432\u0441\u0435\u0439 \u041c\u043e\u043b\u0434\u043e\u0432\u0435 \u043a\u0440\u0443\u0433\u043b\u043e\u0441\u0443\u0442\u043e\u0447\u043d\u043e 24\/7 \ud83c\udf1f \u0421\u0432\u0435\u0436\u0435\u0441\u0442\u044c, \u043a\u0430\u0447\u0435\u0441\u0442\u0432\u043e \u0438 \u0431\u044b\u0441\u0442\u0440\u0430\u044f \u0434\u043e\u0441\u0442\u0430\u0432\u043a\u0430! \u260e +373 79 540 540","robots":{"index":"index","follow":"follow","max-snippet":"max-snippet:-1","max-image-preview":"max-image-preview:large","max-video-preview":"max-video-preview:-1"},"canonical":"https:\/\/birdsflowers.md\/ro\/product\/muzhskoj-podarochnyj-nabor-dlya-vanny-i-tela\/","og_locale":"ro_RO","og_type":"article","og_title":"Set cadou pentru baie \u0219i \u00eengrijire corporal\u0103 pentru b\u0103rba\u021bi - \u043a\u0443\u043f\u0438\u0442\u044c \u043e\u043d\u043b\u0430\u0439\u043d \u0432 \u041a\u0438\u0448\u0438\u043d\u0435\u0432\u0435, \u041c\u043e\u043b\u0434\u043e\u0432\u0430 | BirdsFlowers","og_description":"\u042d\u043a\u0441\u043a\u043b\u044e\u0437\u0438\u0432\u043d\u044b\u0439 \u0438 \u044f\u0440\u043a\u0438\u0439 Set cadou pentru baie \u0219i \u00eengrijire corporal\u0103 pentru b\u0103rba\u021bi \u043e\u0442 BirdsFlowers \u0434\u043b\u044f \u043b\u044e\u0431\u043e\u0433\u043e \u0441\u043b\u0443\u0447\u0430\u044f! \ud83c\udf38 \u0414\u043e\u0441\u0442\u0430\u0432\u043a\u0430 \u043f\u043e \u0432\u0441\u0435\u0439 \u041c\u043e\u043b\u0434\u043e\u0432\u0435 \u043a\u0440\u0443\u0433\u043b\u043e\u0441\u0443\u0442\u043e\u0447\u043d\u043e 24\/7 \ud83c\udf1f \u0421\u0432\u0435\u0436\u0435\u0441\u0442\u044c, \u043a\u0430\u0447\u0435\u0441\u0442\u0432\u043e \u0438 \u0431\u044b\u0441\u0442\u0440\u0430\u044f \u0434\u043e\u0441\u0442\u0430\u0432\u043a\u0430! \u260e +373 79 540 540","og_url":"https:\/\/birdsflowers.md\/ro\/product\/muzhskoj-podarochnyj-nabor-dlya-vanny-i-tela\/","og_site_name":"Birds&amp;Flowers","article_modified_time":"2025-05-11T14:23:43+00:00","og_image":[{"width":904,"height":904,"url":"https:\/\/birdsflowers.md\/wp-content\/uploads\/2025\/05\/52628737690038407561.jpg","type":"image\/jpeg"}],"twitter_card":"summary_large_image","twitter_misc":{"Timp estimat pentru citire":"1 minut"},"schema":{"@context":"https:\/\/schema.org","@graph":[{"@type":["WebPage","ItemPage"],"@id":"https:\/\/birdsflowers.md\/ro\/product\/muzhskoj-podarochnyj-nabor-dlya-vanny-i-tela\/","url":"https:\/\/birdsflowers.md\/ro\/product\/muzhskoj-podarochnyj-nabor-dlya-vanny-i-tela\/","name":"Set cadou pentru baie \u0219i \u00eengrijire corporal\u0103 pentru b\u0103rba\u021bi - \u043a\u0443\u043f\u0438\u0442\u044c \u043e\u043d\u043b\u0430\u0439\u043d \u0432 \u041a\u0438\u0448\u0438\u043d\u0435\u0432\u0435, \u041c\u043e\u043b\u0434\u043e\u0432\u0430 | BirdsFlowers","isPartOf":{"@id":"https:\/\/birdsflowers.md\/ro\/#website"},"primaryImageOfPage":{"@id":"https:\/\/birdsflowers.md\/ro\/product\/muzhskoj-podarochnyj-nabor-dlya-vanny-i-tela\/#primaryimage"},"image":{"@id":"https:\/\/birdsflowers.md\/ro\/product\/muzhskoj-podarochnyj-nabor-dlya-vanny-i-tela\/#primaryimage"},"thumbnailUrl":"https:\/\/birdsflowers.md\/wp-content\/uploads\/2025\/05\/52628737690038407561.jpg","datePublished":"2025-05-11T14:19:20+00:00","dateModified":"2025-05-11T14:23:43+00:00","description":"\u042d\u043a\u0441\u043a\u043b\u044e\u0437\u0438\u0432\u043d\u044b\u0439 \u0438 \u044f\u0440\u043a\u0438\u0439 Set cadou pentru baie \u0219i \u00eengrijire corporal\u0103 pentru b\u0103rba\u021bi \u043e\u0442 BirdsFlowers \u0434\u043b\u044f \u043b\u044e\u0431\u043e\u0433\u043e \u0441\u043b\u0443\u0447\u0430\u044f! \ud83c\udf38 \u0414\u043e\u0441\u0442\u0430\u0432\u043a\u0430 \u043f\u043e \u0432\u0441\u0435\u0439 \u041c\u043e\u043b\u0434\u043e\u0432\u0435 \u043a\u0440\u0443\u0433\u043b\u043e\u0441\u0443\u0442\u043e\u0447\u043d\u043e 24\/7 \ud83c\udf1f \u0421\u0432\u0435\u0436\u0435\u0441\u0442\u044c, \u043a\u0430\u0447\u0435\u0441\u0442\u0432\u043e \u0438 \u0431\u044b\u0441\u0442\u0440\u0430\u044f \u0434\u043e\u0441\u0442\u0430\u0432\u043a\u0430! \u260e +373 79 540 540","breadcrumb":{"@id":"https:\/\/birdsflowers.md\/ro\/product\/muzhskoj-podarochnyj-nabor-dlya-vanny-i-tela\/#breadcrumb"},"inLanguage":"ro-RO","potentialAction":[{"@type":"ReadAction","target":["https:\/\/birdsflowers.md\/ro\/product\/muzhskoj-podarochnyj-nabor-dlya-vanny-i-tela\/"]}]},{"@type":"ImageObject","inLanguage":"ro-RO","@id":"https:\/\/birdsflowers.md\/ro\/product\/muzhskoj-podarochnyj-nabor-dlya-vanny-i-tela\/#primaryimage","url":"https:\/\/birdsflowers.md\/wp-content\/uploads\/2025\/05\/52628737690038407561.jpg","contentUrl":"https:\/\/birdsflowers.md\/wp-content\/uploads\/2025\/05\/52628737690038407561.jpg","width":904,"height":904},{"@type":"BreadcrumbList","@id":"https:\/\/birdsflowers.md\/ro\/product\/muzhskoj-podarochnyj-nabor-dlya-vanny-i-tela\/#breadcrumb","itemListElement":[{"@type":"ListItem","position":1,"name":"\u0413\u043b\u0430\u0432\u043d\u0430\u044f \u0441\u0442\u0440\u0430\u043d\u0438\u0446\u0430","item":"https:\/\/birdsflowers.md\/ro\/"},{"@type":"ListItem","position":2,"name":"\u041c\u0430\u0433\u0430\u0437\u0438\u043d","item":"https:\/\/birdsflowers.md\/en\/shop\/"},{"@type":"ListItem","position":3,"name":"Set cadou pentru baie \u0219i \u00eengrijire corporal\u0103 pentru b\u0103rba\u021bi"}]},{"@type":"WebSite","@id":"https:\/\/birdsflowers.md\/ro\/#website","url":"https:\/\/birdsflowers.md\/ro\/","name":"Birds Flowers","description":"","potentialAction":[{"@type":"SearchAction","target":{"@type":"EntryPoint","urlTemplate":"https:\/\/birdsflowers.md\/ro\/?s={search_term_string}"},"query-input":{"@type":"PropertyValueSpecification","valueRequired":true,"valueName":"search_term_string"}}],"inLanguage":"ro-RO"}]}},"_links":{"self":[{"href":"https:\/\/birdsflowers.md\/ro\/wp-json\/wp\/v2\/product\/5538","targetHints":{"allow":["GET"]}}],"collection":[{"href":"https:\/\/birdsflowers.md\/ro\/wp-json\/wp\/v2\/product"}],"about":[{"href":"https:\/\/birdsflowers.md\/ro\/wp-json\/wp\/v2\/types\/product"}],"replies":[{"embeddable":true,"href":"https:\/\/birdsflowers.md\/ro\/wp-json\/wp\/v2\/comments?post=5538"}],"wp:featuredmedia":[{"embeddable":true,"href":"https:\/\/birdsflowers.md\/ro\/wp-json\/wp\/v2\/media\/5533"}],"wp:attachment":[{"href":"https:\/\/birdsflowers.md\/ro\/wp-json\/wp\/v2\/media?parent=5538"}],"wp:term":[{"taxonomy":"product_brand","embeddable":true,"href":"https:\/\/birdsflowers.md\/ro\/wp-json\/wp\/v2\/product_brand?post=5538"},{"taxonomy":"product_cat","embeddable":true,"href":"https:\/\/birdsflowers.md\/ro\/wp-json\/wp\/v2\/product_cat?post=5538"},{"taxonomy":"product_tag","embeddable":true,"href":"https:\/\/birdsflowers.md\/ro\/wp-json\/wp\/v2\/product_tag?post=5538"}],"curies":[{"name":"wp","href":"https:\/\/api.w.org\/{rel}","templated":true}]}}