{"id":5561,"date":"2025-05-11T18:01:56","date_gmt":"2025-05-11T15:01:56","guid":{"rendered":"https:\/\/birdsflowers.md\/product\/relax-box-s-lavandoj\/"},"modified":"2025-05-11T18:06:53","modified_gmt":"2025-05-11T15:06:53","slug":"relax-box-s-lavandoj","status":"publish","type":"product","link":"https:\/\/birdsflowers.md\/ro\/product\/relax-box-s-lavandoj\/","title":{"rendered":"Relax Box cu Lavand\u0103"},"content":{"rendered":"","protected":false},"excerpt":{"rendered":"<p class=\"\" data-start=\"1770\" data-end=\"2061\">O cutie magic\u0103, \u00een interiorul c\u0103reia se afl\u0103 toat\u0103 puterea relaxant\u0103 a lavandei \u2013 num\u0103rul 1 \u00eentre plantele anti-stres. R\u0103sfa\u021b\u0103-te cu un set de produse cu un parfum floral-lemnos \u0219i \u00eembietor, care \u00ee\u021bi va aduce lini\u0219te \u0219i armonie interioar\u0103, at\u00e2t de rar sim\u021bite \u00een v\u00e2rtejul vie\u021bii de zi cu zi.<\/p>\r\n<p class=\"\" data-start=\"2063\" data-end=\"2251\">Bucur\u0103-te de ele \u00een momentele mult a\u0219teptate de singur\u0103tate, cu flac\u0103ra bl\u00e2nd\u0103 a lum\u00e2n\u0103rilor, \u00eenainte de somn sau \u00een weekenduri lene\u0219e, \u00eenv\u0103luindu-te \u00een ritualuri cu adev\u0103rat lini\u0219titoare.<\/p>\r\n\r\n<ul data-start=\"2253\" data-end=\"2416\">\r\n \t<li class=\"\" data-start=\"2253\" data-end=\"2301\">\r\n<p class=\"\" data-start=\"2255\" data-end=\"2301\">Potrivit pentru orice v\u00e2rst\u0103 \u0219i tip de piele<\/p>\r\n<\/li>\r\n \t<li class=\"\" data-start=\"2302\" data-end=\"2363\">\r\n<p class=\"\" data-start=\"2304\" data-end=\"2363\">Un cadou versatil, datorit\u0103 parfumului popular de lavand\u0103<\/p>\r\n<\/li>\r\n \t<li class=\"\" data-start=\"2364\" data-end=\"2416\">\r\n<p class=\"\" data-start=\"2366\" data-end=\"2416\">Produsele nu con\u021bin substan\u021be chimice d\u0103un\u0103toare<\/p>\r\n<\/li>\r\n<\/ul>\r\n<p class=\"\" data-start=\"2418\" data-end=\"2752\"><strong data-start=\"2418\" data-end=\"2473\">SARE DE BAIE CU EXTRACT \u0218I ULEI ESEN\u021aIAL DE LAVAND\u0102<\/strong><br data-start=\"2473\" data-end=\"2476\" \/>Este o surs\u0103 de minerale (magneziu, calciu, sodiu, potasiu \u0219i sulf), care ajut\u0103 la relaxarea mu\u0219chilor \u0219i articula\u021biilor \u0219i \u00eembun\u0103t\u0103\u021be\u0219te circula\u021bia s\u00e2ngelui. Extractul \u0219i uleiul esen\u021bial de lavand\u0103 au un efect relaxant pronun\u021bat \u00een caz de oboseal\u0103 cronic\u0103, insomnie \u0219i stres.<\/p>\r\n<p class=\"\" data-start=\"2754\" data-end=\"2953\"><strong data-start=\"2754\" data-end=\"2782\">ULEI ESEN\u021aIAL DE LAVAND\u0102<\/strong><br data-start=\"2782\" data-end=\"2785\" \/>Atunci c\u00e2nd este ad\u0103ugat \u00een produsele cosmetice, are efecte antiinflamatorii \u0219i antiseptice asupra pielii. La aromatizarea \u00eenc\u0103perilor, favorizeaz\u0103 un somn confortabil.<\/p>\r\n<p class=\"\" data-start=\"2955\" data-end=\"3254\"><strong data-start=\"2955\" data-end=\"2991\">S\u0102PUN NATURAL HANDMADE \u201eLAVAND\u0102\u201d<\/strong><br data-start=\"2991\" data-end=\"2994\" \/>S\u0103punul cu un parfum calmant de lavand\u0103 con\u021bine ulei esen\u021bial de lavand\u0103 \u0219i uleiuri de shea \u0219i migdale dulci, care au un efect nutritiv intens. Datorit\u0103 ac\u021biunii combinate a ingredientelor vegetale, s\u0103punul cur\u0103\u021b\u0103 delicat pielea, l\u0103s\u00e2nd-o neted\u0103 \u0219i catifelat\u0103.<\/p>\r\n<p class=\"\" data-start=\"3256\" data-end=\"3498\"><strong data-start=\"3256\" data-end=\"3295\">SACHET AROMATIC CU MIROS DE LAVAND\u0102<\/strong><br data-start=\"3295\" data-end=\"3298\" \/>Con\u021bine flori de lavand\u0103 uscate, cultivate pe planta\u021bia organic\u0103 \u201eVioPark\u201d, \u00een condi\u021bii c\u00e2t mai apropiate de cele din s\u0103lb\u0103ticie, f\u0103r\u0103 utilizarea \u00eengr\u0103\u0219\u0103mintelor chimice sau a altor interven\u021bii umane.<\/p>","protected":false},"featured_media":5559,"comment_status":"open","ping_status":"closed","template":"","meta":{"_acf_changed":false},"product_brand":[],"product_cat":[154,179,205,188,197,237],"product_tag":[],"class_list":{"0":"post-5561","1":"product","2":"type-product","3":"status-publish","4":"has-post-thumbnail","6":"product_cat-cadouri","7":"product_cat-14-februarie","8":"product_cat-8-martie","9":"product_cat-femei","10":"product_cat-fete","11":"product_cat-nastere","13":"first","14":"instock","15":"shipping-taxable","16":"purchasable","17":"product-type-simple"},"acf":[],"yoast_head":"<!-- This site is optimized with the Yoast SEO plugin v26.8 - https:\/\/yoast.com\/product\/yoast-seo-wordpress\/ -->\n<title>Relax Box cu Lavand\u0103 - \u043a\u0443\u043f\u0438\u0442\u044c \u043e\u043d\u043b\u0430\u0439\u043d \u0432 \u041a\u0438\u0448\u0438\u043d\u0435\u0432\u0435, \u041c\u043e\u043b\u0434\u043e\u0432\u0430 | BirdsFlowers<\/title>\n<meta name=\"description\" content=\"\u042d\u043a\u0441\u043a\u043b\u044e\u0437\u0438\u0432\u043d\u044b\u0439 \u0438 \u044f\u0440\u043a\u0438\u0439 Relax Box cu Lavand\u0103 \u043e\u0442 BirdsFlowers \u0434\u043b\u044f \u043b\u044e\u0431\u043e\u0433\u043e \u0441\u043b\u0443\u0447\u0430\u044f! \ud83c\udf38 \u0414\u043e\u0441\u0442\u0430\u0432\u043a\u0430 \u043f\u043e \u0432\u0441\u0435\u0439 \u041c\u043e\u043b\u0434\u043e\u0432\u0435 \u043a\u0440\u0443\u0433\u043b\u043e\u0441\u0443\u0442\u043e\u0447\u043d\u043e 24\/7 \ud83c\udf1f \u0421\u0432\u0435\u0436\u0435\u0441\u0442\u044c, \u043a\u0430\u0447\u0435\u0441\u0442\u0432\u043e \u0438 \u0431\u044b\u0441\u0442\u0440\u0430\u044f \u0434\u043e\u0441\u0442\u0430\u0432\u043a\u0430! \u260e +373 79 540 540\" \/>\n<meta name=\"robots\" content=\"index, follow, max-snippet:-1, max-image-preview:large, max-video-preview:-1\" \/>\n<link rel=\"canonical\" href=\"https:\/\/birdsflowers.md\/ro\/product\/relax-box-s-lavandoj\/\" \/>\n<meta property=\"og:locale\" content=\"ro_RO\" \/>\n<meta property=\"og:type\" content=\"article\" \/>\n<meta property=\"og:title\" content=\"Relax Box cu Lavand\u0103 - \u043a\u0443\u043f\u0438\u0442\u044c \u043e\u043d\u043b\u0430\u0439\u043d \u0432 \u041a\u0438\u0448\u0438\u043d\u0435\u0432\u0435, \u041c\u043e\u043b\u0434\u043e\u0432\u0430 | BirdsFlowers\" \/>\n<meta property=\"og:description\" content=\"\u042d\u043a\u0441\u043a\u043b\u044e\u0437\u0438\u0432\u043d\u044b\u0439 \u0438 \u044f\u0440\u043a\u0438\u0439 Relax Box cu Lavand\u0103 \u043e\u0442 BirdsFlowers \u0434\u043b\u044f \u043b\u044e\u0431\u043e\u0433\u043e \u0441\u043b\u0443\u0447\u0430\u044f! \ud83c\udf38 \u0414\u043e\u0441\u0442\u0430\u0432\u043a\u0430 \u043f\u043e \u0432\u0441\u0435\u0439 \u041c\u043e\u043b\u0434\u043e\u0432\u0435 \u043a\u0440\u0443\u0433\u043b\u043e\u0441\u0443\u0442\u043e\u0447\u043d\u043e 24\/7 \ud83c\udf1f \u0421\u0432\u0435\u0436\u0435\u0441\u0442\u044c, \u043a\u0430\u0447\u0435\u0441\u0442\u0432\u043e \u0438 \u0431\u044b\u0441\u0442\u0440\u0430\u044f \u0434\u043e\u0441\u0442\u0430\u0432\u043a\u0430! \u260e +373 79 540 540\" \/>\n<meta property=\"og:url\" content=\"https:\/\/birdsflowers.md\/ro\/product\/relax-box-s-lavandoj\/\" \/>\n<meta property=\"og:site_name\" content=\"Birds&amp;Flowers\" \/>\n<meta property=\"article:modified_time\" content=\"2025-05-11T15:06:53+00:00\" \/>\n<meta property=\"og:image\" content=\"https:\/\/birdsflowers.md\/wp-content\/uploads\/2025\/05\/52628737690038407341.jpg\" \/>\n\t<meta property=\"og:image:width\" content=\"926\" \/>\n\t<meta property=\"og:image:height\" content=\"926\" \/>\n\t<meta property=\"og:image:type\" content=\"image\/jpeg\" \/>\n<meta name=\"twitter:card\" content=\"summary_large_image\" \/>\n<meta name=\"twitter:label1\" content=\"Timp estimat pentru citire\" \/>\n\t<meta name=\"twitter:data1\" content=\"1 minut\" \/>\n<script type=\"application\/ld+json\" class=\"yoast-schema-graph\">{\"@context\":\"https:\/\/schema.org\",\"@graph\":[{\"@type\":[\"WebPage\",\"ItemPage\"],\"@id\":\"https:\/\/birdsflowers.md\/ro\/product\/relax-box-s-lavandoj\/\",\"url\":\"https:\/\/birdsflowers.md\/ro\/product\/relax-box-s-lavandoj\/\",\"name\":\"Relax Box cu Lavand\u0103 - \u043a\u0443\u043f\u0438\u0442\u044c \u043e\u043d\u043b\u0430\u0439\u043d \u0432 \u041a\u0438\u0448\u0438\u043d\u0435\u0432\u0435, \u041c\u043e\u043b\u0434\u043e\u0432\u0430 | BirdsFlowers\",\"isPartOf\":{\"@id\":\"https:\/\/birdsflowers.md\/ro\/#website\"},\"primaryImageOfPage\":{\"@id\":\"https:\/\/birdsflowers.md\/ro\/product\/relax-box-s-lavandoj\/#primaryimage\"},\"image\":{\"@id\":\"https:\/\/birdsflowers.md\/ro\/product\/relax-box-s-lavandoj\/#primaryimage\"},\"thumbnailUrl\":\"https:\/\/birdsflowers.md\/wp-content\/uploads\/2025\/05\/52628737690038407341.jpg\",\"datePublished\":\"2025-05-11T15:01:56+00:00\",\"dateModified\":\"2025-05-11T15:06:53+00:00\",\"description\":\"\u042d\u043a\u0441\u043a\u043b\u044e\u0437\u0438\u0432\u043d\u044b\u0439 \u0438 \u044f\u0440\u043a\u0438\u0439 Relax Box cu Lavand\u0103 \u043e\u0442 BirdsFlowers \u0434\u043b\u044f \u043b\u044e\u0431\u043e\u0433\u043e \u0441\u043b\u0443\u0447\u0430\u044f! \ud83c\udf38 \u0414\u043e\u0441\u0442\u0430\u0432\u043a\u0430 \u043f\u043e \u0432\u0441\u0435\u0439 \u041c\u043e\u043b\u0434\u043e\u0432\u0435 \u043a\u0440\u0443\u0433\u043b\u043e\u0441\u0443\u0442\u043e\u0447\u043d\u043e 24\/7 \ud83c\udf1f \u0421\u0432\u0435\u0436\u0435\u0441\u0442\u044c, \u043a\u0430\u0447\u0435\u0441\u0442\u0432\u043e \u0438 \u0431\u044b\u0441\u0442\u0440\u0430\u044f \u0434\u043e\u0441\u0442\u0430\u0432\u043a\u0430! \u260e +373 79 540 540\",\"breadcrumb\":{\"@id\":\"https:\/\/birdsflowers.md\/ro\/product\/relax-box-s-lavandoj\/#breadcrumb\"},\"inLanguage\":\"ro-RO\",\"potentialAction\":[{\"@type\":\"ReadAction\",\"target\":[\"https:\/\/birdsflowers.md\/ro\/product\/relax-box-s-lavandoj\/\"]}]},{\"@type\":\"ImageObject\",\"inLanguage\":\"ro-RO\",\"@id\":\"https:\/\/birdsflowers.md\/ro\/product\/relax-box-s-lavandoj\/#primaryimage\",\"url\":\"https:\/\/birdsflowers.md\/wp-content\/uploads\/2025\/05\/52628737690038407341.jpg\",\"contentUrl\":\"https:\/\/birdsflowers.md\/wp-content\/uploads\/2025\/05\/52628737690038407341.jpg\",\"width\":926,\"height\":926},{\"@type\":\"BreadcrumbList\",\"@id\":\"https:\/\/birdsflowers.md\/ro\/product\/relax-box-s-lavandoj\/#breadcrumb\",\"itemListElement\":[{\"@type\":\"ListItem\",\"position\":1,\"name\":\"\u0413\u043b\u0430\u0432\u043d\u0430\u044f \u0441\u0442\u0440\u0430\u043d\u0438\u0446\u0430\",\"item\":\"https:\/\/birdsflowers.md\/ro\/\"},{\"@type\":\"ListItem\",\"position\":2,\"name\":\"\u041c\u0430\u0433\u0430\u0437\u0438\u043d\",\"item\":\"https:\/\/birdsflowers.md\/en\/shop\/\"},{\"@type\":\"ListItem\",\"position\":3,\"name\":\"Relax Box cu Lavand\u0103\"}]},{\"@type\":\"WebSite\",\"@id\":\"https:\/\/birdsflowers.md\/ro\/#website\",\"url\":\"https:\/\/birdsflowers.md\/ro\/\",\"name\":\"Birds Flowers\",\"description\":\"\",\"potentialAction\":[{\"@type\":\"SearchAction\",\"target\":{\"@type\":\"EntryPoint\",\"urlTemplate\":\"https:\/\/birdsflowers.md\/ro\/?s={search_term_string}\"},\"query-input\":{\"@type\":\"PropertyValueSpecification\",\"valueRequired\":true,\"valueName\":\"search_term_string\"}}],\"inLanguage\":\"ro-RO\"}]}<\/script>\n<!-- \/ Yoast SEO plugin. -->","yoast_head_json":{"title":"Relax Box cu Lavand\u0103 - \u043a\u0443\u043f\u0438\u0442\u044c \u043e\u043d\u043b\u0430\u0439\u043d \u0432 \u041a\u0438\u0448\u0438\u043d\u0435\u0432\u0435, \u041c\u043e\u043b\u0434\u043e\u0432\u0430 | BirdsFlowers","description":"\u042d\u043a\u0441\u043a\u043b\u044e\u0437\u0438\u0432\u043d\u044b\u0439 \u0438 \u044f\u0440\u043a\u0438\u0439 Relax Box cu Lavand\u0103 \u043e\u0442 BirdsFlowers \u0434\u043b\u044f \u043b\u044e\u0431\u043e\u0433\u043e \u0441\u043b\u0443\u0447\u0430\u044f! \ud83c\udf38 \u0414\u043e\u0441\u0442\u0430\u0432\u043a\u0430 \u043f\u043e \u0432\u0441\u0435\u0439 \u041c\u043e\u043b\u0434\u043e\u0432\u0435 \u043a\u0440\u0443\u0433\u043b\u043e\u0441\u0443\u0442\u043e\u0447\u043d\u043e 24\/7 \ud83c\udf1f \u0421\u0432\u0435\u0436\u0435\u0441\u0442\u044c, \u043a\u0430\u0447\u0435\u0441\u0442\u0432\u043e \u0438 \u0431\u044b\u0441\u0442\u0440\u0430\u044f \u0434\u043e\u0441\u0442\u0430\u0432\u043a\u0430! \u260e +373 79 540 540","robots":{"index":"index","follow":"follow","max-snippet":"max-snippet:-1","max-image-preview":"max-image-preview:large","max-video-preview":"max-video-preview:-1"},"canonical":"https:\/\/birdsflowers.md\/ro\/product\/relax-box-s-lavandoj\/","og_locale":"ro_RO","og_type":"article","og_title":"Relax Box cu Lavand\u0103 - \u043a\u0443\u043f\u0438\u0442\u044c \u043e\u043d\u043b\u0430\u0439\u043d \u0432 \u041a\u0438\u0448\u0438\u043d\u0435\u0432\u0435, \u041c\u043e\u043b\u0434\u043e\u0432\u0430 | BirdsFlowers","og_description":"\u042d\u043a\u0441\u043a\u043b\u044e\u0437\u0438\u0432\u043d\u044b\u0439 \u0438 \u044f\u0440\u043a\u0438\u0439 Relax Box cu Lavand\u0103 \u043e\u0442 BirdsFlowers \u0434\u043b\u044f \u043b\u044e\u0431\u043e\u0433\u043e \u0441\u043b\u0443\u0447\u0430\u044f! \ud83c\udf38 \u0414\u043e\u0441\u0442\u0430\u0432\u043a\u0430 \u043f\u043e \u0432\u0441\u0435\u0439 \u041c\u043e\u043b\u0434\u043e\u0432\u0435 \u043a\u0440\u0443\u0433\u043b\u043e\u0441\u0443\u0442\u043e\u0447\u043d\u043e 24\/7 \ud83c\udf1f \u0421\u0432\u0435\u0436\u0435\u0441\u0442\u044c, \u043a\u0430\u0447\u0435\u0441\u0442\u0432\u043e \u0438 \u0431\u044b\u0441\u0442\u0440\u0430\u044f \u0434\u043e\u0441\u0442\u0430\u0432\u043a\u0430! \u260e +373 79 540 540","og_url":"https:\/\/birdsflowers.md\/ro\/product\/relax-box-s-lavandoj\/","og_site_name":"Birds&amp;Flowers","article_modified_time":"2025-05-11T15:06:53+00:00","og_image":[{"width":926,"height":926,"url":"https:\/\/birdsflowers.md\/wp-content\/uploads\/2025\/05\/52628737690038407341.jpg","type":"image\/jpeg"}],"twitter_card":"summary_large_image","twitter_misc":{"Timp estimat pentru citire":"1 minut"},"schema":{"@context":"https:\/\/schema.org","@graph":[{"@type":["WebPage","ItemPage"],"@id":"https:\/\/birdsflowers.md\/ro\/product\/relax-box-s-lavandoj\/","url":"https:\/\/birdsflowers.md\/ro\/product\/relax-box-s-lavandoj\/","name":"Relax Box cu Lavand\u0103 - \u043a\u0443\u043f\u0438\u0442\u044c \u043e\u043d\u043b\u0430\u0439\u043d \u0432 \u041a\u0438\u0448\u0438\u043d\u0435\u0432\u0435, \u041c\u043e\u043b\u0434\u043e\u0432\u0430 | BirdsFlowers","isPartOf":{"@id":"https:\/\/birdsflowers.md\/ro\/#website"},"primaryImageOfPage":{"@id":"https:\/\/birdsflowers.md\/ro\/product\/relax-box-s-lavandoj\/#primaryimage"},"image":{"@id":"https:\/\/birdsflowers.md\/ro\/product\/relax-box-s-lavandoj\/#primaryimage"},"thumbnailUrl":"https:\/\/birdsflowers.md\/wp-content\/uploads\/2025\/05\/52628737690038407341.jpg","datePublished":"2025-05-11T15:01:56+00:00","dateModified":"2025-05-11T15:06:53+00:00","description":"\u042d\u043a\u0441\u043a\u043b\u044e\u0437\u0438\u0432\u043d\u044b\u0439 \u0438 \u044f\u0440\u043a\u0438\u0439 Relax Box cu Lavand\u0103 \u043e\u0442 BirdsFlowers \u0434\u043b\u044f \u043b\u044e\u0431\u043e\u0433\u043e \u0441\u043b\u0443\u0447\u0430\u044f! \ud83c\udf38 \u0414\u043e\u0441\u0442\u0430\u0432\u043a\u0430 \u043f\u043e \u0432\u0441\u0435\u0439 \u041c\u043e\u043b\u0434\u043e\u0432\u0435 \u043a\u0440\u0443\u0433\u043b\u043e\u0441\u0443\u0442\u043e\u0447\u043d\u043e 24\/7 \ud83c\udf1f \u0421\u0432\u0435\u0436\u0435\u0441\u0442\u044c, \u043a\u0430\u0447\u0435\u0441\u0442\u0432\u043e \u0438 \u0431\u044b\u0441\u0442\u0440\u0430\u044f \u0434\u043e\u0441\u0442\u0430\u0432\u043a\u0430! \u260e +373 79 540 540","breadcrumb":{"@id":"https:\/\/birdsflowers.md\/ro\/product\/relax-box-s-lavandoj\/#breadcrumb"},"inLanguage":"ro-RO","potentialAction":[{"@type":"ReadAction","target":["https:\/\/birdsflowers.md\/ro\/product\/relax-box-s-lavandoj\/"]}]},{"@type":"ImageObject","inLanguage":"ro-RO","@id":"https:\/\/birdsflowers.md\/ro\/product\/relax-box-s-lavandoj\/#primaryimage","url":"https:\/\/birdsflowers.md\/wp-content\/uploads\/2025\/05\/52628737690038407341.jpg","contentUrl":"https:\/\/birdsflowers.md\/wp-content\/uploads\/2025\/05\/52628737690038407341.jpg","width":926,"height":926},{"@type":"BreadcrumbList","@id":"https:\/\/birdsflowers.md\/ro\/product\/relax-box-s-lavandoj\/#breadcrumb","itemListElement":[{"@type":"ListItem","position":1,"name":"\u0413\u043b\u0430\u0432\u043d\u0430\u044f \u0441\u0442\u0440\u0430\u043d\u0438\u0446\u0430","item":"https:\/\/birdsflowers.md\/ro\/"},{"@type":"ListItem","position":2,"name":"\u041c\u0430\u0433\u0430\u0437\u0438\u043d","item":"https:\/\/birdsflowers.md\/en\/shop\/"},{"@type":"ListItem","position":3,"name":"Relax Box cu Lavand\u0103"}]},{"@type":"WebSite","@id":"https:\/\/birdsflowers.md\/ro\/#website","url":"https:\/\/birdsflowers.md\/ro\/","name":"Birds Flowers","description":"","potentialAction":[{"@type":"SearchAction","target":{"@type":"EntryPoint","urlTemplate":"https:\/\/birdsflowers.md\/ro\/?s={search_term_string}"},"query-input":{"@type":"PropertyValueSpecification","valueRequired":true,"valueName":"search_term_string"}}],"inLanguage":"ro-RO"}]}},"_links":{"self":[{"href":"https:\/\/birdsflowers.md\/ro\/wp-json\/wp\/v2\/product\/5561","targetHints":{"allow":["GET"]}}],"collection":[{"href":"https:\/\/birdsflowers.md\/ro\/wp-json\/wp\/v2\/product"}],"about":[{"href":"https:\/\/birdsflowers.md\/ro\/wp-json\/wp\/v2\/types\/product"}],"replies":[{"embeddable":true,"href":"https:\/\/birdsflowers.md\/ro\/wp-json\/wp\/v2\/comments?post=5561"}],"wp:featuredmedia":[{"embeddable":true,"href":"https:\/\/birdsflowers.md\/ro\/wp-json\/wp\/v2\/media\/5559"}],"wp:attachment":[{"href":"https:\/\/birdsflowers.md\/ro\/wp-json\/wp\/v2\/media?parent=5561"}],"wp:term":[{"taxonomy":"product_brand","embeddable":true,"href":"https:\/\/birdsflowers.md\/ro\/wp-json\/wp\/v2\/product_brand?post=5561"},{"taxonomy":"product_cat","embeddable":true,"href":"https:\/\/birdsflowers.md\/ro\/wp-json\/wp\/v2\/product_cat?post=5561"},{"taxonomy":"product_tag","embeddable":true,"href":"https:\/\/birdsflowers.md\/ro\/wp-json\/wp\/v2\/product_tag?post=5561"}],"curies":[{"name":"wp","href":"https:\/\/api.w.org\/{rel}","templated":true}]}}