{"id":6112,"date":"2025-06-03T14:27:15","date_gmt":"2025-06-03T11:27:15","guid":{"rendered":"https:\/\/birdsflowers.md\/product\/podarochnyj-nabor-nezhnyj-buket-bento-tort-i-5-sharov-krasnoe-serdcze\/"},"modified":"2025-06-03T14:30:39","modified_gmt":"2025-06-03T11:30:39","slug":"podarochnyj-nabor-nezhnyj-buket-bento-tort-i-5-sharov-krasnoe-serdcze","status":"publish","type":"product","link":"https:\/\/birdsflowers.md\/ro\/product\/podarochnyj-nabor-nezhnyj-buket-bento-tort-i-5-sharov-krasnoe-serdcze\/","title":{"rendered":"Set Cadou &#8222;Buchet Delicat, Tort Bento \u0219i 5 Baloane Inim\u0103 Ro\u0219ie&#8221;"},"content":{"rendered":"","protected":false},"excerpt":{"rendered":"<p data-start=\"889\" data-end=\"1091\">O surpriz\u0103 emo\u021bionant\u0103 \u0219i atent g\u00e2ndit\u0103 p\u00e2n\u0103 la cele mai mici detalii, care cu siguran\u021b\u0103 va aduce un z\u00e2mbet \u0219i c\u0103ldur\u0103 \u00een suflet. Acest set cadou a fost creat pentru a exprima sentimentele f\u0103r\u0103 cuvinte.<\/p>\r\n<p data-start=\"1093\" data-end=\"1105\"><strong data-start=\"1093\" data-end=\"1105\">Con\u021bine:<\/strong><\/p>\r\n\r\n<ul data-start=\"1107\" data-end=\"1596\">\r\n \t<li data-start=\"1107\" data-end=\"1285\">\r\n<p data-start=\"1109\" data-end=\"1285\"><strong data-start=\"1109\" data-end=\"1123\">Tort Bento<\/strong> \u2013 un tort miniatural realizat manual, decorat dup\u0103 dorin\u021bele tale: cu mesaj, inimioare sau tematic. Perfect pentru o s\u0103rb\u0103toare intim\u0103 sau o surpriz\u0103 din suflet.<\/p>\r\n<\/li>\r\n \t<li data-start=\"1287\" data-end=\"1449\">\r\n<p data-start=\"1289\" data-end=\"1449\"><strong data-start=\"1289\" data-end=\"1325\">Set de 5 Baloane Inim\u0103 din Folie<\/strong> \u2013 delicate\u021be plutitoare \u00een forma iubirii. Umplute cu heliu, baloanele se ridic\u0103 spectaculos \u0219i creeaz\u0103 o atmosfer\u0103 festiv\u0103.<\/p>\r\n<\/li>\r\n \t<li data-start=\"1451\" data-end=\"1596\">\r\n<p data-start=\"1453\" data-end=\"1596\"><strong data-start=\"1453\" data-end=\"1472\">Buchet de Flori<\/strong> \u2013 o compozi\u021bie armonioas\u0103 din flori de sezon sau flori premium (selectate individual), aranjate \u00een stilul nostru semn\u0103tur\u0103.<\/p>\r\n<\/li>\r\n<\/ul>\r\n<p data-start=\"1598\" data-end=\"1747\">Acest set este alegerea ideal\u0103 pentru zile de na\u0219tere, anivers\u0103ri, Ziua \u00cendr\u0103gosti\u021bilor sau pur \u0219i simplu pentru a aduce bucurie unei persoane dragi.<\/p>","protected":false},"featured_media":6110,"comment_status":"open","ping_status":"closed","template":"","meta":{"_acf_changed":false},"product_brand":[],"product_cat":[171,154,188,197],"product_tag":[],"class_list":{"0":"post-6112","1":"product","2":"type-product","3":"status-publish","4":"has-post-thumbnail","6":"product_cat-baloane-heliu","7":"product_cat-cadouri","8":"product_cat-femei","9":"product_cat-fete","11":"first","12":"instock","13":"shipping-taxable","14":"purchasable","15":"product-type-simple"},"acf":[],"yoast_head":"<!-- This site is optimized with the Yoast SEO plugin v26.8 - https:\/\/yoast.com\/product\/yoast-seo-wordpress\/ -->\n<title>Set Cadou &quot;Buchet Delicat, Tort Bento \u0219i 5 Baloane Inim\u0103 Ro\u0219ie&quot; - \u043a\u0443\u043f\u0438\u0442\u044c \u043e\u043d\u043b\u0430\u0439\u043d \u0432 \u041a\u0438\u0448\u0438\u043d\u0435\u0432\u0435, \u041c\u043e\u043b\u0434\u043e\u0432\u0430 | BirdsFlowers<\/title>\n<meta name=\"description\" content=\"\u042d\u043a\u0441\u043a\u043b\u044e\u0437\u0438\u0432\u043d\u044b\u0439 \u0438 \u044f\u0440\u043a\u0438\u0439 Set Cadou &quot;Buchet Delicat, Tort Bento \u0219i 5 Baloane Inim\u0103 Ro\u0219ie&quot; \u043e\u0442 BirdsFlowers \u0434\u043b\u044f \u043b\u044e\u0431\u043e\u0433\u043e \u0441\u043b\u0443\u0447\u0430\u044f! \ud83c\udf38 \u0414\u043e\u0441\u0442\u0430\u0432\u043a\u0430 \u043f\u043e \u0432\u0441\u0435\u0439 \u041c\u043e\u043b\u0434\u043e\u0432\u0435 \u043a\u0440\u0443\u0433\u043b\u043e\u0441\u0443\u0442\u043e\u0447\u043d\u043e 24\/7 \ud83c\udf1f \u0421\u0432\u0435\u0436\u0435\u0441\u0442\u044c, \u043a\u0430\u0447\u0435\u0441\u0442\u0432\u043e \u0438 \u0431\u044b\u0441\u0442\u0440\u0430\u044f \u0434\u043e\u0441\u0442\u0430\u0432\u043a\u0430! \u260e +373 79 540 540\" \/>\n<meta name=\"robots\" content=\"index, follow, max-snippet:-1, max-image-preview:large, max-video-preview:-1\" \/>\n<link rel=\"canonical\" href=\"https:\/\/birdsflowers.md\/ro\/product\/podarochnyj-nabor-nezhnyj-buket-bento-tort-i-5-sharov-krasnoe-serdcze\/\" \/>\n<meta property=\"og:locale\" content=\"ro_RO\" \/>\n<meta property=\"og:type\" content=\"article\" \/>\n<meta property=\"og:title\" content=\"Set Cadou &quot;Buchet Delicat, Tort Bento \u0219i 5 Baloane Inim\u0103 Ro\u0219ie&quot; - \u043a\u0443\u043f\u0438\u0442\u044c \u043e\u043d\u043b\u0430\u0439\u043d \u0432 \u041a\u0438\u0448\u0438\u043d\u0435\u0432\u0435, \u041c\u043e\u043b\u0434\u043e\u0432\u0430 | BirdsFlowers\" \/>\n<meta property=\"og:description\" content=\"\u042d\u043a\u0441\u043a\u043b\u044e\u0437\u0438\u0432\u043d\u044b\u0439 \u0438 \u044f\u0440\u043a\u0438\u0439 Set Cadou &quot;Buchet Delicat, Tort Bento \u0219i 5 Baloane Inim\u0103 Ro\u0219ie&quot; \u043e\u0442 BirdsFlowers \u0434\u043b\u044f \u043b\u044e\u0431\u043e\u0433\u043e \u0441\u043b\u0443\u0447\u0430\u044f! \ud83c\udf38 \u0414\u043e\u0441\u0442\u0430\u0432\u043a\u0430 \u043f\u043e \u0432\u0441\u0435\u0439 \u041c\u043e\u043b\u0434\u043e\u0432\u0435 \u043a\u0440\u0443\u0433\u043b\u043e\u0441\u0443\u0442\u043e\u0447\u043d\u043e 24\/7 \ud83c\udf1f \u0421\u0432\u0435\u0436\u0435\u0441\u0442\u044c, \u043a\u0430\u0447\u0435\u0441\u0442\u0432\u043e \u0438 \u0431\u044b\u0441\u0442\u0440\u0430\u044f \u0434\u043e\u0441\u0442\u0430\u0432\u043a\u0430! \u260e +373 79 540 540\" \/>\n<meta property=\"og:url\" content=\"https:\/\/birdsflowers.md\/ro\/product\/podarochnyj-nabor-nezhnyj-buket-bento-tort-i-5-sharov-krasnoe-serdcze\/\" \/>\n<meta property=\"og:site_name\" content=\"Birds&amp;Flowers\" \/>\n<meta property=\"article:modified_time\" content=\"2025-06-03T11:30:39+00:00\" \/>\n<meta property=\"og:image\" content=\"https:\/\/birdsflowers.md\/wp-content\/uploads\/2025\/06\/5330080442294072991-1.jpg\" \/>\n\t<meta property=\"og:image:width\" content=\"960\" \/>\n\t<meta property=\"og:image:height\" content=\"960\" \/>\n\t<meta property=\"og:image:type\" content=\"image\/jpeg\" \/>\n<meta name=\"twitter:card\" content=\"summary_large_image\" \/>\n<meta name=\"twitter:label1\" content=\"Timp estimat pentru citire\" \/>\n\t<meta name=\"twitter:data1\" content=\"1 minut\" \/>\n<script type=\"application\/ld+json\" class=\"yoast-schema-graph\">{\"@context\":\"https:\/\/schema.org\",\"@graph\":[{\"@type\":[\"WebPage\",\"ItemPage\"],\"@id\":\"https:\/\/birdsflowers.md\/ro\/product\/podarochnyj-nabor-nezhnyj-buket-bento-tort-i-5-sharov-krasnoe-serdcze\/\",\"url\":\"https:\/\/birdsflowers.md\/ro\/product\/podarochnyj-nabor-nezhnyj-buket-bento-tort-i-5-sharov-krasnoe-serdcze\/\",\"name\":\"Set Cadou \\\"Buchet Delicat, Tort Bento \u0219i 5 Baloane Inim\u0103 Ro\u0219ie\\\" - \u043a\u0443\u043f\u0438\u0442\u044c \u043e\u043d\u043b\u0430\u0439\u043d \u0432 \u041a\u0438\u0448\u0438\u043d\u0435\u0432\u0435, \u041c\u043e\u043b\u0434\u043e\u0432\u0430 | BirdsFlowers\",\"isPartOf\":{\"@id\":\"https:\/\/birdsflowers.md\/ro\/#website\"},\"primaryImageOfPage\":{\"@id\":\"https:\/\/birdsflowers.md\/ro\/product\/podarochnyj-nabor-nezhnyj-buket-bento-tort-i-5-sharov-krasnoe-serdcze\/#primaryimage\"},\"image\":{\"@id\":\"https:\/\/birdsflowers.md\/ro\/product\/podarochnyj-nabor-nezhnyj-buket-bento-tort-i-5-sharov-krasnoe-serdcze\/#primaryimage\"},\"thumbnailUrl\":\"https:\/\/birdsflowers.md\/wp-content\/uploads\/2025\/06\/5330080442294072991-1.jpg\",\"datePublished\":\"2025-06-03T11:27:15+00:00\",\"dateModified\":\"2025-06-03T11:30:39+00:00\",\"description\":\"\u042d\u043a\u0441\u043a\u043b\u044e\u0437\u0438\u0432\u043d\u044b\u0439 \u0438 \u044f\u0440\u043a\u0438\u0439 Set Cadou \\\"Buchet Delicat, Tort Bento \u0219i 5 Baloane Inim\u0103 Ro\u0219ie\\\" \u043e\u0442 BirdsFlowers \u0434\u043b\u044f \u043b\u044e\u0431\u043e\u0433\u043e \u0441\u043b\u0443\u0447\u0430\u044f! \ud83c\udf38 \u0414\u043e\u0441\u0442\u0430\u0432\u043a\u0430 \u043f\u043e \u0432\u0441\u0435\u0439 \u041c\u043e\u043b\u0434\u043e\u0432\u0435 \u043a\u0440\u0443\u0433\u043b\u043e\u0441\u0443\u0442\u043e\u0447\u043d\u043e 24\/7 \ud83c\udf1f \u0421\u0432\u0435\u0436\u0435\u0441\u0442\u044c, \u043a\u0430\u0447\u0435\u0441\u0442\u0432\u043e \u0438 \u0431\u044b\u0441\u0442\u0440\u0430\u044f \u0434\u043e\u0441\u0442\u0430\u0432\u043a\u0430! \u260e +373 79 540 540\",\"breadcrumb\":{\"@id\":\"https:\/\/birdsflowers.md\/ro\/product\/podarochnyj-nabor-nezhnyj-buket-bento-tort-i-5-sharov-krasnoe-serdcze\/#breadcrumb\"},\"inLanguage\":\"ro-RO\",\"potentialAction\":[{\"@type\":\"ReadAction\",\"target\":[\"https:\/\/birdsflowers.md\/ro\/product\/podarochnyj-nabor-nezhnyj-buket-bento-tort-i-5-sharov-krasnoe-serdcze\/\"]}]},{\"@type\":\"ImageObject\",\"inLanguage\":\"ro-RO\",\"@id\":\"https:\/\/birdsflowers.md\/ro\/product\/podarochnyj-nabor-nezhnyj-buket-bento-tort-i-5-sharov-krasnoe-serdcze\/#primaryimage\",\"url\":\"https:\/\/birdsflowers.md\/wp-content\/uploads\/2025\/06\/5330080442294072991-1.jpg\",\"contentUrl\":\"https:\/\/birdsflowers.md\/wp-content\/uploads\/2025\/06\/5330080442294072991-1.jpg\",\"width\":960,\"height\":960},{\"@type\":\"BreadcrumbList\",\"@id\":\"https:\/\/birdsflowers.md\/ro\/product\/podarochnyj-nabor-nezhnyj-buket-bento-tort-i-5-sharov-krasnoe-serdcze\/#breadcrumb\",\"itemListElement\":[{\"@type\":\"ListItem\",\"position\":1,\"name\":\"\u0413\u043b\u0430\u0432\u043d\u0430\u044f \u0441\u0442\u0440\u0430\u043d\u0438\u0446\u0430\",\"item\":\"https:\/\/birdsflowers.md\/ro\/\"},{\"@type\":\"ListItem\",\"position\":2,\"name\":\"\u041c\u0430\u0433\u0430\u0437\u0438\u043d\",\"item\":\"https:\/\/birdsflowers.md\/en\/shop\/\"},{\"@type\":\"ListItem\",\"position\":3,\"name\":\"Set Cadou &#171;Buchet Delicat, Tort Bento \u0219i 5 Baloane Inim\u0103 Ro\u0219ie&#187;\"}]},{\"@type\":\"WebSite\",\"@id\":\"https:\/\/birdsflowers.md\/ro\/#website\",\"url\":\"https:\/\/birdsflowers.md\/ro\/\",\"name\":\"Birds Flowers\",\"description\":\"\",\"potentialAction\":[{\"@type\":\"SearchAction\",\"target\":{\"@type\":\"EntryPoint\",\"urlTemplate\":\"https:\/\/birdsflowers.md\/ro\/?s={search_term_string}\"},\"query-input\":{\"@type\":\"PropertyValueSpecification\",\"valueRequired\":true,\"valueName\":\"search_term_string\"}}],\"inLanguage\":\"ro-RO\"}]}<\/script>\n<!-- \/ Yoast SEO plugin. -->","yoast_head_json":{"title":"Set Cadou \"Buchet Delicat, Tort Bento \u0219i 5 Baloane Inim\u0103 Ro\u0219ie\" - \u043a\u0443\u043f\u0438\u0442\u044c \u043e\u043d\u043b\u0430\u0439\u043d \u0432 \u041a\u0438\u0448\u0438\u043d\u0435\u0432\u0435, \u041c\u043e\u043b\u0434\u043e\u0432\u0430 | BirdsFlowers","description":"\u042d\u043a\u0441\u043a\u043b\u044e\u0437\u0438\u0432\u043d\u044b\u0439 \u0438 \u044f\u0440\u043a\u0438\u0439 Set Cadou \"Buchet Delicat, Tort Bento \u0219i 5 Baloane Inim\u0103 Ro\u0219ie\" \u043e\u0442 BirdsFlowers \u0434\u043b\u044f \u043b\u044e\u0431\u043e\u0433\u043e \u0441\u043b\u0443\u0447\u0430\u044f! \ud83c\udf38 \u0414\u043e\u0441\u0442\u0430\u0432\u043a\u0430 \u043f\u043e \u0432\u0441\u0435\u0439 \u041c\u043e\u043b\u0434\u043e\u0432\u0435 \u043a\u0440\u0443\u0433\u043b\u043e\u0441\u0443\u0442\u043e\u0447\u043d\u043e 24\/7 \ud83c\udf1f \u0421\u0432\u0435\u0436\u0435\u0441\u0442\u044c, \u043a\u0430\u0447\u0435\u0441\u0442\u0432\u043e \u0438 \u0431\u044b\u0441\u0442\u0440\u0430\u044f \u0434\u043e\u0441\u0442\u0430\u0432\u043a\u0430! \u260e +373 79 540 540","robots":{"index":"index","follow":"follow","max-snippet":"max-snippet:-1","max-image-preview":"max-image-preview:large","max-video-preview":"max-video-preview:-1"},"canonical":"https:\/\/birdsflowers.md\/ro\/product\/podarochnyj-nabor-nezhnyj-buket-bento-tort-i-5-sharov-krasnoe-serdcze\/","og_locale":"ro_RO","og_type":"article","og_title":"Set Cadou \"Buchet Delicat, Tort Bento \u0219i 5 Baloane Inim\u0103 Ro\u0219ie\" - \u043a\u0443\u043f\u0438\u0442\u044c \u043e\u043d\u043b\u0430\u0439\u043d \u0432 \u041a\u0438\u0448\u0438\u043d\u0435\u0432\u0435, \u041c\u043e\u043b\u0434\u043e\u0432\u0430 | BirdsFlowers","og_description":"\u042d\u043a\u0441\u043a\u043b\u044e\u0437\u0438\u0432\u043d\u044b\u0439 \u0438 \u044f\u0440\u043a\u0438\u0439 Set Cadou \"Buchet Delicat, Tort Bento \u0219i 5 Baloane Inim\u0103 Ro\u0219ie\" \u043e\u0442 BirdsFlowers \u0434\u043b\u044f \u043b\u044e\u0431\u043e\u0433\u043e \u0441\u043b\u0443\u0447\u0430\u044f! \ud83c\udf38 \u0414\u043e\u0441\u0442\u0430\u0432\u043a\u0430 \u043f\u043e \u0432\u0441\u0435\u0439 \u041c\u043e\u043b\u0434\u043e\u0432\u0435 \u043a\u0440\u0443\u0433\u043b\u043e\u0441\u0443\u0442\u043e\u0447\u043d\u043e 24\/7 \ud83c\udf1f \u0421\u0432\u0435\u0436\u0435\u0441\u0442\u044c, \u043a\u0430\u0447\u0435\u0441\u0442\u0432\u043e \u0438 \u0431\u044b\u0441\u0442\u0440\u0430\u044f \u0434\u043e\u0441\u0442\u0430\u0432\u043a\u0430! \u260e +373 79 540 540","og_url":"https:\/\/birdsflowers.md\/ro\/product\/podarochnyj-nabor-nezhnyj-buket-bento-tort-i-5-sharov-krasnoe-serdcze\/","og_site_name":"Birds&amp;Flowers","article_modified_time":"2025-06-03T11:30:39+00:00","og_image":[{"width":960,"height":960,"url":"https:\/\/birdsflowers.md\/wp-content\/uploads\/2025\/06\/5330080442294072991-1.jpg","type":"image\/jpeg"}],"twitter_card":"summary_large_image","twitter_misc":{"Timp estimat pentru citire":"1 minut"},"schema":{"@context":"https:\/\/schema.org","@graph":[{"@type":["WebPage","ItemPage"],"@id":"https:\/\/birdsflowers.md\/ro\/product\/podarochnyj-nabor-nezhnyj-buket-bento-tort-i-5-sharov-krasnoe-serdcze\/","url":"https:\/\/birdsflowers.md\/ro\/product\/podarochnyj-nabor-nezhnyj-buket-bento-tort-i-5-sharov-krasnoe-serdcze\/","name":"Set Cadou \"Buchet Delicat, Tort Bento \u0219i 5 Baloane Inim\u0103 Ro\u0219ie\" - \u043a\u0443\u043f\u0438\u0442\u044c \u043e\u043d\u043b\u0430\u0439\u043d \u0432 \u041a\u0438\u0448\u0438\u043d\u0435\u0432\u0435, \u041c\u043e\u043b\u0434\u043e\u0432\u0430 | BirdsFlowers","isPartOf":{"@id":"https:\/\/birdsflowers.md\/ro\/#website"},"primaryImageOfPage":{"@id":"https:\/\/birdsflowers.md\/ro\/product\/podarochnyj-nabor-nezhnyj-buket-bento-tort-i-5-sharov-krasnoe-serdcze\/#primaryimage"},"image":{"@id":"https:\/\/birdsflowers.md\/ro\/product\/podarochnyj-nabor-nezhnyj-buket-bento-tort-i-5-sharov-krasnoe-serdcze\/#primaryimage"},"thumbnailUrl":"https:\/\/birdsflowers.md\/wp-content\/uploads\/2025\/06\/5330080442294072991-1.jpg","datePublished":"2025-06-03T11:27:15+00:00","dateModified":"2025-06-03T11:30:39+00:00","description":"\u042d\u043a\u0441\u043a\u043b\u044e\u0437\u0438\u0432\u043d\u044b\u0439 \u0438 \u044f\u0440\u043a\u0438\u0439 Set Cadou \"Buchet Delicat, Tort Bento \u0219i 5 Baloane Inim\u0103 Ro\u0219ie\" \u043e\u0442 BirdsFlowers \u0434\u043b\u044f \u043b\u044e\u0431\u043e\u0433\u043e \u0441\u043b\u0443\u0447\u0430\u044f! \ud83c\udf38 \u0414\u043e\u0441\u0442\u0430\u0432\u043a\u0430 \u043f\u043e \u0432\u0441\u0435\u0439 \u041c\u043e\u043b\u0434\u043e\u0432\u0435 \u043a\u0440\u0443\u0433\u043b\u043e\u0441\u0443\u0442\u043e\u0447\u043d\u043e 24\/7 \ud83c\udf1f \u0421\u0432\u0435\u0436\u0435\u0441\u0442\u044c, \u043a\u0430\u0447\u0435\u0441\u0442\u0432\u043e \u0438 \u0431\u044b\u0441\u0442\u0440\u0430\u044f \u0434\u043e\u0441\u0442\u0430\u0432\u043a\u0430! \u260e +373 79 540 540","breadcrumb":{"@id":"https:\/\/birdsflowers.md\/ro\/product\/podarochnyj-nabor-nezhnyj-buket-bento-tort-i-5-sharov-krasnoe-serdcze\/#breadcrumb"},"inLanguage":"ro-RO","potentialAction":[{"@type":"ReadAction","target":["https:\/\/birdsflowers.md\/ro\/product\/podarochnyj-nabor-nezhnyj-buket-bento-tort-i-5-sharov-krasnoe-serdcze\/"]}]},{"@type":"ImageObject","inLanguage":"ro-RO","@id":"https:\/\/birdsflowers.md\/ro\/product\/podarochnyj-nabor-nezhnyj-buket-bento-tort-i-5-sharov-krasnoe-serdcze\/#primaryimage","url":"https:\/\/birdsflowers.md\/wp-content\/uploads\/2025\/06\/5330080442294072991-1.jpg","contentUrl":"https:\/\/birdsflowers.md\/wp-content\/uploads\/2025\/06\/5330080442294072991-1.jpg","width":960,"height":960},{"@type":"BreadcrumbList","@id":"https:\/\/birdsflowers.md\/ro\/product\/podarochnyj-nabor-nezhnyj-buket-bento-tort-i-5-sharov-krasnoe-serdcze\/#breadcrumb","itemListElement":[{"@type":"ListItem","position":1,"name":"\u0413\u043b\u0430\u0432\u043d\u0430\u044f \u0441\u0442\u0440\u0430\u043d\u0438\u0446\u0430","item":"https:\/\/birdsflowers.md\/ro\/"},{"@type":"ListItem","position":2,"name":"\u041c\u0430\u0433\u0430\u0437\u0438\u043d","item":"https:\/\/birdsflowers.md\/en\/shop\/"},{"@type":"ListItem","position":3,"name":"Set Cadou &#171;Buchet Delicat, Tort Bento \u0219i 5 Baloane Inim\u0103 Ro\u0219ie&#187;"}]},{"@type":"WebSite","@id":"https:\/\/birdsflowers.md\/ro\/#website","url":"https:\/\/birdsflowers.md\/ro\/","name":"Birds Flowers","description":"","potentialAction":[{"@type":"SearchAction","target":{"@type":"EntryPoint","urlTemplate":"https:\/\/birdsflowers.md\/ro\/?s={search_term_string}"},"query-input":{"@type":"PropertyValueSpecification","valueRequired":true,"valueName":"search_term_string"}}],"inLanguage":"ro-RO"}]}},"_links":{"self":[{"href":"https:\/\/birdsflowers.md\/ro\/wp-json\/wp\/v2\/product\/6112","targetHints":{"allow":["GET"]}}],"collection":[{"href":"https:\/\/birdsflowers.md\/ro\/wp-json\/wp\/v2\/product"}],"about":[{"href":"https:\/\/birdsflowers.md\/ro\/wp-json\/wp\/v2\/types\/product"}],"replies":[{"embeddable":true,"href":"https:\/\/birdsflowers.md\/ro\/wp-json\/wp\/v2\/comments?post=6112"}],"wp:featuredmedia":[{"embeddable":true,"href":"https:\/\/birdsflowers.md\/ro\/wp-json\/wp\/v2\/media\/6110"}],"wp:attachment":[{"href":"https:\/\/birdsflowers.md\/ro\/wp-json\/wp\/v2\/media?parent=6112"}],"wp:term":[{"taxonomy":"product_brand","embeddable":true,"href":"https:\/\/birdsflowers.md\/ro\/wp-json\/wp\/v2\/product_brand?post=6112"},{"taxonomy":"product_cat","embeddable":true,"href":"https:\/\/birdsflowers.md\/ro\/wp-json\/wp\/v2\/product_cat?post=6112"},{"taxonomy":"product_tag","embeddable":true,"href":"https:\/\/birdsflowers.md\/ro\/wp-json\/wp\/v2\/product_tag?post=6112"}],"curies":[{"name":"wp","href":"https:\/\/api.w.org\/{rel}","templated":true}]}}