{"id":6285,"date":"2025-06-18T17:27:21","date_gmt":"2025-06-18T14:27:21","guid":{"rendered":"https:\/\/birdsflowers.md\/product\/podarochnyj-nabor-klapp-krem-dlya-licza-gel-dlya-vek\/"},"modified":"2025-06-18T17:32:27","modified_gmt":"2025-06-18T14:32:27","slug":"podarochnyj-nabor-klapp-krem-dlya-licza-gel-dlya-vek","status":"publish","type":"product","link":"https:\/\/birdsflowers.md\/ro\/product\/podarochnyj-nabor-klapp-krem-dlya-licza-gel-dlya-vek\/","title":{"rendered":"Set cadou KLAPP \u201eCrem\u0103 pentru fa\u021b\u0103 + Gel pentru ochi\u201d"},"content":{"rendered":"","protected":false},"excerpt":{"rendered":"<p data-start=\"1236\" data-end=\"1340\"><strong data-start=\"1236\" data-end=\"1293\">Set cadou KLAPP \u201eCrem\u0103 pentru fa\u021b\u0103 + Gel pentru ochi\u201d<\/strong><br data-start=\"1293\" data-end=\"1296\" \/><strong data-start=\"1296\" data-end=\"1340\">\u00cengrijire inovatoare. Rezultate premium.<\/strong><\/p>\r\n<p data-start=\"1342\" data-end=\"1503\">Ofer\u0103 pielii tale un tratament profesional cu acest set anti-\u00eemb\u0103tr\u00e2nire de la brandul german legendar <strong data-start=\"1445\" data-end=\"1464\">KLAPP COSMETICS<\/strong>, lider \u00een inova\u021bia cosmetic\u0103 din 1980.<\/p>\r\n<p data-start=\"1505\" data-end=\"1523\"><strong data-start=\"1505\" data-end=\"1523\">Setul con\u021bine:<\/strong><\/p>\r\n<p data-start=\"1525\" data-end=\"1822\">\ud83d\udd38 <strong data-start=\"1528\" data-end=\"1572\">Crem\u0103 de zi \u0219i noapte pentru fa\u021b\u0103, 50 ml<\/strong><br data-start=\"1572\" data-end=\"1575\" \/>\u2014 Hidrateaz\u0103 intens pielea la toate nivelurile<br data-start=\"1621\" data-end=\"1624\" \/>\u2014 Restaureaz\u0103 bariera natural\u0103 de protec\u021bie a pielii<br data-start=\"1676\" data-end=\"1679\" \/>\u2014 Stimuleaz\u0103 sinteza natural\u0103 de acid hialuronic<br data-start=\"1727\" data-end=\"1730\" \/>\u2014 Reduce irita\u021biile \u0219i ad\u00e2ncimea ridurilor<br data-start=\"1772\" data-end=\"1775\" \/>\u2014 Ofer\u0103 un ton uniform \u0219i o str\u0103lucire natural\u0103<\/p>\r\n<p data-start=\"1824\" data-end=\"1940\"><strong data-start=\"1824\" data-end=\"1846\">Ingrediente cheie:<\/strong><br data-start=\"1846\" data-end=\"1849\" \/>Hyalufixta, EPICA\u00ae, acid hialuronic, ulei de jojoba, ulei din s\u00e2mburi de struguri, squalan.<\/p>\r\n<p data-start=\"1942\" data-end=\"2177\">\ud83d\udd38 <strong data-start=\"1945\" data-end=\"1983\">Gel pentru conturul ochilor, 15 ml<\/strong><br data-start=\"1983\" data-end=\"1986\" \/>\u2014 Catifeleaz\u0103 \u0219i hidrateaz\u0103 pielea sensibil\u0103 din jurul ochilor<br data-start=\"2048\" data-end=\"2051\" \/>\u2014 Reduce umfl\u0103turile \u0219i liniile fine<br data-start=\"2087\" data-end=\"2090\" \/>\u2014 Red\u0103 luminozitatea \u0219i deschide privirea<br data-start=\"2131\" data-end=\"2134\" \/>\u2014 Confer\u0103 o senza\u021bie imediat\u0103 de prospe\u021bime<\/p>\r\n<p data-start=\"2179\" data-end=\"2344\"><strong data-start=\"2179\" data-end=\"2215\">Ideal pentru cei care apreciaz\u0103:<\/strong><br data-start=\"2215\" data-end=\"2218\" \/>\u2714 \u00cengrijire premium<br data-start=\"2237\" data-end=\"2240\" \/>\u2714 Efect de salon acas\u0103<br data-start=\"2262\" data-end=\"2265\" \/>\u2714 Abordare \u0219tiin\u021bific\u0103 a frumuse\u021bii<br data-start=\"2300\" data-end=\"2303\" \/>\u2714 Un format elegant, gata de oferit cadou<\/p>\r\n<p data-start=\"2346\" data-end=\"2522\"><strong data-start=\"2346\" data-end=\"2355\">KLAPP<\/strong> nu este doar un brand cosmetic, ci \u0219tiin\u021ba frumuse\u021bii, validat\u0103 de institute de renume din Germania.<br data-start=\"2456\" data-end=\"2459\" \/>D\u0103ruie\u0219te \u00eengrijire testat\u0103 \u00een timp \u0219i sus\u021binut\u0103 de tehnologie.<\/p>","protected":false},"featured_media":6266,"comment_status":"open","ping_status":"closed","template":"","meta":{"_acf_changed":false},"product_brand":[],"product_cat":[154,179,205,193,188,211,227,230,237],"product_tag":[],"class_list":{"0":"post-6285","1":"product","2":"type-product","3":"status-publish","4":"has-post-thumbnail","6":"product_cat-cadouri","7":"product_cat-14-februarie","8":"product_cat-8-martie","9":"product_cat-barbati","10":"product_cat-femei","11":"product_cat-mama","12":"product_cat-nasi","13":"product_cat-tata","14":"product_cat-nastere","16":"first","17":"instock","18":"shipping-taxable","19":"purchasable","20":"product-type-simple"},"acf":[],"yoast_head":"<!-- This site is optimized with the Yoast SEO plugin v26.8 - https:\/\/yoast.com\/product\/yoast-seo-wordpress\/ -->\n<title>Set cadou KLAPP \u201eCrem\u0103 pentru fa\u021b\u0103 + Gel pentru ochi\u201d - \u043a\u0443\u043f\u0438\u0442\u044c \u043e\u043d\u043b\u0430\u0439\u043d \u0432 \u041a\u0438\u0448\u0438\u043d\u0435\u0432\u0435, \u041c\u043e\u043b\u0434\u043e\u0432\u0430 | BirdsFlowers<\/title>\n<meta name=\"description\" content=\"\u042d\u043a\u0441\u043a\u043b\u044e\u0437\u0438\u0432\u043d\u044b\u0439 \u0438 \u044f\u0440\u043a\u0438\u0439 Set cadou KLAPP \u201eCrem\u0103 pentru fa\u021b\u0103 + Gel pentru ochi\u201d \u043e\u0442 BirdsFlowers \u0434\u043b\u044f \u043b\u044e\u0431\u043e\u0433\u043e \u0441\u043b\u0443\u0447\u0430\u044f! \ud83c\udf38 \u0414\u043e\u0441\u0442\u0430\u0432\u043a\u0430 \u043f\u043e \u0432\u0441\u0435\u0439 \u041c\u043e\u043b\u0434\u043e\u0432\u0435 \u043a\u0440\u0443\u0433\u043b\u043e\u0441\u0443\u0442\u043e\u0447\u043d\u043e 24\/7 \ud83c\udf1f \u0421\u0432\u0435\u0436\u0435\u0441\u0442\u044c, \u043a\u0430\u0447\u0435\u0441\u0442\u0432\u043e \u0438 \u0431\u044b\u0441\u0442\u0440\u0430\u044f \u0434\u043e\u0441\u0442\u0430\u0432\u043a\u0430! \u260e +373 79 540 540\" \/>\n<meta name=\"robots\" content=\"index, follow, max-snippet:-1, max-image-preview:large, max-video-preview:-1\" \/>\n<link rel=\"canonical\" href=\"https:\/\/birdsflowers.md\/ro\/product\/podarochnyj-nabor-klapp-krem-dlya-licza-gel-dlya-vek\/\" \/>\n<meta property=\"og:locale\" content=\"ro_RO\" \/>\n<meta property=\"og:type\" content=\"article\" \/>\n<meta property=\"og:title\" content=\"Set cadou KLAPP \u201eCrem\u0103 pentru fa\u021b\u0103 + Gel pentru ochi\u201d - \u043a\u0443\u043f\u0438\u0442\u044c \u043e\u043d\u043b\u0430\u0439\u043d \u0432 \u041a\u0438\u0448\u0438\u043d\u0435\u0432\u0435, \u041c\u043e\u043b\u0434\u043e\u0432\u0430 | BirdsFlowers\" \/>\n<meta property=\"og:description\" content=\"\u042d\u043a\u0441\u043a\u043b\u044e\u0437\u0438\u0432\u043d\u044b\u0439 \u0438 \u044f\u0440\u043a\u0438\u0439 Set cadou KLAPP \u201eCrem\u0103 pentru fa\u021b\u0103 + Gel pentru ochi\u201d \u043e\u0442 BirdsFlowers \u0434\u043b\u044f \u043b\u044e\u0431\u043e\u0433\u043e \u0441\u043b\u0443\u0447\u0430\u044f! \ud83c\udf38 \u0414\u043e\u0441\u0442\u0430\u0432\u043a\u0430 \u043f\u043e \u0432\u0441\u0435\u0439 \u041c\u043e\u043b\u0434\u043e\u0432\u0435 \u043a\u0440\u0443\u0433\u043b\u043e\u0441\u0443\u0442\u043e\u0447\u043d\u043e 24\/7 \ud83c\udf1f \u0421\u0432\u0435\u0436\u0435\u0441\u0442\u044c, \u043a\u0430\u0447\u0435\u0441\u0442\u0432\u043e \u0438 \u0431\u044b\u0441\u0442\u0440\u0430\u044f \u0434\u043e\u0441\u0442\u0430\u0432\u043a\u0430! \u260e +373 79 540 540\" \/>\n<meta property=\"og:url\" content=\"https:\/\/birdsflowers.md\/ro\/product\/podarochnyj-nabor-klapp-krem-dlya-licza-gel-dlya-vek\/\" \/>\n<meta property=\"og:site_name\" content=\"Birds&amp;Flowers\" \/>\n<meta property=\"article:modified_time\" content=\"2025-06-18T14:32:27+00:00\" \/>\n<meta property=\"og:image\" content=\"https:\/\/birdsflowers.md\/wp-content\/uploads\/2025\/06\/foto_nabora_11.jpg\" \/>\n\t<meta property=\"og:image:width\" content=\"1031\" \/>\n\t<meta property=\"og:image:height\" content=\"1031\" \/>\n\t<meta property=\"og:image:type\" content=\"image\/jpeg\" \/>\n<meta name=\"twitter:card\" content=\"summary_large_image\" \/>\n<meta name=\"twitter:label1\" content=\"Timp estimat pentru citire\" \/>\n\t<meta name=\"twitter:data1\" content=\"1 minut\" \/>\n<script type=\"application\/ld+json\" class=\"yoast-schema-graph\">{\"@context\":\"https:\/\/schema.org\",\"@graph\":[{\"@type\":[\"WebPage\",\"ItemPage\"],\"@id\":\"https:\/\/birdsflowers.md\/ro\/product\/podarochnyj-nabor-klapp-krem-dlya-licza-gel-dlya-vek\/\",\"url\":\"https:\/\/birdsflowers.md\/ro\/product\/podarochnyj-nabor-klapp-krem-dlya-licza-gel-dlya-vek\/\",\"name\":\"Set cadou KLAPP \u201eCrem\u0103 pentru fa\u021b\u0103 + Gel pentru ochi\u201d - \u043a\u0443\u043f\u0438\u0442\u044c \u043e\u043d\u043b\u0430\u0439\u043d \u0432 \u041a\u0438\u0448\u0438\u043d\u0435\u0432\u0435, \u041c\u043e\u043b\u0434\u043e\u0432\u0430 | BirdsFlowers\",\"isPartOf\":{\"@id\":\"https:\/\/birdsflowers.md\/ro\/#website\"},\"primaryImageOfPage\":{\"@id\":\"https:\/\/birdsflowers.md\/ro\/product\/podarochnyj-nabor-klapp-krem-dlya-licza-gel-dlya-vek\/#primaryimage\"},\"image\":{\"@id\":\"https:\/\/birdsflowers.md\/ro\/product\/podarochnyj-nabor-klapp-krem-dlya-licza-gel-dlya-vek\/#primaryimage\"},\"thumbnailUrl\":\"https:\/\/birdsflowers.md\/wp-content\/uploads\/2025\/06\/foto_nabora_11.jpg\",\"datePublished\":\"2025-06-18T14:27:21+00:00\",\"dateModified\":\"2025-06-18T14:32:27+00:00\",\"description\":\"\u042d\u043a\u0441\u043a\u043b\u044e\u0437\u0438\u0432\u043d\u044b\u0439 \u0438 \u044f\u0440\u043a\u0438\u0439 Set cadou KLAPP \u201eCrem\u0103 pentru fa\u021b\u0103 + Gel pentru ochi\u201d \u043e\u0442 BirdsFlowers \u0434\u043b\u044f \u043b\u044e\u0431\u043e\u0433\u043e \u0441\u043b\u0443\u0447\u0430\u044f! \ud83c\udf38 \u0414\u043e\u0441\u0442\u0430\u0432\u043a\u0430 \u043f\u043e \u0432\u0441\u0435\u0439 \u041c\u043e\u043b\u0434\u043e\u0432\u0435 \u043a\u0440\u0443\u0433\u043b\u043e\u0441\u0443\u0442\u043e\u0447\u043d\u043e 24\/7 \ud83c\udf1f \u0421\u0432\u0435\u0436\u0435\u0441\u0442\u044c, \u043a\u0430\u0447\u0435\u0441\u0442\u0432\u043e \u0438 \u0431\u044b\u0441\u0442\u0440\u0430\u044f \u0434\u043e\u0441\u0442\u0430\u0432\u043a\u0430! \u260e +373 79 540 540\",\"breadcrumb\":{\"@id\":\"https:\/\/birdsflowers.md\/ro\/product\/podarochnyj-nabor-klapp-krem-dlya-licza-gel-dlya-vek\/#breadcrumb\"},\"inLanguage\":\"ro-RO\",\"potentialAction\":[{\"@type\":\"ReadAction\",\"target\":[\"https:\/\/birdsflowers.md\/ro\/product\/podarochnyj-nabor-klapp-krem-dlya-licza-gel-dlya-vek\/\"]}]},{\"@type\":\"ImageObject\",\"inLanguage\":\"ro-RO\",\"@id\":\"https:\/\/birdsflowers.md\/ro\/product\/podarochnyj-nabor-klapp-krem-dlya-licza-gel-dlya-vek\/#primaryimage\",\"url\":\"https:\/\/birdsflowers.md\/wp-content\/uploads\/2025\/06\/foto_nabora_11.jpg\",\"contentUrl\":\"https:\/\/birdsflowers.md\/wp-content\/uploads\/2025\/06\/foto_nabora_11.jpg\",\"width\":1031,\"height\":1031},{\"@type\":\"BreadcrumbList\",\"@id\":\"https:\/\/birdsflowers.md\/ro\/product\/podarochnyj-nabor-klapp-krem-dlya-licza-gel-dlya-vek\/#breadcrumb\",\"itemListElement\":[{\"@type\":\"ListItem\",\"position\":1,\"name\":\"\u0413\u043b\u0430\u0432\u043d\u0430\u044f \u0441\u0442\u0440\u0430\u043d\u0438\u0446\u0430\",\"item\":\"https:\/\/birdsflowers.md\/ro\/\"},{\"@type\":\"ListItem\",\"position\":2,\"name\":\"\u041c\u0430\u0433\u0430\u0437\u0438\u043d\",\"item\":\"https:\/\/birdsflowers.md\/en\/shop\/\"},{\"@type\":\"ListItem\",\"position\":3,\"name\":\"Set cadou KLAPP \u201eCrem\u0103 pentru fa\u021b\u0103 + Gel pentru ochi\u201d\"}]},{\"@type\":\"WebSite\",\"@id\":\"https:\/\/birdsflowers.md\/ro\/#website\",\"url\":\"https:\/\/birdsflowers.md\/ro\/\",\"name\":\"Birds Flowers\",\"description\":\"\",\"potentialAction\":[{\"@type\":\"SearchAction\",\"target\":{\"@type\":\"EntryPoint\",\"urlTemplate\":\"https:\/\/birdsflowers.md\/ro\/?s={search_term_string}\"},\"query-input\":{\"@type\":\"PropertyValueSpecification\",\"valueRequired\":true,\"valueName\":\"search_term_string\"}}],\"inLanguage\":\"ro-RO\"}]}<\/script>\n<!-- \/ Yoast SEO plugin. -->","yoast_head_json":{"title":"Set cadou KLAPP \u201eCrem\u0103 pentru fa\u021b\u0103 + Gel pentru ochi\u201d - \u043a\u0443\u043f\u0438\u0442\u044c \u043e\u043d\u043b\u0430\u0439\u043d \u0432 \u041a\u0438\u0448\u0438\u043d\u0435\u0432\u0435, \u041c\u043e\u043b\u0434\u043e\u0432\u0430 | BirdsFlowers","description":"\u042d\u043a\u0441\u043a\u043b\u044e\u0437\u0438\u0432\u043d\u044b\u0439 \u0438 \u044f\u0440\u043a\u0438\u0439 Set cadou KLAPP \u201eCrem\u0103 pentru fa\u021b\u0103 + Gel pentru ochi\u201d \u043e\u0442 BirdsFlowers \u0434\u043b\u044f \u043b\u044e\u0431\u043e\u0433\u043e \u0441\u043b\u0443\u0447\u0430\u044f! \ud83c\udf38 \u0414\u043e\u0441\u0442\u0430\u0432\u043a\u0430 \u043f\u043e \u0432\u0441\u0435\u0439 \u041c\u043e\u043b\u0434\u043e\u0432\u0435 \u043a\u0440\u0443\u0433\u043b\u043e\u0441\u0443\u0442\u043e\u0447\u043d\u043e 24\/7 \ud83c\udf1f \u0421\u0432\u0435\u0436\u0435\u0441\u0442\u044c, \u043a\u0430\u0447\u0435\u0441\u0442\u0432\u043e \u0438 \u0431\u044b\u0441\u0442\u0440\u0430\u044f \u0434\u043e\u0441\u0442\u0430\u0432\u043a\u0430! \u260e +373 79 540 540","robots":{"index":"index","follow":"follow","max-snippet":"max-snippet:-1","max-image-preview":"max-image-preview:large","max-video-preview":"max-video-preview:-1"},"canonical":"https:\/\/birdsflowers.md\/ro\/product\/podarochnyj-nabor-klapp-krem-dlya-licza-gel-dlya-vek\/","og_locale":"ro_RO","og_type":"article","og_title":"Set cadou KLAPP \u201eCrem\u0103 pentru fa\u021b\u0103 + Gel pentru ochi\u201d - \u043a\u0443\u043f\u0438\u0442\u044c \u043e\u043d\u043b\u0430\u0439\u043d \u0432 \u041a\u0438\u0448\u0438\u043d\u0435\u0432\u0435, \u041c\u043e\u043b\u0434\u043e\u0432\u0430 | BirdsFlowers","og_description":"\u042d\u043a\u0441\u043a\u043b\u044e\u0437\u0438\u0432\u043d\u044b\u0439 \u0438 \u044f\u0440\u043a\u0438\u0439 Set cadou KLAPP \u201eCrem\u0103 pentru fa\u021b\u0103 + Gel pentru ochi\u201d \u043e\u0442 BirdsFlowers \u0434\u043b\u044f \u043b\u044e\u0431\u043e\u0433\u043e \u0441\u043b\u0443\u0447\u0430\u044f! \ud83c\udf38 \u0414\u043e\u0441\u0442\u0430\u0432\u043a\u0430 \u043f\u043e \u0432\u0441\u0435\u0439 \u041c\u043e\u043b\u0434\u043e\u0432\u0435 \u043a\u0440\u0443\u0433\u043b\u043e\u0441\u0443\u0442\u043e\u0447\u043d\u043e 24\/7 \ud83c\udf1f \u0421\u0432\u0435\u0436\u0435\u0441\u0442\u044c, \u043a\u0430\u0447\u0435\u0441\u0442\u0432\u043e \u0438 \u0431\u044b\u0441\u0442\u0440\u0430\u044f \u0434\u043e\u0441\u0442\u0430\u0432\u043a\u0430! \u260e +373 79 540 540","og_url":"https:\/\/birdsflowers.md\/ro\/product\/podarochnyj-nabor-klapp-krem-dlya-licza-gel-dlya-vek\/","og_site_name":"Birds&amp;Flowers","article_modified_time":"2025-06-18T14:32:27+00:00","og_image":[{"width":1031,"height":1031,"url":"https:\/\/birdsflowers.md\/wp-content\/uploads\/2025\/06\/foto_nabora_11.jpg","type":"image\/jpeg"}],"twitter_card":"summary_large_image","twitter_misc":{"Timp estimat pentru citire":"1 minut"},"schema":{"@context":"https:\/\/schema.org","@graph":[{"@type":["WebPage","ItemPage"],"@id":"https:\/\/birdsflowers.md\/ro\/product\/podarochnyj-nabor-klapp-krem-dlya-licza-gel-dlya-vek\/","url":"https:\/\/birdsflowers.md\/ro\/product\/podarochnyj-nabor-klapp-krem-dlya-licza-gel-dlya-vek\/","name":"Set cadou KLAPP \u201eCrem\u0103 pentru fa\u021b\u0103 + Gel pentru ochi\u201d - \u043a\u0443\u043f\u0438\u0442\u044c \u043e\u043d\u043b\u0430\u0439\u043d \u0432 \u041a\u0438\u0448\u0438\u043d\u0435\u0432\u0435, \u041c\u043e\u043b\u0434\u043e\u0432\u0430 | BirdsFlowers","isPartOf":{"@id":"https:\/\/birdsflowers.md\/ro\/#website"},"primaryImageOfPage":{"@id":"https:\/\/birdsflowers.md\/ro\/product\/podarochnyj-nabor-klapp-krem-dlya-licza-gel-dlya-vek\/#primaryimage"},"image":{"@id":"https:\/\/birdsflowers.md\/ro\/product\/podarochnyj-nabor-klapp-krem-dlya-licza-gel-dlya-vek\/#primaryimage"},"thumbnailUrl":"https:\/\/birdsflowers.md\/wp-content\/uploads\/2025\/06\/foto_nabora_11.jpg","datePublished":"2025-06-18T14:27:21+00:00","dateModified":"2025-06-18T14:32:27+00:00","description":"\u042d\u043a\u0441\u043a\u043b\u044e\u0437\u0438\u0432\u043d\u044b\u0439 \u0438 \u044f\u0440\u043a\u0438\u0439 Set cadou KLAPP \u201eCrem\u0103 pentru fa\u021b\u0103 + Gel pentru ochi\u201d \u043e\u0442 BirdsFlowers \u0434\u043b\u044f \u043b\u044e\u0431\u043e\u0433\u043e \u0441\u043b\u0443\u0447\u0430\u044f! \ud83c\udf38 \u0414\u043e\u0441\u0442\u0430\u0432\u043a\u0430 \u043f\u043e \u0432\u0441\u0435\u0439 \u041c\u043e\u043b\u0434\u043e\u0432\u0435 \u043a\u0440\u0443\u0433\u043b\u043e\u0441\u0443\u0442\u043e\u0447\u043d\u043e 24\/7 \ud83c\udf1f \u0421\u0432\u0435\u0436\u0435\u0441\u0442\u044c, \u043a\u0430\u0447\u0435\u0441\u0442\u0432\u043e \u0438 \u0431\u044b\u0441\u0442\u0440\u0430\u044f \u0434\u043e\u0441\u0442\u0430\u0432\u043a\u0430! \u260e +373 79 540 540","breadcrumb":{"@id":"https:\/\/birdsflowers.md\/ro\/product\/podarochnyj-nabor-klapp-krem-dlya-licza-gel-dlya-vek\/#breadcrumb"},"inLanguage":"ro-RO","potentialAction":[{"@type":"ReadAction","target":["https:\/\/birdsflowers.md\/ro\/product\/podarochnyj-nabor-klapp-krem-dlya-licza-gel-dlya-vek\/"]}]},{"@type":"ImageObject","inLanguage":"ro-RO","@id":"https:\/\/birdsflowers.md\/ro\/product\/podarochnyj-nabor-klapp-krem-dlya-licza-gel-dlya-vek\/#primaryimage","url":"https:\/\/birdsflowers.md\/wp-content\/uploads\/2025\/06\/foto_nabora_11.jpg","contentUrl":"https:\/\/birdsflowers.md\/wp-content\/uploads\/2025\/06\/foto_nabora_11.jpg","width":1031,"height":1031},{"@type":"BreadcrumbList","@id":"https:\/\/birdsflowers.md\/ro\/product\/podarochnyj-nabor-klapp-krem-dlya-licza-gel-dlya-vek\/#breadcrumb","itemListElement":[{"@type":"ListItem","position":1,"name":"\u0413\u043b\u0430\u0432\u043d\u0430\u044f \u0441\u0442\u0440\u0430\u043d\u0438\u0446\u0430","item":"https:\/\/birdsflowers.md\/ro\/"},{"@type":"ListItem","position":2,"name":"\u041c\u0430\u0433\u0430\u0437\u0438\u043d","item":"https:\/\/birdsflowers.md\/en\/shop\/"},{"@type":"ListItem","position":3,"name":"Set cadou KLAPP \u201eCrem\u0103 pentru fa\u021b\u0103 + Gel pentru ochi\u201d"}]},{"@type":"WebSite","@id":"https:\/\/birdsflowers.md\/ro\/#website","url":"https:\/\/birdsflowers.md\/ro\/","name":"Birds Flowers","description":"","potentialAction":[{"@type":"SearchAction","target":{"@type":"EntryPoint","urlTemplate":"https:\/\/birdsflowers.md\/ro\/?s={search_term_string}"},"query-input":{"@type":"PropertyValueSpecification","valueRequired":true,"valueName":"search_term_string"}}],"inLanguage":"ro-RO"}]}},"_links":{"self":[{"href":"https:\/\/birdsflowers.md\/ro\/wp-json\/wp\/v2\/product\/6285","targetHints":{"allow":["GET"]}}],"collection":[{"href":"https:\/\/birdsflowers.md\/ro\/wp-json\/wp\/v2\/product"}],"about":[{"href":"https:\/\/birdsflowers.md\/ro\/wp-json\/wp\/v2\/types\/product"}],"replies":[{"embeddable":true,"href":"https:\/\/birdsflowers.md\/ro\/wp-json\/wp\/v2\/comments?post=6285"}],"wp:featuredmedia":[{"embeddable":true,"href":"https:\/\/birdsflowers.md\/ro\/wp-json\/wp\/v2\/media\/6266"}],"wp:attachment":[{"href":"https:\/\/birdsflowers.md\/ro\/wp-json\/wp\/v2\/media?parent=6285"}],"wp:term":[{"taxonomy":"product_brand","embeddable":true,"href":"https:\/\/birdsflowers.md\/ro\/wp-json\/wp\/v2\/product_brand?post=6285"},{"taxonomy":"product_cat","embeddable":true,"href":"https:\/\/birdsflowers.md\/ro\/wp-json\/wp\/v2\/product_cat?post=6285"},{"taxonomy":"product_tag","embeddable":true,"href":"https:\/\/birdsflowers.md\/ro\/wp-json\/wp\/v2\/product_tag?post=6285"}],"curies":[{"name":"wp","href":"https:\/\/api.w.org\/{rel}","templated":true}]}}