{"id":6296,"date":"2025-06-18T17:55:22","date_gmt":"2025-06-18T14:55:22","guid":{"rendered":"https:\/\/birdsflowers.md\/product\/muzhskoj-nabor-dlya-licza-klapp-syvorotka-gidrokrem\/"},"modified":"2025-06-18T17:59:57","modified_gmt":"2025-06-18T14:59:57","slug":"muzhskoj-nabor-dlya-licza-klapp-syvorotka-gidrokrem","status":"publish","type":"product","link":"https:\/\/birdsflowers.md\/ro\/product\/muzhskoj-nabor-dlya-licza-klapp-syvorotka-gidrokrem\/","title":{"rendered":"Set de \u00eengrijire a fe\u021bei pentru b\u0103rba\u021bi: Ser crem\u0103 \/ Men Face Care Set"},"content":{"rendered":"","protected":false},"excerpt":{"rendered":"<p data-start=\"1365\" data-end=\"1485\"><strong data-start=\"1365\" data-end=\"1408\">Set cadou KLAPP MEN \u201eHydro Cream + Ser\u201d<\/strong><br data-start=\"1408\" data-end=\"1411\" \/><strong data-start=\"1411\" data-end=\"1485\">\u00cengrijire masculin\u0103 de nou\u0103 genera\u021bie. Prospe\u021bime. Energie. Protec\u021bie.<\/strong><\/p>\r\n<p data-start=\"1487\" data-end=\"1615\">\u00cengrijire profesional\u0103 anti-\u00eemb\u0103tr\u00e2nire de la <strong data-start=\"1533\" data-end=\"1552\">KLAPP COSMETICS<\/strong>, brand german de renume, lider \u00een inova\u021bia cosmetic\u0103 din 1980.<\/p>\r\n<p data-start=\"1617\" data-end=\"1635\"><strong data-start=\"1617\" data-end=\"1635\">Setul con\u021bine:<\/strong><\/p>\r\n<p data-start=\"1637\" data-end=\"1895\">\ud83d\udd38 <strong data-start=\"1640\" data-end=\"1660\">Crem\u0103-ser, 15 ml<\/strong><br data-start=\"1660\" data-end=\"1663\" \/>\u2014 Hidrateaz\u0103, tonific\u0103 \u0219i red\u0103 fermitate<br data-start=\"1703\" data-end=\"1706\" \/>\u2014 Reduce ridurile \u0219i semnele de oboseal\u0103<br data-start=\"1746\" data-end=\"1749\" \/>\u2014 Ac\u021biune antioxidant\u0103 intens\u0103<br data-start=\"1779\" data-end=\"1782\" \/>\u2014 Revigoreaz\u0103 pielea \u0219i ofer\u0103 energie<br data-start=\"1819\" data-end=\"1822\" \/>\u2014 Poate fi folosit ca ser dup\u0103 ras (\u00eencetine\u0219te cre\u0219terea firelor de p\u0103r)<\/p>\r\n<p data-start=\"1897\" data-end=\"2046\"><strong data-start=\"1897\" data-end=\"1919\">Ingrediente cheie:<\/strong><br data-start=\"1919\" data-end=\"1922\" \/>Extract din scoar\u021b\u0103 de albizia, sev\u0103 de mesteac\u0103n, acid hialuronic, cafea verde, cafea robusta, mentol, peptide, vitamina E.<\/p>\r\n<p data-start=\"2048\" data-end=\"2246\">\ud83d\udd38 <strong data-start=\"2051\" data-end=\"2077\">Hydro Cream 24h, 50 ml<\/strong><br data-start=\"2077\" data-end=\"2080\" \/>\u2014 Hidrateaz\u0103 \u0219i hr\u0103ne\u0219te intens pe tot parcursul zilei<br data-start=\"2134\" data-end=\"2137\" \/>\u2014 Catifeleaz\u0103, calmeaz\u0103 \u0219i neteze\u0219te pielea<br data-start=\"2180\" data-end=\"2183\" \/>\u2014 Reduce semnele \u00eemb\u0103tr\u00e2nirii<br data-start=\"2212\" data-end=\"2215\" \/>\u2014 Confer\u0103 prospe\u021bime \u0219i confort<\/p>\r\n<p data-start=\"2248\" data-end=\"2402\"><strong data-start=\"2248\" data-end=\"2270\">Ingrediente cheie:<\/strong><br data-start=\"2270\" data-end=\"2273\" \/>Pantenol, ulei de migdale dulci, ulei de m\u0103sline, ulei de avocado, extract de sfecl\u0103, cafea verde, r\u0103d\u0103cin\u0103 de kudzu, vitamina E.<\/p>\r\n<p data-start=\"2404\" data-end=\"2546\"><strong data-start=\"2404\" data-end=\"2421\">Ideal pentru:<\/strong><br data-start=\"2421\" data-end=\"2424\" \/>\u2714 B\u0103rba\u021bi cu stil de via\u021b\u0103 activ<br data-start=\"2456\" data-end=\"2459\" \/>\u2714 Piele cu semne de stres, oboseal\u0103 sau irita\u021bie<br data-start=\"2507\" data-end=\"2510\" \/>\u2714 \u00cengrijire zilnic\u0103 \u00een orice anotimp<\/p>\r\n<p data-start=\"2548\" data-end=\"2716\"><strong data-start=\"2548\" data-end=\"2557\">KLAPP<\/strong> \u00eenseamn\u0103 formule performante, precizie \u0219tiin\u021bific\u0103 \u0219i calitate german\u0103 recunoscut\u0103.<br data-start=\"2641\" data-end=\"2644\" \/>Ofer\u0103 \u00een dar \u00eencredere \u0219i \u00eengrijire \u2014 \u00eentr-un format elegant \u0219i practic.<\/p>","protected":false},"featured_media":6293,"comment_status":"open","ping_status":"closed","template":"","meta":{"_acf_changed":false},"product_brand":[],"product_cat":[154,242,193,227,230],"product_tag":[],"class_list":{"0":"post-6296","1":"product","2":"type-product","3":"status-publish","4":"has-post-thumbnail","6":"product_cat-cadouri","7":"product_cat-23-februarie","8":"product_cat-barbati","9":"product_cat-nasi","10":"product_cat-tata","12":"first","13":"instock","14":"shipping-taxable","15":"purchasable","16":"product-type-simple"},"acf":[],"yoast_head":"<!-- This site is optimized with the Yoast SEO plugin v26.8 - https:\/\/yoast.com\/product\/yoast-seo-wordpress\/ -->\n<title>Set de \u00eengrijire a fe\u021bei pentru b\u0103rba\u021bi: Ser crem\u0103 \/ Men Face Care Set - \u043a\u0443\u043f\u0438\u0442\u044c \u043e\u043d\u043b\u0430\u0439\u043d \u0432 \u041a\u0438\u0448\u0438\u043d\u0435\u0432\u0435, \u041c\u043e\u043b\u0434\u043e\u0432\u0430 | BirdsFlowers<\/title>\n<meta name=\"description\" content=\"\u042d\u043a\u0441\u043a\u043b\u044e\u0437\u0438\u0432\u043d\u044b\u0439 \u0438 \u044f\u0440\u043a\u0438\u0439 Set de \u00eengrijire a fe\u021bei pentru b\u0103rba\u021bi: Ser crem\u0103 \/ Men Face Care Set \u043e\u0442 BirdsFlowers \u0434\u043b\u044f \u043b\u044e\u0431\u043e\u0433\u043e \u0441\u043b\u0443\u0447\u0430\u044f! \ud83c\udf38 \u0414\u043e\u0441\u0442\u0430\u0432\u043a\u0430 \u043f\u043e \u0432\u0441\u0435\u0439 \u041c\u043e\u043b\u0434\u043e\u0432\u0435 \u043a\u0440\u0443\u0433\u043b\u043e\u0441\u0443\u0442\u043e\u0447\u043d\u043e 24\/7 \ud83c\udf1f \u0421\u0432\u0435\u0436\u0435\u0441\u0442\u044c, \u043a\u0430\u0447\u0435\u0441\u0442\u0432\u043e \u0438 \u0431\u044b\u0441\u0442\u0440\u0430\u044f \u0434\u043e\u0441\u0442\u0430\u0432\u043a\u0430! \u260e +373 79 540 540\" \/>\n<meta name=\"robots\" content=\"index, follow, max-snippet:-1, max-image-preview:large, max-video-preview:-1\" \/>\n<link rel=\"canonical\" href=\"https:\/\/birdsflowers.md\/ro\/product\/muzhskoj-nabor-dlya-licza-klapp-syvorotka-gidrokrem\/\" \/>\n<meta property=\"og:locale\" content=\"ro_RO\" \/>\n<meta property=\"og:type\" content=\"article\" \/>\n<meta property=\"og:title\" content=\"Set de \u00eengrijire a fe\u021bei pentru b\u0103rba\u021bi: Ser crem\u0103 \/ Men Face Care Set - \u043a\u0443\u043f\u0438\u0442\u044c \u043e\u043d\u043b\u0430\u0439\u043d \u0432 \u041a\u0438\u0448\u0438\u043d\u0435\u0432\u0435, \u041c\u043e\u043b\u0434\u043e\u0432\u0430 | BirdsFlowers\" \/>\n<meta property=\"og:description\" content=\"\u042d\u043a\u0441\u043a\u043b\u044e\u0437\u0438\u0432\u043d\u044b\u0439 \u0438 \u044f\u0440\u043a\u0438\u0439 Set de \u00eengrijire a fe\u021bei pentru b\u0103rba\u021bi: Ser crem\u0103 \/ Men Face Care Set \u043e\u0442 BirdsFlowers \u0434\u043b\u044f \u043b\u044e\u0431\u043e\u0433\u043e \u0441\u043b\u0443\u0447\u0430\u044f! \ud83c\udf38 \u0414\u043e\u0441\u0442\u0430\u0432\u043a\u0430 \u043f\u043e \u0432\u0441\u0435\u0439 \u041c\u043e\u043b\u0434\u043e\u0432\u0435 \u043a\u0440\u0443\u0433\u043b\u043e\u0441\u0443\u0442\u043e\u0447\u043d\u043e 24\/7 \ud83c\udf1f \u0421\u0432\u0435\u0436\u0435\u0441\u0442\u044c, \u043a\u0430\u0447\u0435\u0441\u0442\u0432\u043e \u0438 \u0431\u044b\u0441\u0442\u0440\u0430\u044f \u0434\u043e\u0441\u0442\u0430\u0432\u043a\u0430! \u260e +373 79 540 540\" \/>\n<meta property=\"og:url\" content=\"https:\/\/birdsflowers.md\/ro\/product\/muzhskoj-nabor-dlya-licza-klapp-syvorotka-gidrokrem\/\" \/>\n<meta property=\"og:site_name\" content=\"Birds&amp;Flowers\" \/>\n<meta property=\"article:modified_time\" content=\"2025-06-18T14:59:57+00:00\" \/>\n<meta property=\"og:image\" content=\"https:\/\/birdsflowers.md\/wp-content\/uploads\/2025\/06\/06jkwlqvgcv2zypn06c0g1b7mngy03gv-1-1-1.jpg\" \/>\n\t<meta property=\"og:image:width\" content=\"800\" \/>\n\t<meta property=\"og:image:height\" content=\"800\" \/>\n\t<meta property=\"og:image:type\" content=\"image\/jpeg\" \/>\n<meta name=\"twitter:card\" content=\"summary_large_image\" \/>\n<meta name=\"twitter:label1\" content=\"Timp estimat pentru citire\" \/>\n\t<meta name=\"twitter:data1\" content=\"1 minut\" \/>\n<script type=\"application\/ld+json\" class=\"yoast-schema-graph\">{\"@context\":\"https:\/\/schema.org\",\"@graph\":[{\"@type\":[\"WebPage\",\"ItemPage\"],\"@id\":\"https:\/\/birdsflowers.md\/ro\/product\/muzhskoj-nabor-dlya-licza-klapp-syvorotka-gidrokrem\/\",\"url\":\"https:\/\/birdsflowers.md\/ro\/product\/muzhskoj-nabor-dlya-licza-klapp-syvorotka-gidrokrem\/\",\"name\":\"Set de \u00eengrijire a fe\u021bei pentru b\u0103rba\u021bi: Ser crem\u0103 \/ Men Face Care Set - \u043a\u0443\u043f\u0438\u0442\u044c \u043e\u043d\u043b\u0430\u0439\u043d \u0432 \u041a\u0438\u0448\u0438\u043d\u0435\u0432\u0435, \u041c\u043e\u043b\u0434\u043e\u0432\u0430 | BirdsFlowers\",\"isPartOf\":{\"@id\":\"https:\/\/birdsflowers.md\/ro\/#website\"},\"primaryImageOfPage\":{\"@id\":\"https:\/\/birdsflowers.md\/ro\/product\/muzhskoj-nabor-dlya-licza-klapp-syvorotka-gidrokrem\/#primaryimage\"},\"image\":{\"@id\":\"https:\/\/birdsflowers.md\/ro\/product\/muzhskoj-nabor-dlya-licza-klapp-syvorotka-gidrokrem\/#primaryimage\"},\"thumbnailUrl\":\"https:\/\/birdsflowers.md\/wp-content\/uploads\/2025\/06\/06jkwlqvgcv2zypn06c0g1b7mngy03gv-1-1-1.jpg\",\"datePublished\":\"2025-06-18T14:55:22+00:00\",\"dateModified\":\"2025-06-18T14:59:57+00:00\",\"description\":\"\u042d\u043a\u0441\u043a\u043b\u044e\u0437\u0438\u0432\u043d\u044b\u0439 \u0438 \u044f\u0440\u043a\u0438\u0439 Set de \u00eengrijire a fe\u021bei pentru b\u0103rba\u021bi: Ser crem\u0103 \/ Men Face Care Set \u043e\u0442 BirdsFlowers \u0434\u043b\u044f \u043b\u044e\u0431\u043e\u0433\u043e \u0441\u043b\u0443\u0447\u0430\u044f! \ud83c\udf38 \u0414\u043e\u0441\u0442\u0430\u0432\u043a\u0430 \u043f\u043e \u0432\u0441\u0435\u0439 \u041c\u043e\u043b\u0434\u043e\u0432\u0435 \u043a\u0440\u0443\u0433\u043b\u043e\u0441\u0443\u0442\u043e\u0447\u043d\u043e 24\/7 \ud83c\udf1f \u0421\u0432\u0435\u0436\u0435\u0441\u0442\u044c, \u043a\u0430\u0447\u0435\u0441\u0442\u0432\u043e \u0438 \u0431\u044b\u0441\u0442\u0440\u0430\u044f \u0434\u043e\u0441\u0442\u0430\u0432\u043a\u0430! \u260e +373 79 540 540\",\"breadcrumb\":{\"@id\":\"https:\/\/birdsflowers.md\/ro\/product\/muzhskoj-nabor-dlya-licza-klapp-syvorotka-gidrokrem\/#breadcrumb\"},\"inLanguage\":\"ro-RO\",\"potentialAction\":[{\"@type\":\"ReadAction\",\"target\":[\"https:\/\/birdsflowers.md\/ro\/product\/muzhskoj-nabor-dlya-licza-klapp-syvorotka-gidrokrem\/\"]}]},{\"@type\":\"ImageObject\",\"inLanguage\":\"ro-RO\",\"@id\":\"https:\/\/birdsflowers.md\/ro\/product\/muzhskoj-nabor-dlya-licza-klapp-syvorotka-gidrokrem\/#primaryimage\",\"url\":\"https:\/\/birdsflowers.md\/wp-content\/uploads\/2025\/06\/06jkwlqvgcv2zypn06c0g1b7mngy03gv-1-1-1.jpg\",\"contentUrl\":\"https:\/\/birdsflowers.md\/wp-content\/uploads\/2025\/06\/06jkwlqvgcv2zypn06c0g1b7mngy03gv-1-1-1.jpg\",\"width\":800,\"height\":800},{\"@type\":\"BreadcrumbList\",\"@id\":\"https:\/\/birdsflowers.md\/ro\/product\/muzhskoj-nabor-dlya-licza-klapp-syvorotka-gidrokrem\/#breadcrumb\",\"itemListElement\":[{\"@type\":\"ListItem\",\"position\":1,\"name\":\"\u0413\u043b\u0430\u0432\u043d\u0430\u044f \u0441\u0442\u0440\u0430\u043d\u0438\u0446\u0430\",\"item\":\"https:\/\/birdsflowers.md\/ro\/\"},{\"@type\":\"ListItem\",\"position\":2,\"name\":\"\u041c\u0430\u0433\u0430\u0437\u0438\u043d\",\"item\":\"https:\/\/birdsflowers.md\/en\/shop\/\"},{\"@type\":\"ListItem\",\"position\":3,\"name\":\"Set de \u00eengrijire a fe\u021bei pentru b\u0103rba\u021bi: Ser crem\u0103 \/ Men Face Care Set\"}]},{\"@type\":\"WebSite\",\"@id\":\"https:\/\/birdsflowers.md\/ro\/#website\",\"url\":\"https:\/\/birdsflowers.md\/ro\/\",\"name\":\"Birds Flowers\",\"description\":\"\",\"potentialAction\":[{\"@type\":\"SearchAction\",\"target\":{\"@type\":\"EntryPoint\",\"urlTemplate\":\"https:\/\/birdsflowers.md\/ro\/?s={search_term_string}\"},\"query-input\":{\"@type\":\"PropertyValueSpecification\",\"valueRequired\":true,\"valueName\":\"search_term_string\"}}],\"inLanguage\":\"ro-RO\"}]}<\/script>\n<!-- \/ Yoast SEO plugin. -->","yoast_head_json":{"title":"Set de \u00eengrijire a fe\u021bei pentru b\u0103rba\u021bi: Ser crem\u0103 \/ Men Face Care Set - \u043a\u0443\u043f\u0438\u0442\u044c \u043e\u043d\u043b\u0430\u0439\u043d \u0432 \u041a\u0438\u0448\u0438\u043d\u0435\u0432\u0435, \u041c\u043e\u043b\u0434\u043e\u0432\u0430 | BirdsFlowers","description":"\u042d\u043a\u0441\u043a\u043b\u044e\u0437\u0438\u0432\u043d\u044b\u0439 \u0438 \u044f\u0440\u043a\u0438\u0439 Set de \u00eengrijire a fe\u021bei pentru b\u0103rba\u021bi: Ser crem\u0103 \/ Men Face Care Set \u043e\u0442 BirdsFlowers \u0434\u043b\u044f \u043b\u044e\u0431\u043e\u0433\u043e \u0441\u043b\u0443\u0447\u0430\u044f! \ud83c\udf38 \u0414\u043e\u0441\u0442\u0430\u0432\u043a\u0430 \u043f\u043e \u0432\u0441\u0435\u0439 \u041c\u043e\u043b\u0434\u043e\u0432\u0435 \u043a\u0440\u0443\u0433\u043b\u043e\u0441\u0443\u0442\u043e\u0447\u043d\u043e 24\/7 \ud83c\udf1f \u0421\u0432\u0435\u0436\u0435\u0441\u0442\u044c, \u043a\u0430\u0447\u0435\u0441\u0442\u0432\u043e \u0438 \u0431\u044b\u0441\u0442\u0440\u0430\u044f \u0434\u043e\u0441\u0442\u0430\u0432\u043a\u0430! \u260e +373 79 540 540","robots":{"index":"index","follow":"follow","max-snippet":"max-snippet:-1","max-image-preview":"max-image-preview:large","max-video-preview":"max-video-preview:-1"},"canonical":"https:\/\/birdsflowers.md\/ro\/product\/muzhskoj-nabor-dlya-licza-klapp-syvorotka-gidrokrem\/","og_locale":"ro_RO","og_type":"article","og_title":"Set de \u00eengrijire a fe\u021bei pentru b\u0103rba\u021bi: Ser crem\u0103 \/ Men Face Care Set - \u043a\u0443\u043f\u0438\u0442\u044c \u043e\u043d\u043b\u0430\u0439\u043d \u0432 \u041a\u0438\u0448\u0438\u043d\u0435\u0432\u0435, \u041c\u043e\u043b\u0434\u043e\u0432\u0430 | BirdsFlowers","og_description":"\u042d\u043a\u0441\u043a\u043b\u044e\u0437\u0438\u0432\u043d\u044b\u0439 \u0438 \u044f\u0440\u043a\u0438\u0439 Set de \u00eengrijire a fe\u021bei pentru b\u0103rba\u021bi: Ser crem\u0103 \/ Men Face Care Set \u043e\u0442 BirdsFlowers \u0434\u043b\u044f \u043b\u044e\u0431\u043e\u0433\u043e \u0441\u043b\u0443\u0447\u0430\u044f! \ud83c\udf38 \u0414\u043e\u0441\u0442\u0430\u0432\u043a\u0430 \u043f\u043e \u0432\u0441\u0435\u0439 \u041c\u043e\u043b\u0434\u043e\u0432\u0435 \u043a\u0440\u0443\u0433\u043b\u043e\u0441\u0443\u0442\u043e\u0447\u043d\u043e 24\/7 \ud83c\udf1f \u0421\u0432\u0435\u0436\u0435\u0441\u0442\u044c, \u043a\u0430\u0447\u0435\u0441\u0442\u0432\u043e \u0438 \u0431\u044b\u0441\u0442\u0440\u0430\u044f \u0434\u043e\u0441\u0442\u0430\u0432\u043a\u0430! \u260e +373 79 540 540","og_url":"https:\/\/birdsflowers.md\/ro\/product\/muzhskoj-nabor-dlya-licza-klapp-syvorotka-gidrokrem\/","og_site_name":"Birds&amp;Flowers","article_modified_time":"2025-06-18T14:59:57+00:00","og_image":[{"width":800,"height":800,"url":"https:\/\/birdsflowers.md\/wp-content\/uploads\/2025\/06\/06jkwlqvgcv2zypn06c0g1b7mngy03gv-1-1-1.jpg","type":"image\/jpeg"}],"twitter_card":"summary_large_image","twitter_misc":{"Timp estimat pentru citire":"1 minut"},"schema":{"@context":"https:\/\/schema.org","@graph":[{"@type":["WebPage","ItemPage"],"@id":"https:\/\/birdsflowers.md\/ro\/product\/muzhskoj-nabor-dlya-licza-klapp-syvorotka-gidrokrem\/","url":"https:\/\/birdsflowers.md\/ro\/product\/muzhskoj-nabor-dlya-licza-klapp-syvorotka-gidrokrem\/","name":"Set de \u00eengrijire a fe\u021bei pentru b\u0103rba\u021bi: Ser crem\u0103 \/ Men Face Care Set - \u043a\u0443\u043f\u0438\u0442\u044c \u043e\u043d\u043b\u0430\u0439\u043d \u0432 \u041a\u0438\u0448\u0438\u043d\u0435\u0432\u0435, \u041c\u043e\u043b\u0434\u043e\u0432\u0430 | BirdsFlowers","isPartOf":{"@id":"https:\/\/birdsflowers.md\/ro\/#website"},"primaryImageOfPage":{"@id":"https:\/\/birdsflowers.md\/ro\/product\/muzhskoj-nabor-dlya-licza-klapp-syvorotka-gidrokrem\/#primaryimage"},"image":{"@id":"https:\/\/birdsflowers.md\/ro\/product\/muzhskoj-nabor-dlya-licza-klapp-syvorotka-gidrokrem\/#primaryimage"},"thumbnailUrl":"https:\/\/birdsflowers.md\/wp-content\/uploads\/2025\/06\/06jkwlqvgcv2zypn06c0g1b7mngy03gv-1-1-1.jpg","datePublished":"2025-06-18T14:55:22+00:00","dateModified":"2025-06-18T14:59:57+00:00","description":"\u042d\u043a\u0441\u043a\u043b\u044e\u0437\u0438\u0432\u043d\u044b\u0439 \u0438 \u044f\u0440\u043a\u0438\u0439 Set de \u00eengrijire a fe\u021bei pentru b\u0103rba\u021bi: Ser crem\u0103 \/ Men Face Care Set \u043e\u0442 BirdsFlowers \u0434\u043b\u044f \u043b\u044e\u0431\u043e\u0433\u043e \u0441\u043b\u0443\u0447\u0430\u044f! \ud83c\udf38 \u0414\u043e\u0441\u0442\u0430\u0432\u043a\u0430 \u043f\u043e \u0432\u0441\u0435\u0439 \u041c\u043e\u043b\u0434\u043e\u0432\u0435 \u043a\u0440\u0443\u0433\u043b\u043e\u0441\u0443\u0442\u043e\u0447\u043d\u043e 24\/7 \ud83c\udf1f \u0421\u0432\u0435\u0436\u0435\u0441\u0442\u044c, \u043a\u0430\u0447\u0435\u0441\u0442\u0432\u043e \u0438 \u0431\u044b\u0441\u0442\u0440\u0430\u044f \u0434\u043e\u0441\u0442\u0430\u0432\u043a\u0430! \u260e +373 79 540 540","breadcrumb":{"@id":"https:\/\/birdsflowers.md\/ro\/product\/muzhskoj-nabor-dlya-licza-klapp-syvorotka-gidrokrem\/#breadcrumb"},"inLanguage":"ro-RO","potentialAction":[{"@type":"ReadAction","target":["https:\/\/birdsflowers.md\/ro\/product\/muzhskoj-nabor-dlya-licza-klapp-syvorotka-gidrokrem\/"]}]},{"@type":"ImageObject","inLanguage":"ro-RO","@id":"https:\/\/birdsflowers.md\/ro\/product\/muzhskoj-nabor-dlya-licza-klapp-syvorotka-gidrokrem\/#primaryimage","url":"https:\/\/birdsflowers.md\/wp-content\/uploads\/2025\/06\/06jkwlqvgcv2zypn06c0g1b7mngy03gv-1-1-1.jpg","contentUrl":"https:\/\/birdsflowers.md\/wp-content\/uploads\/2025\/06\/06jkwlqvgcv2zypn06c0g1b7mngy03gv-1-1-1.jpg","width":800,"height":800},{"@type":"BreadcrumbList","@id":"https:\/\/birdsflowers.md\/ro\/product\/muzhskoj-nabor-dlya-licza-klapp-syvorotka-gidrokrem\/#breadcrumb","itemListElement":[{"@type":"ListItem","position":1,"name":"\u0413\u043b\u0430\u0432\u043d\u0430\u044f \u0441\u0442\u0440\u0430\u043d\u0438\u0446\u0430","item":"https:\/\/birdsflowers.md\/ro\/"},{"@type":"ListItem","position":2,"name":"\u041c\u0430\u0433\u0430\u0437\u0438\u043d","item":"https:\/\/birdsflowers.md\/en\/shop\/"},{"@type":"ListItem","position":3,"name":"Set de \u00eengrijire a fe\u021bei pentru b\u0103rba\u021bi: Ser crem\u0103 \/ Men Face Care Set"}]},{"@type":"WebSite","@id":"https:\/\/birdsflowers.md\/ro\/#website","url":"https:\/\/birdsflowers.md\/ro\/","name":"Birds Flowers","description":"","potentialAction":[{"@type":"SearchAction","target":{"@type":"EntryPoint","urlTemplate":"https:\/\/birdsflowers.md\/ro\/?s={search_term_string}"},"query-input":{"@type":"PropertyValueSpecification","valueRequired":true,"valueName":"search_term_string"}}],"inLanguage":"ro-RO"}]}},"_links":{"self":[{"href":"https:\/\/birdsflowers.md\/ro\/wp-json\/wp\/v2\/product\/6296","targetHints":{"allow":["GET"]}}],"collection":[{"href":"https:\/\/birdsflowers.md\/ro\/wp-json\/wp\/v2\/product"}],"about":[{"href":"https:\/\/birdsflowers.md\/ro\/wp-json\/wp\/v2\/types\/product"}],"replies":[{"embeddable":true,"href":"https:\/\/birdsflowers.md\/ro\/wp-json\/wp\/v2\/comments?post=6296"}],"wp:featuredmedia":[{"embeddable":true,"href":"https:\/\/birdsflowers.md\/ro\/wp-json\/wp\/v2\/media\/6293"}],"wp:attachment":[{"href":"https:\/\/birdsflowers.md\/ro\/wp-json\/wp\/v2\/media?parent=6296"}],"wp:term":[{"taxonomy":"product_brand","embeddable":true,"href":"https:\/\/birdsflowers.md\/ro\/wp-json\/wp\/v2\/product_brand?post=6296"},{"taxonomy":"product_cat","embeddable":true,"href":"https:\/\/birdsflowers.md\/ro\/wp-json\/wp\/v2\/product_cat?post=6296"},{"taxonomy":"product_tag","embeddable":true,"href":"https:\/\/birdsflowers.md\/ro\/wp-json\/wp\/v2\/product_tag?post=6296"}],"curies":[{"name":"wp","href":"https:\/\/api.w.org\/{rel}","templated":true}]}}