{"id":8321,"date":"2025-12-11T20:18:35","date_gmt":"2025-12-11T18:18:35","guid":{"rendered":"https:\/\/birdsflowers.md\/product\/novogodnij-venok-winter-citrus\/"},"modified":"2025-12-11T20:22:47","modified_gmt":"2025-12-11T18:22:47","slug":"novogodnij-venok-winter-citrus","status":"publish","type":"product","link":"https:\/\/birdsflowers.md\/ro\/product\/novogodnij-venok-winter-citrus\/","title":{"rendered":"Coroni\u021b\u0103 de Cr\u0103ciun \u201eWinter Citrus\u201d"},"content":{"rendered":"","protected":false},"excerpt":{"rendered":"<div class=\"flex flex-col text-sm @w-xl\/main:pt-header-height pb-25\"><article class=\"text-token-text-primary w-full focus:outline-none [--shadow-height:45px] has-data-writing-block:pointer-events-none has-data-writing-block:-mt-(--shadow-height) has-data-writing-block:pt-(--shadow-height) [&amp;:has([data-writing-block])&gt;*]:pointer-events-auto scroll-mt-[calc(var(--header-height)+min(200px,max(70px,20svh)))]\" dir=\"auto\" data-turn-id=\"request-WEB:9af800b2-a988-4e1b-b84e-98ee816bfa9c-22\" data-testid=\"conversation-turn-20\" data-scroll-anchor=\"true\" data-turn=\"assistant\">\r\n<div class=\"text-base my-auto mx-auto pb-10 [--thread-content-margin:--spacing(4)] @w-sm\/main:[--thread-content-margin:--spacing(6)] @w-lg\/main:[--thread-content-margin:--spacing(16)] px-(--thread-content-margin)\">\r\n<div class=\"[--thread-content-max-width:40rem] @w-lg\/main:[--thread-content-max-width:48rem] mx-auto max-w-(--thread-content-max-width) flex-1 group\/turn-messages focus-visible:outline-hidden relative flex w-full min-w-0 flex-col agent-turn\">\r\n<div class=\"flex max-w-full flex-col grow\">\r\n<div class=\"min-h-8 text-message relative flex w-full flex-col items-end gap-2 text-start break-words whitespace-normal [.text-message+&amp;]:mt-1\" dir=\"auto\" data-message-author-role=\"assistant\" data-message-id=\"4ecc485d-77c7-484b-9e77-7f087189b66e\" data-message-model-slug=\"gpt-5-1\">\r\n<div class=\"flex w-full flex-col gap-1 empty:hidden first:pt-[1px]\">\r\n<div class=\"markdown prose dark:prose-invert w-full break-words light markdown-new-styling\">\r\n<p data-start=\"422\" data-end=\"721\">O coroni\u021b\u0103 proasp\u0103t\u0103 de Cr\u0103ciun, realizat\u0103 din nobilis premium, decorat\u0103 cu felii luminoase de citrice, accente ro\u0219ii calde \u0219i detalii aurii. Aroma delicat\u0103 de brad \u0219i mirodenii creeaz\u0103 senza\u021bia unei magii de iarn\u0103, iar detaliile str\u0103lucitoare par s\u0103 ilumineze spa\u021biul cu o lumin\u0103 festiv\u0103 \u0219i bl\u00e2nd\u0103.<\/p>\r\n<p data-start=\"723\" data-end=\"820\" data-is-last-node=\"\" data-is-only-node=\"\">Aceast\u0103 compozi\u021bie aduce \u00een cas\u0103 o atmosfer\u0103 de confort, c\u0103ldur\u0103 \u0219i farmec lini\u0219tit de decembrie.<\/p>\r\n\r\n<\/div>\r\n<\/div>\r\n<\/div>\r\n<\/div>\r\n<div class=\"z-0 flex min-h-[46px] justify-start\"><\/div>\r\n<div class=\"mt-3 w-full empty:hidden\">\r\n<div class=\"text-center\"><\/div>\r\n<\/div>\r\n<\/div>\r\n<\/div>\r\n<\/article><\/div>\r\n<div class=\"pointer-events-none h-px w-px absolute bottom-0\" aria-hidden=\"true\" data-edge=\"true\"><\/div>","protected":false},"featured_media":8319,"comment_status":"open","ping_status":"closed","template":"","meta":{"_acf_changed":false},"product_brand":[],"product_cat":[519],"product_tag":[],"class_list":{"0":"post-8321","1":"product","2":"type-product","3":"status-publish","4":"has-post-thumbnail","6":"product_cat-buchete-si-compozitii-de-anul-nou","8":"first","9":"outofstock","10":"shipping-taxable","11":"purchasable","12":"product-type-simple"},"acf":[],"yoast_head":"<!-- This site is optimized with the Yoast SEO plugin v26.8 - https:\/\/yoast.com\/product\/yoast-seo-wordpress\/ -->\n<title>Coroni\u021b\u0103 de Cr\u0103ciun \u201eWinter Citrus\u201d - \u043a\u0443\u043f\u0438\u0442\u044c \u043e\u043d\u043b\u0430\u0439\u043d \u0432 \u041a\u0438\u0448\u0438\u043d\u0435\u0432\u0435, \u041c\u043e\u043b\u0434\u043e\u0432\u0430 | BirdsFlowers<\/title>\n<meta name=\"description\" content=\"\u042d\u043a\u0441\u043a\u043b\u044e\u0437\u0438\u0432\u043d\u044b\u0439 \u0438 \u044f\u0440\u043a\u0438\u0439 Coroni\u021b\u0103 de Cr\u0103ciun \u201eWinter Citrus\u201d \u043e\u0442 BirdsFlowers \u0434\u043b\u044f \u043b\u044e\u0431\u043e\u0433\u043e \u0441\u043b\u0443\u0447\u0430\u044f! \ud83c\udf38 \u0414\u043e\u0441\u0442\u0430\u0432\u043a\u0430 \u043f\u043e \u0432\u0441\u0435\u0439 \u041c\u043e\u043b\u0434\u043e\u0432\u0435 \u043a\u0440\u0443\u0433\u043b\u043e\u0441\u0443\u0442\u043e\u0447\u043d\u043e 24\/7 \ud83c\udf1f \u0421\u0432\u0435\u0436\u0435\u0441\u0442\u044c, \u043a\u0430\u0447\u0435\u0441\u0442\u0432\u043e \u0438 \u0431\u044b\u0441\u0442\u0440\u0430\u044f \u0434\u043e\u0441\u0442\u0430\u0432\u043a\u0430! \u260e +373 79 540 540\" \/>\n<meta name=\"robots\" content=\"index, follow, max-snippet:-1, max-image-preview:large, max-video-preview:-1\" \/>\n<link rel=\"canonical\" href=\"https:\/\/birdsflowers.md\/ro\/product\/novogodnij-venok-winter-citrus\/\" \/>\n<meta property=\"og:locale\" content=\"ro_RO\" \/>\n<meta property=\"og:type\" content=\"article\" \/>\n<meta property=\"og:title\" content=\"Coroni\u021b\u0103 de Cr\u0103ciun \u201eWinter Citrus\u201d - \u043a\u0443\u043f\u0438\u0442\u044c \u043e\u043d\u043b\u0430\u0439\u043d \u0432 \u041a\u0438\u0448\u0438\u043d\u0435\u0432\u0435, \u041c\u043e\u043b\u0434\u043e\u0432\u0430 | BirdsFlowers\" \/>\n<meta property=\"og:description\" content=\"\u042d\u043a\u0441\u043a\u043b\u044e\u0437\u0438\u0432\u043d\u044b\u0439 \u0438 \u044f\u0440\u043a\u0438\u0439 Coroni\u021b\u0103 de Cr\u0103ciun \u201eWinter Citrus\u201d \u043e\u0442 BirdsFlowers \u0434\u043b\u044f \u043b\u044e\u0431\u043e\u0433\u043e \u0441\u043b\u0443\u0447\u0430\u044f! \ud83c\udf38 \u0414\u043e\u0441\u0442\u0430\u0432\u043a\u0430 \u043f\u043e \u0432\u0441\u0435\u0439 \u041c\u043e\u043b\u0434\u043e\u0432\u0435 \u043a\u0440\u0443\u0433\u043b\u043e\u0441\u0443\u0442\u043e\u0447\u043d\u043e 24\/7 \ud83c\udf1f \u0421\u0432\u0435\u0436\u0435\u0441\u0442\u044c, \u043a\u0430\u0447\u0435\u0441\u0442\u0432\u043e \u0438 \u0431\u044b\u0441\u0442\u0440\u0430\u044f \u0434\u043e\u0441\u0442\u0430\u0432\u043a\u0430! \u260e +373 79 540 540\" \/>\n<meta property=\"og:url\" content=\"https:\/\/birdsflowers.md\/ro\/product\/novogodnij-venok-winter-citrus\/\" \/>\n<meta property=\"og:site_name\" content=\"Birds&amp;Flowers\" \/>\n<meta property=\"article:modified_time\" content=\"2025-12-11T18:22:47+00:00\" \/>\n<meta property=\"og:image\" content=\"https:\/\/birdsflowers.md\/wp-content\/uploads\/2025\/12\/venok1.jpg\" \/>\n\t<meta property=\"og:image:width\" content=\"944\" \/>\n\t<meta property=\"og:image:height\" content=\"1063\" \/>\n\t<meta property=\"og:image:type\" content=\"image\/jpeg\" \/>\n<meta name=\"twitter:card\" content=\"summary_large_image\" \/>\n<meta name=\"twitter:label1\" content=\"Timp estimat pentru citire\" \/>\n\t<meta name=\"twitter:data1\" content=\"1 minut\" \/>\n<script type=\"application\/ld+json\" class=\"yoast-schema-graph\">{\"@context\":\"https:\/\/schema.org\",\"@graph\":[{\"@type\":[\"WebPage\",\"ItemPage\"],\"@id\":\"https:\/\/birdsflowers.md\/ro\/product\/novogodnij-venok-winter-citrus\/\",\"url\":\"https:\/\/birdsflowers.md\/ro\/product\/novogodnij-venok-winter-citrus\/\",\"name\":\"Coroni\u021b\u0103 de Cr\u0103ciun \u201eWinter Citrus\u201d - \u043a\u0443\u043f\u0438\u0442\u044c \u043e\u043d\u043b\u0430\u0439\u043d \u0432 \u041a\u0438\u0448\u0438\u043d\u0435\u0432\u0435, \u041c\u043e\u043b\u0434\u043e\u0432\u0430 | BirdsFlowers\",\"isPartOf\":{\"@id\":\"https:\/\/birdsflowers.md\/ro\/#website\"},\"primaryImageOfPage\":{\"@id\":\"https:\/\/birdsflowers.md\/ro\/product\/novogodnij-venok-winter-citrus\/#primaryimage\"},\"image\":{\"@id\":\"https:\/\/birdsflowers.md\/ro\/product\/novogodnij-venok-winter-citrus\/#primaryimage\"},\"thumbnailUrl\":\"https:\/\/birdsflowers.md\/wp-content\/uploads\/2025\/12\/venok1.jpg\",\"datePublished\":\"2025-12-11T18:18:35+00:00\",\"dateModified\":\"2025-12-11T18:22:47+00:00\",\"description\":\"\u042d\u043a\u0441\u043a\u043b\u044e\u0437\u0438\u0432\u043d\u044b\u0439 \u0438 \u044f\u0440\u043a\u0438\u0439 Coroni\u021b\u0103 de Cr\u0103ciun \u201eWinter Citrus\u201d \u043e\u0442 BirdsFlowers \u0434\u043b\u044f \u043b\u044e\u0431\u043e\u0433\u043e \u0441\u043b\u0443\u0447\u0430\u044f! \ud83c\udf38 \u0414\u043e\u0441\u0442\u0430\u0432\u043a\u0430 \u043f\u043e \u0432\u0441\u0435\u0439 \u041c\u043e\u043b\u0434\u043e\u0432\u0435 \u043a\u0440\u0443\u0433\u043b\u043e\u0441\u0443\u0442\u043e\u0447\u043d\u043e 24\/7 \ud83c\udf1f \u0421\u0432\u0435\u0436\u0435\u0441\u0442\u044c, \u043a\u0430\u0447\u0435\u0441\u0442\u0432\u043e \u0438 \u0431\u044b\u0441\u0442\u0440\u0430\u044f \u0434\u043e\u0441\u0442\u0430\u0432\u043a\u0430! \u260e +373 79 540 540\",\"breadcrumb\":{\"@id\":\"https:\/\/birdsflowers.md\/ro\/product\/novogodnij-venok-winter-citrus\/#breadcrumb\"},\"inLanguage\":\"ro-RO\",\"potentialAction\":[{\"@type\":\"ReadAction\",\"target\":[\"https:\/\/birdsflowers.md\/ro\/product\/novogodnij-venok-winter-citrus\/\"]}]},{\"@type\":\"ImageObject\",\"inLanguage\":\"ro-RO\",\"@id\":\"https:\/\/birdsflowers.md\/ro\/product\/novogodnij-venok-winter-citrus\/#primaryimage\",\"url\":\"https:\/\/birdsflowers.md\/wp-content\/uploads\/2025\/12\/venok1.jpg\",\"contentUrl\":\"https:\/\/birdsflowers.md\/wp-content\/uploads\/2025\/12\/venok1.jpg\",\"width\":944,\"height\":1063},{\"@type\":\"BreadcrumbList\",\"@id\":\"https:\/\/birdsflowers.md\/ro\/product\/novogodnij-venok-winter-citrus\/#breadcrumb\",\"itemListElement\":[{\"@type\":\"ListItem\",\"position\":1,\"name\":\"\u0413\u043b\u0430\u0432\u043d\u0430\u044f \u0441\u0442\u0440\u0430\u043d\u0438\u0446\u0430\",\"item\":\"https:\/\/birdsflowers.md\/ro\/\"},{\"@type\":\"ListItem\",\"position\":2,\"name\":\"\u041c\u0430\u0433\u0430\u0437\u0438\u043d\",\"item\":\"https:\/\/birdsflowers.md\/en\/shop\/\"},{\"@type\":\"ListItem\",\"position\":3,\"name\":\"Coroni\u021b\u0103 de Cr\u0103ciun \u201eWinter Citrus\u201d\"}]},{\"@type\":\"WebSite\",\"@id\":\"https:\/\/birdsflowers.md\/ro\/#website\",\"url\":\"https:\/\/birdsflowers.md\/ro\/\",\"name\":\"Birds Flowers\",\"description\":\"\",\"potentialAction\":[{\"@type\":\"SearchAction\",\"target\":{\"@type\":\"EntryPoint\",\"urlTemplate\":\"https:\/\/birdsflowers.md\/ro\/?s={search_term_string}\"},\"query-input\":{\"@type\":\"PropertyValueSpecification\",\"valueRequired\":true,\"valueName\":\"search_term_string\"}}],\"inLanguage\":\"ro-RO\"}]}<\/script>\n<!-- \/ Yoast SEO plugin. -->","yoast_head_json":{"title":"Coroni\u021b\u0103 de Cr\u0103ciun \u201eWinter Citrus\u201d - \u043a\u0443\u043f\u0438\u0442\u044c \u043e\u043d\u043b\u0430\u0439\u043d \u0432 \u041a\u0438\u0448\u0438\u043d\u0435\u0432\u0435, \u041c\u043e\u043b\u0434\u043e\u0432\u0430 | BirdsFlowers","description":"\u042d\u043a\u0441\u043a\u043b\u044e\u0437\u0438\u0432\u043d\u044b\u0439 \u0438 \u044f\u0440\u043a\u0438\u0439 Coroni\u021b\u0103 de Cr\u0103ciun \u201eWinter Citrus\u201d \u043e\u0442 BirdsFlowers \u0434\u043b\u044f \u043b\u044e\u0431\u043e\u0433\u043e \u0441\u043b\u0443\u0447\u0430\u044f! \ud83c\udf38 \u0414\u043e\u0441\u0442\u0430\u0432\u043a\u0430 \u043f\u043e \u0432\u0441\u0435\u0439 \u041c\u043e\u043b\u0434\u043e\u0432\u0435 \u043a\u0440\u0443\u0433\u043b\u043e\u0441\u0443\u0442\u043e\u0447\u043d\u043e 24\/7 \ud83c\udf1f \u0421\u0432\u0435\u0436\u0435\u0441\u0442\u044c, \u043a\u0430\u0447\u0435\u0441\u0442\u0432\u043e \u0438 \u0431\u044b\u0441\u0442\u0440\u0430\u044f \u0434\u043e\u0441\u0442\u0430\u0432\u043a\u0430! \u260e +373 79 540 540","robots":{"index":"index","follow":"follow","max-snippet":"max-snippet:-1","max-image-preview":"max-image-preview:large","max-video-preview":"max-video-preview:-1"},"canonical":"https:\/\/birdsflowers.md\/ro\/product\/novogodnij-venok-winter-citrus\/","og_locale":"ro_RO","og_type":"article","og_title":"Coroni\u021b\u0103 de Cr\u0103ciun \u201eWinter Citrus\u201d - \u043a\u0443\u043f\u0438\u0442\u044c \u043e\u043d\u043b\u0430\u0439\u043d \u0432 \u041a\u0438\u0448\u0438\u043d\u0435\u0432\u0435, \u041c\u043e\u043b\u0434\u043e\u0432\u0430 | BirdsFlowers","og_description":"\u042d\u043a\u0441\u043a\u043b\u044e\u0437\u0438\u0432\u043d\u044b\u0439 \u0438 \u044f\u0440\u043a\u0438\u0439 Coroni\u021b\u0103 de Cr\u0103ciun \u201eWinter Citrus\u201d \u043e\u0442 BirdsFlowers \u0434\u043b\u044f \u043b\u044e\u0431\u043e\u0433\u043e \u0441\u043b\u0443\u0447\u0430\u044f! \ud83c\udf38 \u0414\u043e\u0441\u0442\u0430\u0432\u043a\u0430 \u043f\u043e \u0432\u0441\u0435\u0439 \u041c\u043e\u043b\u0434\u043e\u0432\u0435 \u043a\u0440\u0443\u0433\u043b\u043e\u0441\u0443\u0442\u043e\u0447\u043d\u043e 24\/7 \ud83c\udf1f \u0421\u0432\u0435\u0436\u0435\u0441\u0442\u044c, \u043a\u0430\u0447\u0435\u0441\u0442\u0432\u043e \u0438 \u0431\u044b\u0441\u0442\u0440\u0430\u044f \u0434\u043e\u0441\u0442\u0430\u0432\u043a\u0430! \u260e +373 79 540 540","og_url":"https:\/\/birdsflowers.md\/ro\/product\/novogodnij-venok-winter-citrus\/","og_site_name":"Birds&amp;Flowers","article_modified_time":"2025-12-11T18:22:47+00:00","og_image":[{"width":944,"height":1063,"url":"https:\/\/birdsflowers.md\/wp-content\/uploads\/2025\/12\/venok1.jpg","type":"image\/jpeg"}],"twitter_card":"summary_large_image","twitter_misc":{"Timp estimat pentru citire":"1 minut"},"schema":{"@context":"https:\/\/schema.org","@graph":[{"@type":["WebPage","ItemPage"],"@id":"https:\/\/birdsflowers.md\/ro\/product\/novogodnij-venok-winter-citrus\/","url":"https:\/\/birdsflowers.md\/ro\/product\/novogodnij-venok-winter-citrus\/","name":"Coroni\u021b\u0103 de Cr\u0103ciun \u201eWinter Citrus\u201d - \u043a\u0443\u043f\u0438\u0442\u044c \u043e\u043d\u043b\u0430\u0439\u043d \u0432 \u041a\u0438\u0448\u0438\u043d\u0435\u0432\u0435, \u041c\u043e\u043b\u0434\u043e\u0432\u0430 | BirdsFlowers","isPartOf":{"@id":"https:\/\/birdsflowers.md\/ro\/#website"},"primaryImageOfPage":{"@id":"https:\/\/birdsflowers.md\/ro\/product\/novogodnij-venok-winter-citrus\/#primaryimage"},"image":{"@id":"https:\/\/birdsflowers.md\/ro\/product\/novogodnij-venok-winter-citrus\/#primaryimage"},"thumbnailUrl":"https:\/\/birdsflowers.md\/wp-content\/uploads\/2025\/12\/venok1.jpg","datePublished":"2025-12-11T18:18:35+00:00","dateModified":"2025-12-11T18:22:47+00:00","description":"\u042d\u043a\u0441\u043a\u043b\u044e\u0437\u0438\u0432\u043d\u044b\u0439 \u0438 \u044f\u0440\u043a\u0438\u0439 Coroni\u021b\u0103 de Cr\u0103ciun \u201eWinter Citrus\u201d \u043e\u0442 BirdsFlowers \u0434\u043b\u044f \u043b\u044e\u0431\u043e\u0433\u043e \u0441\u043b\u0443\u0447\u0430\u044f! \ud83c\udf38 \u0414\u043e\u0441\u0442\u0430\u0432\u043a\u0430 \u043f\u043e \u0432\u0441\u0435\u0439 \u041c\u043e\u043b\u0434\u043e\u0432\u0435 \u043a\u0440\u0443\u0433\u043b\u043e\u0441\u0443\u0442\u043e\u0447\u043d\u043e 24\/7 \ud83c\udf1f \u0421\u0432\u0435\u0436\u0435\u0441\u0442\u044c, \u043a\u0430\u0447\u0435\u0441\u0442\u0432\u043e \u0438 \u0431\u044b\u0441\u0442\u0440\u0430\u044f \u0434\u043e\u0441\u0442\u0430\u0432\u043a\u0430! \u260e +373 79 540 540","breadcrumb":{"@id":"https:\/\/birdsflowers.md\/ro\/product\/novogodnij-venok-winter-citrus\/#breadcrumb"},"inLanguage":"ro-RO","potentialAction":[{"@type":"ReadAction","target":["https:\/\/birdsflowers.md\/ro\/product\/novogodnij-venok-winter-citrus\/"]}]},{"@type":"ImageObject","inLanguage":"ro-RO","@id":"https:\/\/birdsflowers.md\/ro\/product\/novogodnij-venok-winter-citrus\/#primaryimage","url":"https:\/\/birdsflowers.md\/wp-content\/uploads\/2025\/12\/venok1.jpg","contentUrl":"https:\/\/birdsflowers.md\/wp-content\/uploads\/2025\/12\/venok1.jpg","width":944,"height":1063},{"@type":"BreadcrumbList","@id":"https:\/\/birdsflowers.md\/ro\/product\/novogodnij-venok-winter-citrus\/#breadcrumb","itemListElement":[{"@type":"ListItem","position":1,"name":"\u0413\u043b\u0430\u0432\u043d\u0430\u044f \u0441\u0442\u0440\u0430\u043d\u0438\u0446\u0430","item":"https:\/\/birdsflowers.md\/ro\/"},{"@type":"ListItem","position":2,"name":"\u041c\u0430\u0433\u0430\u0437\u0438\u043d","item":"https:\/\/birdsflowers.md\/en\/shop\/"},{"@type":"ListItem","position":3,"name":"Coroni\u021b\u0103 de Cr\u0103ciun \u201eWinter Citrus\u201d"}]},{"@type":"WebSite","@id":"https:\/\/birdsflowers.md\/ro\/#website","url":"https:\/\/birdsflowers.md\/ro\/","name":"Birds Flowers","description":"","potentialAction":[{"@type":"SearchAction","target":{"@type":"EntryPoint","urlTemplate":"https:\/\/birdsflowers.md\/ro\/?s={search_term_string}"},"query-input":{"@type":"PropertyValueSpecification","valueRequired":true,"valueName":"search_term_string"}}],"inLanguage":"ro-RO"}]}},"_links":{"self":[{"href":"https:\/\/birdsflowers.md\/ro\/wp-json\/wp\/v2\/product\/8321","targetHints":{"allow":["GET"]}}],"collection":[{"href":"https:\/\/birdsflowers.md\/ro\/wp-json\/wp\/v2\/product"}],"about":[{"href":"https:\/\/birdsflowers.md\/ro\/wp-json\/wp\/v2\/types\/product"}],"replies":[{"embeddable":true,"href":"https:\/\/birdsflowers.md\/ro\/wp-json\/wp\/v2\/comments?post=8321"}],"wp:featuredmedia":[{"embeddable":true,"href":"https:\/\/birdsflowers.md\/ro\/wp-json\/wp\/v2\/media\/8319"}],"wp:attachment":[{"href":"https:\/\/birdsflowers.md\/ro\/wp-json\/wp\/v2\/media?parent=8321"}],"wp:term":[{"taxonomy":"product_brand","embeddable":true,"href":"https:\/\/birdsflowers.md\/ro\/wp-json\/wp\/v2\/product_brand?post=8321"},{"taxonomy":"product_cat","embeddable":true,"href":"https:\/\/birdsflowers.md\/ro\/wp-json\/wp\/v2\/product_cat?post=8321"},{"taxonomy":"product_tag","embeddable":true,"href":"https:\/\/birdsflowers.md\/ro\/wp-json\/wp\/v2\/product_tag?post=8321"}],"curies":[{"name":"wp","href":"https:\/\/api.w.org\/{rel}","templated":true}]}}