{"id":8387,"date":"2025-12-12T10:08:54","date_gmt":"2025-12-12T08:08:54","guid":{"rendered":"https:\/\/birdsflowers.md\/product\/zimnij-buket-northern-berries\/"},"modified":"2025-12-12T10:20:14","modified_gmt":"2025-12-12T08:20:14","slug":"zimnij-buket-northern-berries","status":"publish","type":"product","link":"https:\/\/birdsflowers.md\/ro\/product\/zimnij-buket-northern-berries\/","title":{"rendered":"Buchet de iarn\u0103 \u201eNorthern Berries\u201d"},"content":{"rendered":"","protected":false},"excerpt":{"rendered":"<p data-start=\"493\" data-end=\"637\">Un buchet elegant de Cr\u0103ciun, realizat din crengi proaspete de conifere, decorat cu ramuri de ilex cu boabe ro\u0219ii intense \u0219i globuri decorative.<\/p>\r\n<p data-start=\"639\" data-end=\"940\" data-is-last-node=\"\" data-is-only-node=\"\">Contrastul dintre nuan\u021bele profunde de verde \u0219i accentele ro\u0219ii vibrante creeaz\u0103 o atmosfer\u0103 de confort clasic de Cr\u0103ciun. Compozi\u021bia umple spa\u021biul cu aroma p\u0103durii de iarn\u0103 \u0219i devine un accent festiv expresiv, ad\u0103ug\u00e2nd interiorului c\u0103ldur\u0103, elegan\u021b\u0103 \u0219i senza\u021bia unei adev\u0103rate s\u0103rb\u0103tori de decembrie.<\/p>","protected":false},"featured_media":8385,"comment_status":"open","ping_status":"closed","template":"","meta":{"_acf_changed":false},"product_brand":[],"product_cat":[519],"product_tag":[],"class_list":{"0":"post-8387","1":"product","2":"type-product","3":"status-publish","4":"has-post-thumbnail","6":"product_cat-buchete-si-compozitii-de-anul-nou","8":"first","9":"instock","10":"shipping-taxable","11":"purchasable","12":"product-type-simple"},"acf":[],"yoast_head":"<!-- This site is optimized with the Yoast SEO plugin v26.8 - https:\/\/yoast.com\/product\/yoast-seo-wordpress\/ -->\n<title>Buchet de iarn\u0103 \u201eNorthern Berries\u201d - \u043a\u0443\u043f\u0438\u0442\u044c \u043e\u043d\u043b\u0430\u0439\u043d \u0432 \u041a\u0438\u0448\u0438\u043d\u0435\u0432\u0435, \u041c\u043e\u043b\u0434\u043e\u0432\u0430 | BirdsFlowers<\/title>\n<meta name=\"description\" content=\"\u042d\u043a\u0441\u043a\u043b\u044e\u0437\u0438\u0432\u043d\u044b\u0439 \u0438 \u044f\u0440\u043a\u0438\u0439 Buchet de iarn\u0103 \u201eNorthern Berries\u201d \u043e\u0442 BirdsFlowers \u0434\u043b\u044f \u043b\u044e\u0431\u043e\u0433\u043e \u0441\u043b\u0443\u0447\u0430\u044f! \ud83c\udf38 \u0414\u043e\u0441\u0442\u0430\u0432\u043a\u0430 \u043f\u043e \u0432\u0441\u0435\u0439 \u041c\u043e\u043b\u0434\u043e\u0432\u0435 \u043a\u0440\u0443\u0433\u043b\u043e\u0441\u0443\u0442\u043e\u0447\u043d\u043e 24\/7 \ud83c\udf1f \u0421\u0432\u0435\u0436\u0435\u0441\u0442\u044c, \u043a\u0430\u0447\u0435\u0441\u0442\u0432\u043e \u0438 \u0431\u044b\u0441\u0442\u0440\u0430\u044f \u0434\u043e\u0441\u0442\u0430\u0432\u043a\u0430! \u260e +373 79 540 540\" \/>\n<meta name=\"robots\" content=\"index, follow, max-snippet:-1, max-image-preview:large, max-video-preview:-1\" \/>\n<link rel=\"canonical\" href=\"https:\/\/birdsflowers.md\/ro\/product\/zimnij-buket-northern-berries\/\" \/>\n<meta property=\"og:locale\" content=\"ro_RO\" \/>\n<meta property=\"og:type\" content=\"article\" \/>\n<meta property=\"og:title\" content=\"Buchet de iarn\u0103 \u201eNorthern Berries\u201d - \u043a\u0443\u043f\u0438\u0442\u044c \u043e\u043d\u043b\u0430\u0439\u043d \u0432 \u041a\u0438\u0448\u0438\u043d\u0435\u0432\u0435, \u041c\u043e\u043b\u0434\u043e\u0432\u0430 | BirdsFlowers\" \/>\n<meta property=\"og:description\" content=\"\u042d\u043a\u0441\u043a\u043b\u044e\u0437\u0438\u0432\u043d\u044b\u0439 \u0438 \u044f\u0440\u043a\u0438\u0439 Buchet de iarn\u0103 \u201eNorthern Berries\u201d \u043e\u0442 BirdsFlowers \u0434\u043b\u044f \u043b\u044e\u0431\u043e\u0433\u043e \u0441\u043b\u0443\u0447\u0430\u044f! \ud83c\udf38 \u0414\u043e\u0441\u0442\u0430\u0432\u043a\u0430 \u043f\u043e \u0432\u0441\u0435\u0439 \u041c\u043e\u043b\u0434\u043e\u0432\u0435 \u043a\u0440\u0443\u0433\u043b\u043e\u0441\u0443\u0442\u043e\u0447\u043d\u043e 24\/7 \ud83c\udf1f \u0421\u0432\u0435\u0436\u0435\u0441\u0442\u044c, \u043a\u0430\u0447\u0435\u0441\u0442\u0432\u043e \u0438 \u0431\u044b\u0441\u0442\u0440\u0430\u044f \u0434\u043e\u0441\u0442\u0430\u0432\u043a\u0430! \u260e +373 79 540 540\" \/>\n<meta property=\"og:url\" content=\"https:\/\/birdsflowers.md\/ro\/product\/zimnij-buket-northern-berries\/\" \/>\n<meta property=\"og:site_name\" content=\"Birds&amp;Flowers\" \/>\n<meta property=\"article:modified_time\" content=\"2025-12-12T08:20:14+00:00\" \/>\n<meta property=\"og:image\" content=\"https:\/\/birdsflowers.md\/wp-content\/uploads\/2025\/12\/buketng1.jpg\" \/>\n\t<meta property=\"og:image:width\" content=\"901\" \/>\n\t<meta property=\"og:image:height\" content=\"1037\" \/>\n\t<meta property=\"og:image:type\" content=\"image\/jpeg\" \/>\n<meta name=\"twitter:card\" content=\"summary_large_image\" \/>\n<meta name=\"twitter:label1\" content=\"Timp estimat pentru citire\" \/>\n\t<meta name=\"twitter:data1\" content=\"1 minut\" \/>\n<script type=\"application\/ld+json\" class=\"yoast-schema-graph\">{\"@context\":\"https:\/\/schema.org\",\"@graph\":[{\"@type\":[\"WebPage\",\"ItemPage\"],\"@id\":\"https:\/\/birdsflowers.md\/ro\/product\/zimnij-buket-northern-berries\/\",\"url\":\"https:\/\/birdsflowers.md\/ro\/product\/zimnij-buket-northern-berries\/\",\"name\":\"Buchet de iarn\u0103 \u201eNorthern Berries\u201d - \u043a\u0443\u043f\u0438\u0442\u044c \u043e\u043d\u043b\u0430\u0439\u043d \u0432 \u041a\u0438\u0448\u0438\u043d\u0435\u0432\u0435, \u041c\u043e\u043b\u0434\u043e\u0432\u0430 | BirdsFlowers\",\"isPartOf\":{\"@id\":\"https:\/\/birdsflowers.md\/ro\/#website\"},\"primaryImageOfPage\":{\"@id\":\"https:\/\/birdsflowers.md\/ro\/product\/zimnij-buket-northern-berries\/#primaryimage\"},\"image\":{\"@id\":\"https:\/\/birdsflowers.md\/ro\/product\/zimnij-buket-northern-berries\/#primaryimage\"},\"thumbnailUrl\":\"https:\/\/birdsflowers.md\/wp-content\/uploads\/2025\/12\/buketng1.jpg\",\"datePublished\":\"2025-12-12T08:08:54+00:00\",\"dateModified\":\"2025-12-12T08:20:14+00:00\",\"description\":\"\u042d\u043a\u0441\u043a\u043b\u044e\u0437\u0438\u0432\u043d\u044b\u0439 \u0438 \u044f\u0440\u043a\u0438\u0439 Buchet de iarn\u0103 \u201eNorthern Berries\u201d \u043e\u0442 BirdsFlowers \u0434\u043b\u044f \u043b\u044e\u0431\u043e\u0433\u043e \u0441\u043b\u0443\u0447\u0430\u044f! \ud83c\udf38 \u0414\u043e\u0441\u0442\u0430\u0432\u043a\u0430 \u043f\u043e \u0432\u0441\u0435\u0439 \u041c\u043e\u043b\u0434\u043e\u0432\u0435 \u043a\u0440\u0443\u0433\u043b\u043e\u0441\u0443\u0442\u043e\u0447\u043d\u043e 24\/7 \ud83c\udf1f \u0421\u0432\u0435\u0436\u0435\u0441\u0442\u044c, \u043a\u0430\u0447\u0435\u0441\u0442\u0432\u043e \u0438 \u0431\u044b\u0441\u0442\u0440\u0430\u044f \u0434\u043e\u0441\u0442\u0430\u0432\u043a\u0430! \u260e +373 79 540 540\",\"breadcrumb\":{\"@id\":\"https:\/\/birdsflowers.md\/ro\/product\/zimnij-buket-northern-berries\/#breadcrumb\"},\"inLanguage\":\"ro-RO\",\"potentialAction\":[{\"@type\":\"ReadAction\",\"target\":[\"https:\/\/birdsflowers.md\/ro\/product\/zimnij-buket-northern-berries\/\"]}]},{\"@type\":\"ImageObject\",\"inLanguage\":\"ro-RO\",\"@id\":\"https:\/\/birdsflowers.md\/ro\/product\/zimnij-buket-northern-berries\/#primaryimage\",\"url\":\"https:\/\/birdsflowers.md\/wp-content\/uploads\/2025\/12\/buketng1.jpg\",\"contentUrl\":\"https:\/\/birdsflowers.md\/wp-content\/uploads\/2025\/12\/buketng1.jpg\",\"width\":901,\"height\":1037},{\"@type\":\"BreadcrumbList\",\"@id\":\"https:\/\/birdsflowers.md\/ro\/product\/zimnij-buket-northern-berries\/#breadcrumb\",\"itemListElement\":[{\"@type\":\"ListItem\",\"position\":1,\"name\":\"\u0413\u043b\u0430\u0432\u043d\u0430\u044f \u0441\u0442\u0440\u0430\u043d\u0438\u0446\u0430\",\"item\":\"https:\/\/birdsflowers.md\/ro\/\"},{\"@type\":\"ListItem\",\"position\":2,\"name\":\"\u041c\u0430\u0433\u0430\u0437\u0438\u043d\",\"item\":\"https:\/\/birdsflowers.md\/en\/shop\/\"},{\"@type\":\"ListItem\",\"position\":3,\"name\":\"Buchet de iarn\u0103 \u201eNorthern Berries\u201d\"}]},{\"@type\":\"WebSite\",\"@id\":\"https:\/\/birdsflowers.md\/ro\/#website\",\"url\":\"https:\/\/birdsflowers.md\/ro\/\",\"name\":\"Birds Flowers\",\"description\":\"\",\"potentialAction\":[{\"@type\":\"SearchAction\",\"target\":{\"@type\":\"EntryPoint\",\"urlTemplate\":\"https:\/\/birdsflowers.md\/ro\/?s={search_term_string}\"},\"query-input\":{\"@type\":\"PropertyValueSpecification\",\"valueRequired\":true,\"valueName\":\"search_term_string\"}}],\"inLanguage\":\"ro-RO\"}]}<\/script>\n<!-- \/ Yoast SEO plugin. -->","yoast_head_json":{"title":"Buchet de iarn\u0103 \u201eNorthern Berries\u201d - \u043a\u0443\u043f\u0438\u0442\u044c \u043e\u043d\u043b\u0430\u0439\u043d \u0432 \u041a\u0438\u0448\u0438\u043d\u0435\u0432\u0435, \u041c\u043e\u043b\u0434\u043e\u0432\u0430 | BirdsFlowers","description":"\u042d\u043a\u0441\u043a\u043b\u044e\u0437\u0438\u0432\u043d\u044b\u0439 \u0438 \u044f\u0440\u043a\u0438\u0439 Buchet de iarn\u0103 \u201eNorthern Berries\u201d \u043e\u0442 BirdsFlowers \u0434\u043b\u044f \u043b\u044e\u0431\u043e\u0433\u043e \u0441\u043b\u0443\u0447\u0430\u044f! \ud83c\udf38 \u0414\u043e\u0441\u0442\u0430\u0432\u043a\u0430 \u043f\u043e \u0432\u0441\u0435\u0439 \u041c\u043e\u043b\u0434\u043e\u0432\u0435 \u043a\u0440\u0443\u0433\u043b\u043e\u0441\u0443\u0442\u043e\u0447\u043d\u043e 24\/7 \ud83c\udf1f \u0421\u0432\u0435\u0436\u0435\u0441\u0442\u044c, \u043a\u0430\u0447\u0435\u0441\u0442\u0432\u043e \u0438 \u0431\u044b\u0441\u0442\u0440\u0430\u044f \u0434\u043e\u0441\u0442\u0430\u0432\u043a\u0430! \u260e +373 79 540 540","robots":{"index":"index","follow":"follow","max-snippet":"max-snippet:-1","max-image-preview":"max-image-preview:large","max-video-preview":"max-video-preview:-1"},"canonical":"https:\/\/birdsflowers.md\/ro\/product\/zimnij-buket-northern-berries\/","og_locale":"ro_RO","og_type":"article","og_title":"Buchet de iarn\u0103 \u201eNorthern Berries\u201d - \u043a\u0443\u043f\u0438\u0442\u044c \u043e\u043d\u043b\u0430\u0439\u043d \u0432 \u041a\u0438\u0448\u0438\u043d\u0435\u0432\u0435, \u041c\u043e\u043b\u0434\u043e\u0432\u0430 | BirdsFlowers","og_description":"\u042d\u043a\u0441\u043a\u043b\u044e\u0437\u0438\u0432\u043d\u044b\u0439 \u0438 \u044f\u0440\u043a\u0438\u0439 Buchet de iarn\u0103 \u201eNorthern Berries\u201d \u043e\u0442 BirdsFlowers \u0434\u043b\u044f \u043b\u044e\u0431\u043e\u0433\u043e \u0441\u043b\u0443\u0447\u0430\u044f! \ud83c\udf38 \u0414\u043e\u0441\u0442\u0430\u0432\u043a\u0430 \u043f\u043e \u0432\u0441\u0435\u0439 \u041c\u043e\u043b\u0434\u043e\u0432\u0435 \u043a\u0440\u0443\u0433\u043b\u043e\u0441\u0443\u0442\u043e\u0447\u043d\u043e 24\/7 \ud83c\udf1f \u0421\u0432\u0435\u0436\u0435\u0441\u0442\u044c, \u043a\u0430\u0447\u0435\u0441\u0442\u0432\u043e \u0438 \u0431\u044b\u0441\u0442\u0440\u0430\u044f \u0434\u043e\u0441\u0442\u0430\u0432\u043a\u0430! \u260e +373 79 540 540","og_url":"https:\/\/birdsflowers.md\/ro\/product\/zimnij-buket-northern-berries\/","og_site_name":"Birds&amp;Flowers","article_modified_time":"2025-12-12T08:20:14+00:00","og_image":[{"width":901,"height":1037,"url":"https:\/\/birdsflowers.md\/wp-content\/uploads\/2025\/12\/buketng1.jpg","type":"image\/jpeg"}],"twitter_card":"summary_large_image","twitter_misc":{"Timp estimat pentru citire":"1 minut"},"schema":{"@context":"https:\/\/schema.org","@graph":[{"@type":["WebPage","ItemPage"],"@id":"https:\/\/birdsflowers.md\/ro\/product\/zimnij-buket-northern-berries\/","url":"https:\/\/birdsflowers.md\/ro\/product\/zimnij-buket-northern-berries\/","name":"Buchet de iarn\u0103 \u201eNorthern Berries\u201d - \u043a\u0443\u043f\u0438\u0442\u044c \u043e\u043d\u043b\u0430\u0439\u043d \u0432 \u041a\u0438\u0448\u0438\u043d\u0435\u0432\u0435, \u041c\u043e\u043b\u0434\u043e\u0432\u0430 | BirdsFlowers","isPartOf":{"@id":"https:\/\/birdsflowers.md\/ro\/#website"},"primaryImageOfPage":{"@id":"https:\/\/birdsflowers.md\/ro\/product\/zimnij-buket-northern-berries\/#primaryimage"},"image":{"@id":"https:\/\/birdsflowers.md\/ro\/product\/zimnij-buket-northern-berries\/#primaryimage"},"thumbnailUrl":"https:\/\/birdsflowers.md\/wp-content\/uploads\/2025\/12\/buketng1.jpg","datePublished":"2025-12-12T08:08:54+00:00","dateModified":"2025-12-12T08:20:14+00:00","description":"\u042d\u043a\u0441\u043a\u043b\u044e\u0437\u0438\u0432\u043d\u044b\u0439 \u0438 \u044f\u0440\u043a\u0438\u0439 Buchet de iarn\u0103 \u201eNorthern Berries\u201d \u043e\u0442 BirdsFlowers \u0434\u043b\u044f \u043b\u044e\u0431\u043e\u0433\u043e \u0441\u043b\u0443\u0447\u0430\u044f! \ud83c\udf38 \u0414\u043e\u0441\u0442\u0430\u0432\u043a\u0430 \u043f\u043e \u0432\u0441\u0435\u0439 \u041c\u043e\u043b\u0434\u043e\u0432\u0435 \u043a\u0440\u0443\u0433\u043b\u043e\u0441\u0443\u0442\u043e\u0447\u043d\u043e 24\/7 \ud83c\udf1f \u0421\u0432\u0435\u0436\u0435\u0441\u0442\u044c, \u043a\u0430\u0447\u0435\u0441\u0442\u0432\u043e \u0438 \u0431\u044b\u0441\u0442\u0440\u0430\u044f \u0434\u043e\u0441\u0442\u0430\u0432\u043a\u0430! \u260e +373 79 540 540","breadcrumb":{"@id":"https:\/\/birdsflowers.md\/ro\/product\/zimnij-buket-northern-berries\/#breadcrumb"},"inLanguage":"ro-RO","potentialAction":[{"@type":"ReadAction","target":["https:\/\/birdsflowers.md\/ro\/product\/zimnij-buket-northern-berries\/"]}]},{"@type":"ImageObject","inLanguage":"ro-RO","@id":"https:\/\/birdsflowers.md\/ro\/product\/zimnij-buket-northern-berries\/#primaryimage","url":"https:\/\/birdsflowers.md\/wp-content\/uploads\/2025\/12\/buketng1.jpg","contentUrl":"https:\/\/birdsflowers.md\/wp-content\/uploads\/2025\/12\/buketng1.jpg","width":901,"height":1037},{"@type":"BreadcrumbList","@id":"https:\/\/birdsflowers.md\/ro\/product\/zimnij-buket-northern-berries\/#breadcrumb","itemListElement":[{"@type":"ListItem","position":1,"name":"\u0413\u043b\u0430\u0432\u043d\u0430\u044f \u0441\u0442\u0440\u0430\u043d\u0438\u0446\u0430","item":"https:\/\/birdsflowers.md\/ro\/"},{"@type":"ListItem","position":2,"name":"\u041c\u0430\u0433\u0430\u0437\u0438\u043d","item":"https:\/\/birdsflowers.md\/en\/shop\/"},{"@type":"ListItem","position":3,"name":"Buchet de iarn\u0103 \u201eNorthern Berries\u201d"}]},{"@type":"WebSite","@id":"https:\/\/birdsflowers.md\/ro\/#website","url":"https:\/\/birdsflowers.md\/ro\/","name":"Birds Flowers","description":"","potentialAction":[{"@type":"SearchAction","target":{"@type":"EntryPoint","urlTemplate":"https:\/\/birdsflowers.md\/ro\/?s={search_term_string}"},"query-input":{"@type":"PropertyValueSpecification","valueRequired":true,"valueName":"search_term_string"}}],"inLanguage":"ro-RO"}]}},"_links":{"self":[{"href":"https:\/\/birdsflowers.md\/ro\/wp-json\/wp\/v2\/product\/8387","targetHints":{"allow":["GET"]}}],"collection":[{"href":"https:\/\/birdsflowers.md\/ro\/wp-json\/wp\/v2\/product"}],"about":[{"href":"https:\/\/birdsflowers.md\/ro\/wp-json\/wp\/v2\/types\/product"}],"replies":[{"embeddable":true,"href":"https:\/\/birdsflowers.md\/ro\/wp-json\/wp\/v2\/comments?post=8387"}],"wp:featuredmedia":[{"embeddable":true,"href":"https:\/\/birdsflowers.md\/ro\/wp-json\/wp\/v2\/media\/8385"}],"wp:attachment":[{"href":"https:\/\/birdsflowers.md\/ro\/wp-json\/wp\/v2\/media?parent=8387"}],"wp:term":[{"taxonomy":"product_brand","embeddable":true,"href":"https:\/\/birdsflowers.md\/ro\/wp-json\/wp\/v2\/product_brand?post=8387"},{"taxonomy":"product_cat","embeddable":true,"href":"https:\/\/birdsflowers.md\/ro\/wp-json\/wp\/v2\/product_cat?post=8387"},{"taxonomy":"product_tag","embeddable":true,"href":"https:\/\/birdsflowers.md\/ro\/wp-json\/wp\/v2\/product_tag?post=8387"}],"curies":[{"name":"wp","href":"https:\/\/api.w.org\/{rel}","templated":true}]}}